{"id":2632,"date":"2024-05-17T22:41:59","date_gmt":"2024-05-17T22:41:59","guid":{"rendered":"https:\/\/caso-centro.com\/?post_type=product&#038;p=2632"},"modified":"2026-04-02T03:54:29","modified_gmt":"2026-04-02T03:54:29","slug":"frozen-pork-flank-rind-on-and-red-and-white-meat","status":"publish","type":"product","link":"https:\/\/caso-centro.com\/vi\/san-pham\/frozen-pork-flank-rind-on-and-red-and-white-meat\/","title":{"rendered":"Th\u1ecbt th\u0103n heo \u0111\u00f4ng l\u1ea1nh, th\u1ecbt th\u0103n v\u00e0 th\u1ecbt \u0111\u1ecf v\u00e0 tr\u1eafng"},"content":{"rendered":"<h1><strong>Th\u1ecbt th\u0103n heo \u0111\u00f4ng l\u1ea1nh, th\u1ecbt th\u0103n v\u00e0 th\u1ecbt \u0111\u1ecf v\u00e0 tr\u1eafng<\/strong><\/h1>\n<p>Are you interested in Frozen Pork Flank, Rind-On and Red and White Meat ? At<strong> Caso \u2013 Centro De Abate De Su\u00ednos Do Oeste, SA <\/strong>we are specialized in the trade of high-quality Pork\u00a0<a href=\"https:\/\/carniques-juia.es\/categoria-producto\/leg-or-ham-products\/\" target=\"_blank\" rel=\"noopener\">S\u1ea2N PH\u1ea8M CH\u00c2N HO\u1eb6C GI\u00d2N<\/a>\u00a0and other quality\u00a0<a href=\"https:\/\/es.wikipedia.org\/wiki\/Carne_de_cerdo\" target=\"_blank\" rel=\"noopener\">Th\u1ecbt l\u1ee3n<\/a>\u00a0c\u1eaft. L\u00e0 m\u1ed9t nh\u00e0 kinh doanh qu\u1ed1c t\u1ebf c\u00e1c s\u1ea3n ph\u1ea9m th\u1ecbt l\u1ee3n, ch\u00fang t\u00f4i cung c\u1ea5p t\u1ea5t c\u1ea3 c\u00e1c lo\u1ea1i th\u1ecbt l\u1ee3n ch\u1ea5t l\u01b0\u1ee3ng cho Ch\u00e2u \u00c1, Ch\u00e2u \u00c2u, Ch\u00e2u Phi, \u00dac, B\u1eafc M\u1ef9 v\u00e0 Nam M\u1ef9.<\/p>\n<p><strong>Caso \u2013 Centro De Abate De Su\u00ednos Do Oeste, SA<\/strong> cung c\u1ea5p t\u1ea5t c\u1ea3 c\u00e1c lo\u1ea1i c\u1eaft ch\u1ea5t l\u01b0\u1ee3ng cao <a href=\"https:\/\/es.wikipedia.org\/wiki\/Carne_de_cerdo\" target=\"_blank\" rel=\"noopener\">Th\u1ecbt l\u1ee3n<\/a>. Our grade A Rind pork flank is available all year round. We source our Quality Rind pork flank with great care at our\u00a0<a href=\"https:\/\/es.wikipedia.org\/wiki\/Matadero\" target=\"_blank\" rel=\"noopener\"><strong>l\u00f2 gi\u1ebft m\u1ed5 th\u1ecbt l\u1ee3n\u00a0<\/strong>V\u00e0<strong>\u00a0l\u00f2 m\u1ed5<\/strong><\/a>\u00a0where we\u2019ve got a wealth of talented and experienced employees working to serve you the best quality Rind pork flank<\/p>\n<p><a href=\"https:\/\/es.wikipedia.org\/wiki\/Carne_de_cerdo\" target=\"_blank\" rel=\"noopener\">Th\u1ecbt l\u1ee3n<\/a>\u00a0r\u1ea5t ngon v\u00e0 \u0111\u01b0\u1ee3c t\u1ea5t c\u1ea3 c\u00e1c \u1ee7y ban th\u1ef1c ph\u1ea9m ch\u1ea5p thu\u1eadn cho con ng\u01b0\u1eddi s\u1eed d\u1ee5ng. N\u00f3 \u0111\u01b0\u1ee3c s\u1eed d\u1ee5ng trong nhi\u1ec1u m\u00f3n \u0103n kh\u00e1c nhau tr\u00ean kh\u1eafp th\u1ebf gi\u1edbi. Th\u1ecbt l\u1ee3n l\u00e0 t\u00ean g\u1ecdi \u1ea9m th\u1ef1c c\u1ee7a th\u1ecbt l\u1ee3n nh\u00e0. \u0110\u00e2y l\u00e0 lo\u1ea1i th\u1ecbt \u0111\u01b0\u1ee3c ti\u00eau th\u1ee5 ph\u1ed5 bi\u1ebfn nh\u1ea5t tr\u00ean to\u00e0n th\u1ebf gi\u1edbi, v\u1edbi b\u1eb1ng ch\u1ee9ng v\u1ec1 vi\u1ec7c ch\u0103n nu\u00f4i l\u1ee3n c\u00f3 t\u1eeb n\u0103m 5000 tr\u01b0\u1edbc C\u00f4ng nguy\u00ean. Th\u1ecbt l\u1ee3n \u0111\u01b0\u1ee3c \u0103n c\u1ea3 khi n\u1ea5u ch\u00edn t\u01b0\u01a1i v\u00e0 b\u1ea3o qu\u1ea3n; Vi\u1ec7c \u01b0\u1edbp mu\u1ed1i k\u00e9o d\u00e0i th\u1eddi h\u1ea1n s\u1eed d\u1ee5ng c\u1ee7a c\u00e1c s\u1ea3n ph\u1ea9m th\u1ecbt l\u1ee3n. Gi\u0103m b\u00f4ng, th\u1ecbt l\u1ee3n hun kh\u00f3i, gi\u0103m b\u00f4ng hun kh\u00f3i, th\u1ecbt x\u00f4ng kh\u00f3i v\u00e0 x\u00fac x\u00edch l\u00e0 nh\u1eefng v\u00ed d\u1ee5 v\u1ec1 th\u1ecbt l\u1ee3n b\u1ea3o qu\u1ea3n.<\/p>\n<p><strong>M\u00d4 T\u1ea2 S\u1ea2N PH\u1ea8M, \u0110\u00d3NG G\u00d3I &amp; XU\u1ea4T KH\u1ea8U<\/strong><br \/>\nDanh m\u1ee5c s\u1ea3n ph\u1ea9m: Th\u1ecbt l\u1ee3n s\u1ed1ng<br \/>\nType: Frozen Pork Flank, Rind-On and Red and White Meat<br \/>\nN\u01b0\u1edbc xu\u1ea5t x\u1ee9: <a href=\"https:\/\/es.wikipedia.org\/wiki\/Espa%C3%B1a\" target=\"_blank\" rel=\"noopener\">B\u1ed3 \u0110\u00e0o Nha<\/a><br \/>\nS\u1ed1 hi\u1ec7u th\u01b0\u01a1ng hi\u1ec7u\/nh\u00e0 m\u00e1y: 06-06<br \/>\nT\u00fai: 30 x 60 cm 58mic \u0111\u00f3ng g\u00f3i ch\u00e2n kh\u00f4ng<br \/>\nH\u1ed9p 465x 265 x 210,51 cm + 3 ng\u0103n chia<br \/>\n4 \u0111\u01a1n v\u1ecb m\u1ed7i tr\u01b0\u1eddng h\u1ee3p<br \/>\nTr\u1ecdng l\u01b0\u1ee3ng 18,14 kg th\u00f9ng<br \/>\nPallet: 98 h\u1ed9p\/pallet<br \/>\nTh\u1eddi h\u1ea1n s\u1eed d\u1ee5ng: 24 th\u00e1ng<br \/>\nPh\u01b0\u01a1ng ph\u00e1p b\u1ea3o qu\u1ea3n: b\u1ea3o qu\u1ea3n l\u1ea1nh (\u00e2m 18 \u0111\u1ed9 C)<br \/>\nGi\u1ea5y ph\u00e9p v\u1ec7 sinh:\u00a0<a href=\"https:\/\/www.sgs.es\/\" target=\"_blank\" rel=\"noopener\">SGS<\/a>,\u00a0<a href=\"https:\/\/www.ifs-certification.com\/index.php\/es\/\" target=\"_blank\" rel=\"noopener\">IFS<\/a>,\u00a0<a href=\"https:\/\/www.hfsaa.org\/\" target=\"_blank\" rel=\"noopener\">Ch\u1ee9ng nh\u1eadn th\u1ef1c ph\u1ea9m Halal<\/a>,\u00a0<a href=\"https:\/\/www.brcgs.com\/\" target=\"_blank\" rel=\"noopener\">BRCGS<\/a>, V\u00e0\u00a0<a href=\"https:\/\/interporc.com\/\" target=\"_blank\" rel=\"noopener\">IAWS INTERPORC<\/a>.<\/p>\n<p><strong>TH\u00d4NG S\u1ed0 K\u1ef8 THU\u1eacT S\u1ea2N PH\u1ea8M<\/strong><\/p>\n<ul>\n<li>Ch\u1ea5t l\u01b0\u1ee3ng: H\u1ea1ng A.<\/li>\n<li>100% t\u01b0\u01a1i v\u00e0 \u0111\u00f4ng l\u1ea1nh.<\/li>\n<li>\u0102n m\u1eb7c ch\u1ec9nh t\u1ec1 v\u00e0 s\u1ea1ch s\u1ebd.<\/li>\n<li>Kh\u00f4ng c\u00f3 t\u00f3c<\/li>\n<li>Kh\u00f4ng c\u00f3 l\u1ed7<\/li>\n<li>Kh\u00f4ng c\u00f3 d\u1ea7u m\u1ee1\/\u00f4 nhi\u1ec5m.<\/li>\n<li>\u0110\u00e1: &lt;0,3%<\/li>\n<li>G\u00e3y x\u01b0\u01a1ng nh\u1ecf h\u01a1n 1%.<\/li>\n<li>Ph\u00e1t hi\u1ec7n vi khu\u1ea9n Salmonella: 0%.<\/li>\n<\/ul>\n<p><a href=\"https:\/\/caso-centro.com\/vi\/san-pham\/pork-tail\/\">\u0110u\u00f4i heo \u0111\u00f4ng l\u1ea1nh ch\u1ea5t l\u01b0\u1ee3ng <\/a><a href=\"https:\/\/caso-centro.com\/vi\/san-pham\/pork-small-intestines\/\">Th\u1ecbt heo \u0111\u00f4ng l\u1ea1nh ch\u1ea5t l\u01b0\u1ee3ng ru\u1ed9t non <\/a><a href=\"https:\/\/caso-centro.com\/vi\/san-pham\/than-heo\/\">Th\u1ecbt th\u0103n heo \u0111\u00f4ng l\u1ea1nh ch\u1ea5t l\u01b0\u1ee3ng <\/a><a href=\"https:\/\/caso-centro.com\/vi\/san-pham\/gan-lon\/\">Gan heo \u0111\u00f4ng l\u1ea1nh ch\u1ea5t l\u01b0\u1ee3ng <\/a><a href=\"https:\/\/caso-centro.com\/vi\/san-pham\/mo-lon\/\">M\u1ee1 heo \u0111\u00f4ng l\u1ea1nh ch\u1ea5t l\u01b0\u1ee3ng<\/a><\/p>","protected":false},"excerpt":{"rendered":"<p>Frozen Pork Flank, Rind-On and Red and White Meat, and other distinguished pork cuts \u2013 always supplied from Fresh produce at <strong>Caso \u2013 Centro De Abate De Su\u00ednos Do Oeste, SA<\/strong>. \u0110\u01a1n h\u00e0ng c\u1ee7a b\u1ea1n s\u1ebd \u0111\u01b0\u1ee3c \u0111\u00f3ng g\u00f3i c\u1ea9n th\u1eadn trong h\u1ed9p c\u00e1ch nhi\u1ec7t b\u1eb1ng b\u1ecdt ph\u00e2n h\u1ee7y sinh h\u1ecdc, c\u00f9ng v\u1edbi t\u00fai \u0111\u00e1 \u0111\u1ec3 duy tr\u00ec nhi\u1ec7t \u0111\u1ed9 th\u00edch h\u1ee3p.<\/p>\n<p>S\u1ea3n ph\u1ea9m ch\u1ea5t l\u01b0\u1ee3ng h\u00e0ng \u0111\u1ea7u lo\u1ea1i A, \u0111\u1ea1t ch\u1ee9ng nh\u1eadn s\u1ee9c kh\u1ecfe 100%, giao h\u00e0ng nhanh ch\u00f3ng v\u00e0 gi\u00e1 \u01b0u \u0111\u00e3i. Li\u00ean h\u1ec7 v\u1edbi ch\u00fang t\u00f4i \u0111\u1ec3 bi\u1ebft th\u00f4ng tin chi ti\u1ebft v\u1ec1 s\u1ea3n ph\u1ea9m.<\/p>","protected":false},"featured_media":2633,"comment_status":"open","ping_status":"closed","template":"","meta":[],"product_brand":[],"product_cat":[58],"product_tag":[193,191,192,194],"class_list":{"0":"post-2632","1":"product","2":"type-product","3":"status-publish","4":"has-post-thumbnail","6":"product_cat-leg-or-ham-products","7":"product_tag-flank-steak-pork","8":"product_tag-pork-flank","9":"product_tag-pork-flank-steak","10":"product_tag-pork-flanken-ribs","12":"first","13":"instock","14":"shipping-taxable","15":"product-type-simple"},"_links":{"self":[{"href":"https:\/\/caso-centro.com\/vi\/wp-json\/wp\/v2\/product\/2632","targetHints":{"allow":["GET"]}}],"collection":[{"href":"https:\/\/caso-centro.com\/vi\/wp-json\/wp\/v2\/product"}],"about":[{"href":"https:\/\/caso-centro.com\/vi\/wp-json\/wp\/v2\/types\/product"}],"replies":[{"embeddable":true,"href":"https:\/\/caso-centro.com\/vi\/wp-json\/wp\/v2\/comments?post=2632"}],"wp:featuredmedia":[{"embeddable":true,"href":"https:\/\/caso-centro.com\/vi\/wp-json\/wp\/v2\/media\/2633"}],"wp:attachment":[{"href":"https:\/\/caso-centro.com\/vi\/wp-json\/wp\/v2\/media?parent=2632"}],"wp:term":[{"taxonomy":"product_brand","embeddable":true,"href":"https:\/\/caso-centro.com\/vi\/wp-json\/wp\/v2\/product_brand?post=2632"},{"taxonomy":"product_cat","embeddable":true,"href":"https:\/\/caso-centro.com\/vi\/wp-json\/wp\/v2\/product_cat?post=2632"},{"taxonomy":"product_tag","embeddable":true,"href":"https:\/\/caso-centro.com\/vi\/wp-json\/wp\/v2\/product_tag?post=2632"}],"curies":[{"name":"wp","href":"https:\/\/api.w.org\/{rel}","templated":true}]}}