{"id":2562,"date":"2024-05-17T17:02:25","date_gmt":"2024-05-17T17:02:25","guid":{"rendered":"https:\/\/caso-centro.com\/?post_type=product&#038;p=2562"},"modified":"2026-04-18T06:50:51","modified_gmt":"2026-04-18T06:50:51","slug":"frozen-pig-front-with-cheek","status":"publish","type":"product","link":"https:\/\/caso-centro.com\/vi\/san-pham\/frozen-pig-front-with-cheek\/","title":{"rendered":"Th\u1ecbt heo \u0111\u00f4ng l\u1ea1nh c\u00f3 m\u00e1"},"content":{"rendered":"<h1><strong>Th\u1ecbt heo \u0111\u00f4ng l\u1ea1nh c\u00f3 m\u00e1<\/strong><\/h1>\n<p>Are you interested in Frozen Pig Front with Cheek? At <strong>Caso \u2013 Centro De Abate De Su\u00ednos Do Oeste, SA<\/strong> we are specialized in the trade of high-quality Pork SHOULDER PRODUCTS and other quality Pork meat cuts. As an international trader of pork products, we supply all quality pork cuts to Asia, Europe, Africa, Australia, North America, and South America.<\/p>\n<p><strong>Caso \u2013 Centro De Abate De Su\u00ednos Do Oeste, SA<\/strong> offers all cuts of high-quality Pork meat. Our grade A pig front with cheek is available all year round. We source our Quality pig front with cheek with great care at our\u00a0<strong>l\u00f2 gi\u1ebft m\u1ed5 th\u1ecbt l\u1ee3n\u00a0<\/strong>V\u00e0<strong>\u00a0l\u00f2 m\u1ed5<\/strong>\u00a0where we\u2019ve got a wealth of talented and experienced employees working to serve you the best quality pig front with cheek<\/p>\n<p>Pork is the culinary name for the meat of the domestic pig. It is the most commonly consumed meat worldwide, with evidence of pig husbandry dating back to 5000 BC. Pork is eaten both freshly cooked and preserved; curing extends the shelf life of pork products. Ham, smoked pork, gammon, bacon, and sausage are examples of preserved pork.<\/p>\n<p><strong>M\u00d4 T\u1ea2 S\u1ea2N PH\u1ea8M, \u0110\u00d3NG G\u00d3I &amp; XU\u1ea4T KH\u1ea8U<\/strong><br \/>\nDanh m\u1ee5c s\u1ea3n ph\u1ea9m: Th\u1ecbt l\u1ee3n s\u1ed1ng<br \/>\nType:\u00a0Frozen Pig Front with Cheek<br \/>\nN\u01b0\u1edbc xu\u1ea5t x\u1ee9: <a href=\"https:\/\/es.wikipedia.org\/wiki\/Espa%C3%B1a\" target=\"_blank\" rel=\"noopener\">B\u1ed3 \u0110\u00e0o Nha<\/a><br \/>\nS\u1ed1 hi\u1ec7u th\u01b0\u01a1ng hi\u1ec7u\/nh\u00e0 m\u00e1y: 06-06<br \/>\nT\u00fai: 30 x 60 cm 58mic \u0111\u00f3ng g\u00f3i ch\u00e2n kh\u00f4ng<br \/>\nH\u1ed9p 465x 265 x 210,51 cm + 3 ng\u0103n chia<br \/>\n4 \u0111\u01a1n v\u1ecb m\u1ed7i tr\u01b0\u1eddng h\u1ee3p<br \/>\nTr\u1ecdng l\u01b0\u1ee3ng 18,14 kg th\u00f9ng<br \/>\nPallet: 98 h\u1ed9p\/pallet<br \/>\nTh\u1eddi h\u1ea1n s\u1eed d\u1ee5ng: 24 th\u00e1ng<br \/>\nPh\u01b0\u01a1ng ph\u00e1p b\u1ea3o qu\u1ea3n: b\u1ea3o qu\u1ea3n l\u1ea1nh (\u00e2m 18 \u0111\u1ed9 C)<br \/>\nGi\u1ea5y ph\u00e9p v\u1ec7 sinh: SGS, IFS, ch\u1ee9ng nh\u1eadn th\u1ef1c ph\u1ea9m Halal, BRCGS v\u00e0 IAWS INTERPORC.<\/p>\n<p><strong>TH\u00d4NG S\u1ed0 K\u1ef8 THU\u1eacT S\u1ea2N PH\u1ea8M<\/strong><\/p>\n<ul>\n<li>Ch\u1ea5t l\u01b0\u1ee3ng: H\u1ea1ng A.<\/li>\n<li>100% t\u01b0\u01a1i v\u00e0 \u0111\u00f4ng l\u1ea1nh.<\/li>\n<li>\u0102n m\u1eb7c ch\u1ec9nh t\u1ec1 v\u00e0 s\u1ea1ch s\u1ebd.<\/li>\n<li>Kh\u00f4ng c\u00f3 t\u00f3c<\/li>\n<li>Kh\u00f4ng c\u00f3 l\u1ed7<\/li>\n<li>Kh\u00f4ng c\u00f3 d\u1ea7u m\u1ee1\/\u00f4 nhi\u1ec5m.<\/li>\n<li>\u0110\u00e1: &lt;0,3%<\/li>\n<li>G\u00e3y x\u01b0\u01a1ng nh\u1ecf h\u01a1n 1%.<\/li>\n<li>Ph\u00e1t hi\u1ec7n vi khu\u1ea9n Salmonella: 0%.<\/li>\n<\/ul>\n<p>&nbsp;<\/p>","protected":false},"excerpt":{"rendered":"<p>Frozen Pig Front with Cheek and other distinguished pork cuts \u2013 always supplied from Fresh produce at <strong>Caso \u2013 Centro De Abate De Su\u00ednos Do Oeste, SA<\/strong>. \u0110\u01a1n h\u00e0ng c\u1ee7a b\u1ea1n s\u1ebd \u0111\u01b0\u1ee3c \u0111\u00f3ng g\u00f3i c\u1ea9n th\u1eadn trong h\u1ed9p c\u00e1ch nhi\u1ec7t b\u1eb1ng b\u1ecdt ph\u00e2n h\u1ee7y sinh h\u1ecdc, c\u00f9ng v\u1edbi t\u00fai \u0111\u00e1 \u0111\u1ec3 duy tr\u00ec nhi\u1ec7t \u0111\u1ed9 th\u00edch h\u1ee3p.<\/p>\n<p>S\u1ea3n ph\u1ea9m ch\u1ea5t l\u01b0\u1ee3ng h\u00e0ng \u0111\u1ea7u lo\u1ea1i A, \u0111\u1ea1t ch\u1ee9ng nh\u1eadn s\u1ee9c kh\u1ecfe 100%, giao h\u00e0ng nhanh ch\u00f3ng v\u00e0 gi\u00e1 \u01b0u \u0111\u00e3i. Li\u00ean h\u1ec7 v\u1edbi ch\u00fang t\u00f4i \u0111\u1ec3 bi\u1ebft th\u00f4ng tin chi ti\u1ebft v\u1ec1 s\u1ea3n ph\u1ea9m.<\/p>","protected":false},"featured_media":2563,"comment_status":"open","ping_status":"closed","template":"","meta":[],"product_brand":[],"product_cat":[56],"product_tag":[],"class_list":{"0":"post-2562","1":"product","2":"type-product","3":"status-publish","4":"has-post-thumbnail","6":"product_cat-shoulder-products","8":"first","9":"instock","10":"shipping-taxable","11":"product-type-simple"},"_links":{"self":[{"href":"https:\/\/caso-centro.com\/vi\/wp-json\/wp\/v2\/product\/2562","targetHints":{"allow":["GET"]}}],"collection":[{"href":"https:\/\/caso-centro.com\/vi\/wp-json\/wp\/v2\/product"}],"about":[{"href":"https:\/\/caso-centro.com\/vi\/wp-json\/wp\/v2\/types\/product"}],"replies":[{"embeddable":true,"href":"https:\/\/caso-centro.com\/vi\/wp-json\/wp\/v2\/comments?post=2562"}],"wp:featuredmedia":[{"embeddable":true,"href":"https:\/\/caso-centro.com\/vi\/wp-json\/wp\/v2\/media\/2563"}],"wp:attachment":[{"href":"https:\/\/caso-centro.com\/vi\/wp-json\/wp\/v2\/media?parent=2562"}],"wp:term":[{"taxonomy":"product_brand","embeddable":true,"href":"https:\/\/caso-centro.com\/vi\/wp-json\/wp\/v2\/product_brand?post=2562"},{"taxonomy":"product_cat","embeddable":true,"href":"https:\/\/caso-centro.com\/vi\/wp-json\/wp\/v2\/product_cat?post=2562"},{"taxonomy":"product_tag","embeddable":true,"href":"https:\/\/caso-centro.com\/vi\/wp-json\/wp\/v2\/product_tag?post=2562"}],"curies":[{"name":"wp","href":"https:\/\/api.w.org\/{rel}","templated":true}]}}