{"id":2808,"date":"2024-05-18T13:15:37","date_gmt":"2024-05-18T13:15:37","guid":{"rendered":"https:\/\/caso-centro.com\/?post_type=product&#038;p=2808"},"modified":"2026-04-16T17:38:03","modified_gmt":"2026-04-16T17:38:03","slug":"quality-frozen-pork-lacones","status":"publish","type":"product","link":"https:\/\/caso-centro.com\/pt_pt\/produto\/quality-frozen-pork-lacones\/","title":{"rendered":"Lacones de Carne Su\u00edna Congelada de Qualidade"},"content":{"rendered":"<h1><strong>Lacones de Carne Su\u00edna Congelada de Qualidade<\/strong><\/h1>\n<p><a href=\"https:\/\/caso-centro.com\/pt_pt\/produto\/quality-frozen-pork-lacones\/\">lacona<\/a>, Are you interested in Quality Frozen Pork Lacones? At <strong>Caso \u2013 Centro De Abate De Su\u00ednos Do Oeste, SA<\/strong>. somos especializados no com\u00e9rcio de PRODUTOS DE P\u00c1SCOA DE PORCO de alta qualidade e outros produtos de qualidade\u00a0<a href=\"https:\/\/es.wikipedia.org\/wiki\/Carne_de_cerdo\" target=\"_blank\" rel=\"noopener\">Carne de porco<\/a> Cortes. Como comerciante internacional de produtos su\u00ednos, fornecemos todos os cortes de carne su\u00edna de qualidade para \u00c1sia, Europa, \u00c1frica, Austr\u00e1lia, Am\u00e9rica do Norte e Am\u00e9rica do Sul.<\/p>\n<p><strong>Caso \u2013 Centro De Abate De Su\u00ednos Do Oeste, SA<\/strong>. oferece todos os cortes de alta qualidade <a href=\"https:\/\/es.wikipedia.org\/wiki\/Carne_de_cerdo\" target=\"_blank\" rel=\"noopener\">Carne de porco<\/a>. Our grade A pork lacones are available all year round. We source our Quality pork lacones with great care at our\u00a0<a href=\"https:\/\/es.wikipedia.org\/wiki\/Matadero\" target=\"_blank\" rel=\"noopener\"><strong>matadouros de su\u00ednos\u00a0<\/strong>e<strong>\u00a0matadouros<\/strong><\/a>\u00a0where we\u2019ve got a wealth of talented and experienced employees working to serve you the best quality pork lacones<\/p>\n<p>Pork is the culinary name for the meat of the domestic pig. It is the most commonly consumed meat worldwide, with evidence of pig husbandry dating back to 5000 BC. Pork is eaten both freshly cooked and preserved; curing extends the shelf life of pork products. Ham, smoked pork, gammon, bacon, and sausage are examples of preserved pork.<\/p>\n<p><strong>DESCRI\u00c7\u00c3O DO PRODUTO, EMBALAGEM E EXPORTA\u00c7\u00c3O<\/strong><br \/>\nCategoria do produto: Carne de porco crua<br \/>\nType: Quality Frozen Pork Lacones<br \/>\nPa\u00eds de origem: <a href=\"https:\/\/es.wikipedia.org\/wiki\/Espa%C3%B1a\" target=\"_blank\" rel=\"noopener\">Portugal<\/a><br \/>\nMarca\/N\u00famero de f\u00e1brica: 06-06<br \/>\nSaco: 30 x 60 cm 58mic embalado a v\u00e1cuo<br \/>\nCaixa 465 x 265 x 210,51 cm + 3 divis\u00f3rias<br \/>\n4 unidades por caixa<br \/>\nPeso da caixa 18,14 kg<br \/>\nPaletes: 98 caixas\/palete<br \/>\nPrazo de validade: 24 meses<br \/>\nM\u00e9todo de armazenamento: refrigerado (menos 18 graus Celsius)<br \/>\nLicen\u00e7a de higiene:\u00a0<a href=\"https:\/\/www.sgs.es\/\" target=\"_blank\" rel=\"noopener\">SGS<\/a>,\u00a0<a href=\"https:\/\/www.ifs-certification.com\/index.php\/es\/\" target=\"_blank\" rel=\"noopener\">IFS<\/a>,\u00a0<a href=\"https:\/\/www.hfsaa.org\/\" target=\"_blank\" rel=\"noopener\">Certifica\u00e7\u00e3o de alimentos halal<\/a>,\u00a0<a href=\"https:\/\/www.brcgs.com\/\" target=\"_blank\" rel=\"noopener\">BRCGS<\/a>, e\u00a0<a href=\"https:\/\/interporc.com\/\" target=\"_blank\" rel=\"noopener\">IAWS INTERPORC<\/a>.<\/p>\n<p><strong>ESPECIFICA\u00c7\u00c3O DO PRODUTO<\/strong><\/p>\n<ul>\n<li>Qualidade: Grau A.<\/li>\n<li>100% fresco e congelado.<\/li>\n<li>Bem vestido e limpo.<\/li>\n<li>Sem cabelo<\/li>\n<li>Sem buracos<\/li>\n<li>Sem gordura\/contamina\u00e7\u00e3o.<\/li>\n<li>Gelo: &lt;0,3%<\/li>\n<li>Ossos quebrados menores que 1%.<\/li>\n<li>Detec\u00e7\u00e3o de salmonela: 0%.<\/li>\n<\/ul>","protected":false},"excerpt":{"rendered":"<p>Quality Frozen Pork Lacones and other distinguished pork cuts \u2013 always supplied from Fresh produce at <strong>Caso \u2013 Centro De Abate De Su\u00ednos Do Oeste, SA<\/strong>. Seu pedido ser\u00e1 cuidadosamente embalado em uma caixa isolada com espuma biodegrad\u00e1vel, juntamente com bolsas de gelo para manter a temperatura adequada.<\/p>\n<p>Qualidade superior, grau A, certificado de sa\u00fade 100%, entrega r\u00e1pida e pre\u00e7os com desconto. Entre em contato conosco para obter detalhes completos do produto.<\/p>","protected":false},"featured_media":2809,"comment_status":"open","ping_status":"closed","template":"","meta":[],"product_brand":[],"product_cat":[56],"product_tag":[109,104,105,106,107,111,110,108],"class_list":{"0":"post-2808","1":"product","2":"type-product","3":"status-publish","4":"has-post-thumbnail","6":"product_cat-shoulder-products","7":"product_tag-lacon-pork","8":"product_tag-lacone","9":"product_tag-lancones","10":"product_tag-pork-front-leg","11":"product_tag-pork-lacone","12":"product_tag-pork-lacone-foot","13":"product_tag-pork-lacone-recipe","14":"product_tag-pork-lacones","16":"first","17":"instock","18":"shipping-taxable","19":"product-type-simple"},"_links":{"self":[{"href":"https:\/\/caso-centro.com\/pt_pt\/wp-json\/wp\/v2\/product\/2808","targetHints":{"allow":["GET"]}}],"collection":[{"href":"https:\/\/caso-centro.com\/pt_pt\/wp-json\/wp\/v2\/product"}],"about":[{"href":"https:\/\/caso-centro.com\/pt_pt\/wp-json\/wp\/v2\/types\/product"}],"replies":[{"embeddable":true,"href":"https:\/\/caso-centro.com\/pt_pt\/wp-json\/wp\/v2\/comments?post=2808"}],"wp:featuredmedia":[{"embeddable":true,"href":"https:\/\/caso-centro.com\/pt_pt\/wp-json\/wp\/v2\/media\/2809"}],"wp:attachment":[{"href":"https:\/\/caso-centro.com\/pt_pt\/wp-json\/wp\/v2\/media?parent=2808"}],"wp:term":[{"taxonomy":"product_brand","embeddable":true,"href":"https:\/\/caso-centro.com\/pt_pt\/wp-json\/wp\/v2\/product_brand?post=2808"},{"taxonomy":"product_cat","embeddable":true,"href":"https:\/\/caso-centro.com\/pt_pt\/wp-json\/wp\/v2\/product_cat?post=2808"},{"taxonomy":"product_tag","embeddable":true,"href":"https:\/\/caso-centro.com\/pt_pt\/wp-json\/wp\/v2\/product_tag?post=2808"}],"curies":[{"name":"wp","href":"https:\/\/api.w.org\/{rel}","templated":true}]}}