{"id":2798,"date":"2024-05-18T12:59:37","date_gmt":"2024-05-18T12:59:37","guid":{"rendered":"https:\/\/caso-centro.com\/?post_type=product&#038;p=2798"},"modified":"2025-12-09T06:04:08","modified_gmt":"2025-12-09T06:04:08","slug":"quality-frozen-pork-ears","status":"publish","type":"product","link":"https:\/\/caso-centro.com\/pt_pt\/produto\/quality-frozen-pork-ears\/","title":{"rendered":"Orelhas de porco congeladas de qualidade"},"content":{"rendered":"<h1><strong>Quality Frozen Pork Ears | Pork Ear Flaps<\/strong><\/h1>\n<p>Are you interested in quality frozen pork ears? At <strong>Caso \u2013 Centro De Abate De Su\u00ednos Do Oeste, SA<\/strong>. we are specialized in the trade of high-quality Pork OFFALS and other quality\u00a0<a href=\"https:\/\/es.wikipedia.org\/wiki\/Carne_de_cerdo\" target=\"_blank\" rel=\"noopener\">Carne de porco<\/a>\u00a0Cortes. Como comerciante internacional de produtos su\u00ednos, fornecemos todos os cortes de carne su\u00edna de qualidade para \u00c1sia, Europa, \u00c1frica, Austr\u00e1lia, Am\u00e9rica do Norte e Am\u00e9rica do Sul.<\/p>\n<p><strong>Caso \u2013 Centro De Abate De Su\u00ednos Do Oeste, SA<\/strong> oferece todos os cortes de alta qualidade <a href=\"https:\/\/es.wikipedia.org\/wiki\/Carne_de_cerdo\" target=\"_blank\" rel=\"noopener\">Carne de porco<\/a>. Our grade A pork ear flaps are available all year round. We source our quality pork ear flaps with great care at our\u00a0<a href=\"https:\/\/es.wikipedia.org\/wiki\/Matadero\" target=\"_blank\" rel=\"noopener\"><strong>matadouros de su\u00ednos\u00a0<\/strong>e<strong>\u00a0matadouros<\/strong><\/a>\u00a0where we\u2019ve got a wealth of talented and experienced employees working to serve you the best quality pork ear flaps.<\/p>\n<p><a href=\"https:\/\/carniques-juia.es\/products-2\/\" target=\"_blank\" rel=\"noopener\">Pork ears<\/a>\u00a0are the ears of a pig that can be used for human consumption. It\u2019s used in a variety of cuisines all around the world. They\u2019re usually fried crispy. They can also be cooked, braised, or roasted. The outside layers of skin get crunchy, while the inside layer of cartilage becomes gelatinous and chewy, thus frying them crispy is a natural choice. The ear\u2019s flavor can be described as sweet, rich pokiness.<\/p>\n<p><strong>DESCRI\u00c7\u00c3O DO PRODUTO, EMBALAGEM E EXPORTA\u00c7\u00c3O<\/strong><\/p>\n<p>Product Category:\u00a0Raw\u00a0Pork<\/p>\n<p>Type:\u00a0<a href=\"https:\/\/en.wikipedia.org\/wiki\/Pig%27s_ear_(food)\" target=\"_blank\" rel=\"noopener\">Pork Ear<\/a><\/p>\n<p>Pa\u00eds de origem: <a href=\"https:\/\/es.wikipedia.org\/wiki\/Espa%C3%B1a\" target=\"_blank\" rel=\"noopener\">Portugal<\/a><\/p>\n<p>Marca\/N\u00famero de f\u00e1brica: 06-06<\/p>\n<p>Packaging: 10kg cartons<\/p>\n<p>Sales method: packaging<\/p>\n<p>Prazo de validade: 24 meses<\/p>\n<p>M\u00e9todo de armazenamento: refrigerado (menos 18 graus Celsius)<\/p>\n<p>Net weight (kg): 10kg-15kg<\/p>\n<p>Licen\u00e7a de higiene:\u00a0<a href=\"https:\/\/www.sgs.es\/\" target=\"_blank\" rel=\"noopener\">SGS<\/a>,\u00a0<a href=\"https:\/\/www.ifs-certification.com\/index.php\/es\/\" target=\"_blank\" rel=\"noopener\">IFS<\/a>,\u00a0<a href=\"https:\/\/www.hfsaa.org\/\" target=\"_blank\" rel=\"noopener\">Certifica\u00e7\u00e3o de alimentos halal<\/a>,\u00a0<a href=\"https:\/\/www.brcgs.com\/\" target=\"_blank\" rel=\"noopener\">BRCGS<\/a>, e\u00a0<a href=\"https:\/\/interporc.com\/\" target=\"_blank\" rel=\"noopener\">IAWS INTERPORC<\/a>.<\/p>\n<p><strong>ESPECIFICA\u00c7\u00c3O DO PRODUTO<\/strong><\/p>\n<ul>\n<li>Qualidade: Grau A.<\/li>\n<li>100% fresco e congelado.<\/li>\n<li>Bem vestido e limpo.<\/li>\n<li>Sem cabelo<\/li>\n<li>Sem buracos<\/li>\n<li>Sem gordura\/contamina\u00e7\u00e3o.<\/li>\n<li>Gelo: &lt;0,3%<\/li>\n<li>Ossos quebrados menores que 1%.<\/li>\n<li>Detec\u00e7\u00e3o de salmonela: 0%.<\/li>\n<li>The average weight of an ear is 200-250g<\/li>\n<li>WRAP IN PLASTIC BAG, IN 10 KG CARTONS, BULK<\/li>\n<\/ul>\n<p><a href=\"https:\/\/caso-centro.com\/pt_pt\/produto\/rabo-de-porco-2\/\">Quality Frozen Pork Tail, <\/a><a href=\"https:\/\/caso-centro.com\/pt_pt\/produto\/pork-small-intestines\/\">Quality Frozen Pork Small Intestines, <\/a><a href=\"https:\/\/caso-centro.com\/pt_pt\/produto\/lombo-de-porco\/\">Quality Frozen Pork Loin, <\/a><a href=\"https:\/\/caso-centro.com\/pt_pt\/produto\/figado-de-porco\/\">Quality Frozen Pork Liver, <\/a><a href=\"https:\/\/caso-centro.com\/pt_pt\/produto\/banha-de-porco\/\">Banha de porco congelada de qualidade<\/a><\/p>","protected":false},"excerpt":{"rendered":"<p><span data-spm-anchor-id=\"a2700.details.pronpeci14.i0.64e6S6O1S6O1Xx\">Frozen Pork Ear Flaps and other distinguished pork cuts \u2013 always supplied from Fresh produce at <strong>Caso \u2013 Centro De Abate De Su\u00ednos Do Oeste, SA<\/strong>. Seu pedido ser\u00e1 cuidadosamente embalado em uma caixa isolada com espuma biodegrad\u00e1vel, juntamente com bolsas de gelo para manter a temperatura adequada.<\/span><\/p>\n<p><span data-spm-anchor-id=\"a2700.details.pronpeci14.i1.64e6S6O1S6O1Xx\">Qualidade superior, grau A, certificado de sa\u00fade 100%, entrega r\u00e1pida e pre\u00e7os com desconto. Entre em contato conosco para obter detalhes completos do produto.<\/span><\/p>","protected":false},"featured_media":2799,"comment_status":"open","ping_status":"closed","template":"","meta":[],"product_brand":[],"product_cat":[59],"product_tag":[146,147,144,143,142,145],"class_list":{"0":"post-2798","1":"product","2":"type-product","3":"status-publish","4":"has-post-thumbnail","6":"product_cat-offals","7":"product_tag-chinese-pork-ear","8":"product_tag-fresh-pork-ears","9":"product_tag-pork-chomps-pig-ears","10":"product_tag-pork-ear","11":"product_tag-pork-ears","12":"product_tag-pork-ears-near-me","14":"first","15":"instock","16":"shipping-taxable","17":"product-type-simple"},"_links":{"self":[{"href":"https:\/\/caso-centro.com\/pt_pt\/wp-json\/wp\/v2\/product\/2798","targetHints":{"allow":["GET"]}}],"collection":[{"href":"https:\/\/caso-centro.com\/pt_pt\/wp-json\/wp\/v2\/product"}],"about":[{"href":"https:\/\/caso-centro.com\/pt_pt\/wp-json\/wp\/v2\/types\/product"}],"replies":[{"embeddable":true,"href":"https:\/\/caso-centro.com\/pt_pt\/wp-json\/wp\/v2\/comments?post=2798"}],"wp:featuredmedia":[{"embeddable":true,"href":"https:\/\/caso-centro.com\/pt_pt\/wp-json\/wp\/v2\/media\/2799"}],"wp:attachment":[{"href":"https:\/\/caso-centro.com\/pt_pt\/wp-json\/wp\/v2\/media?parent=2798"}],"wp:term":[{"taxonomy":"product_brand","embeddable":true,"href":"https:\/\/caso-centro.com\/pt_pt\/wp-json\/wp\/v2\/product_brand?post=2798"},{"taxonomy":"product_cat","embeddable":true,"href":"https:\/\/caso-centro.com\/pt_pt\/wp-json\/wp\/v2\/product_cat?post=2798"},{"taxonomy":"product_tag","embeddable":true,"href":"https:\/\/caso-centro.com\/pt_pt\/wp-json\/wp\/v2\/product_tag?post=2798"}],"curies":[{"name":"wp","href":"https:\/\/api.w.org\/{rel}","templated":true}]}}