{"id":2663,"date":"2024-05-18T08:20:07","date_gmt":"2024-05-18T08:20:07","guid":{"rendered":"https:\/\/caso-centro.com\/?post_type=product&#038;p=2663"},"modified":"2026-05-04T11:56:19","modified_gmt":"2026-05-04T11:56:19","slug":"frozen-pork-jowl-rindless-with-neck-fat","status":"publish","type":"product","link":"https:\/\/caso-centro.com\/pt_pt\/produto\/frozen-pork-jowl-rindless-with-neck-fat\/","title":{"rendered":"Papada de porco congelada, sem pele, com gordura do pesco\u00e7o"},"content":{"rendered":"<h1><strong>Papada de porco congelada, sem pele, com gordura do pesco\u00e7o<\/strong><\/h1>\n<p>Are you interested in Frozen Pork Jowl, Rindless, With Neck Fat ? At <strong>Caso \u2013 Centro De Abate De Su\u00ednos Do Oeste, SA<\/strong>. somos especializados no com\u00e9rcio de PRODUTOS DE P\u00c1SCOA DE PORCO de alta qualidade e outros produtos de qualidade\u00a0<a href=\"https:\/\/es.wikipedia.org\/wiki\/Carne_de_cerdo\" target=\"_blank\" rel=\"noopener\">Carne de porco<\/a> cuts. As an international trader of pork products, we supply all quality pork cuts to Asia, Europe, Africa, Australia, North America, and South America. pork jowl, pork jowl meat, pork jowls, pork jowl near me, where to buy pork jowl, pork jowl korean, italian pork jowl,<\/p>\n<p><strong>Caso \u2013 Centro De Abate De Su\u00ednos Do Oeste, SA<\/strong>. oferece todos os cortes de alta qualidade <a href=\"https:\/\/es.wikipedia.org\/wiki\/Carne_de_cerdo\" target=\"_blank\" rel=\"noopener\">Carne de porco<\/a>. Our grade A pork jowl with neck fat are available all year round. We source our Quality pork jowl with neck fat with great care at our\u00a0<a href=\"https:\/\/es.wikipedia.org\/wiki\/Matadero\" target=\"_blank\" rel=\"noopener\"><strong>matadouros de su\u00ednos\u00a0<\/strong>e<strong>\u00a0matadouros<\/strong><\/a>\u00a0where we\u2019ve got a wealth of talented and experienced employees working to serve you the best quality pork jowl with neck fat<\/p>\n<p><a href=\"https:\/\/es.wikipedia.org\/wiki\/Carne_de_cerdo\" target=\"_blank\" rel=\"noopener\">Carne de porco<\/a>\u00a0\u00c9 muito saboroso e aprovado por todos os comit\u00eas de alimentos para consumo humano. \u00c9 usado em diversas culin\u00e1rias ao redor do mundo. Carne de porco \u00e9 o nome culin\u00e1rio para a carne do porco dom\u00e9stico. \u00c9 a carne mais consumida em todo o mundo, com evid\u00eancias de cria\u00e7\u00e3o de su\u00ednos que remontam a 5000 a.C. A carne de porco \u00e9 consumida tanto fresca quanto em conserva; a cura prolonga a vida \u00fatil dos produtos su\u00ednos. Presunto, carne de porco defumada, presunto, bacon e lingui\u00e7a s\u00e3o exemplos de carne de porco em conserva.<\/p>\n<p><strong>DESCRI\u00c7\u00c3O DO PRODUTO, EMBALAGEM E EXPORTA\u00c7\u00c3O<\/strong><br \/>\nCategoria do produto: Carne de porco crua<br \/>\nType: Frozen Pork Jowl, Rindless, With Neck Fat<br \/>\nPa\u00eds de origem: <a href=\"https:\/\/es.wikipedia.org\/wiki\/Espa%C3%B1a\" target=\"_blank\" rel=\"noopener\">Portugal<\/a><br \/>\nMarca\/N\u00famero de f\u00e1brica: 06-06<br \/>\nSaco: 30 x 60 cm 58mic embalado a v\u00e1cuo<br \/>\nCaixa 465 x 265 x 210,51 cm + 3 divis\u00f3rias<br \/>\n4 unidades por caixa<br \/>\nPeso da caixa 18,14 kg<br \/>\nPaletes: 98 caixas\/palete<br \/>\nPrazo de validade: 24 meses<br \/>\nM\u00e9todo de armazenamento: refrigerado (menos 18 graus Celsius)<br \/>\nLicen\u00e7a de higiene:\u00a0<a href=\"https:\/\/www.sgs.es\/\" target=\"_blank\" rel=\"noopener\">SGS<\/a>,\u00a0<a href=\"https:\/\/www.ifs-certification.com\/index.php\/es\/\" target=\"_blank\" rel=\"noopener\">IFS<\/a>,\u00a0<a href=\"https:\/\/www.hfsaa.org\/\" target=\"_blank\" rel=\"noopener\">Certifica\u00e7\u00e3o de alimentos halal<\/a>,\u00a0<a href=\"https:\/\/www.brcgs.com\/\" target=\"_blank\" rel=\"noopener\">BRCGS<\/a>, e\u00a0<a href=\"https:\/\/interporc.com\/\" target=\"_blank\" rel=\"noopener\">IAWS INTERPORC<\/a>.<\/p>\n<p><strong>ESPECIFICA\u00c7\u00c3O DO PRODUTO<\/strong><\/p>\n<ul>\n<li>Qualidade: Grau A.<\/li>\n<li>100% fresco e congelado.<\/li>\n<li>Bem vestido e limpo.<\/li>\n<li>Sem cabelo<\/li>\n<li>Sem buracos<\/li>\n<li>Sem gordura\/contamina\u00e7\u00e3o.<\/li>\n<li>Gelo: &lt;0,3%<\/li>\n<li>Ossos quebrados menores que 1%.<\/li>\n<li>Detec\u00e7\u00e3o de salmonela: 0%.<\/li>\n<\/ul>\n<p><a href=\"https:\/\/caso-centro.com\/pt_pt\/produto\/rabo-de-porco-2\/\">Rabo de porco congelado de qualidade <\/a><a href=\"https:\/\/caso-centro.com\/pt_pt\/produto\/pork-small-intestines\/\">Intestinos delgados de carne su\u00edna congelada de qualidade <\/a><a href=\"https:\/\/caso-centro.com\/pt_pt\/produto\/lombo-de-porco\/\">Lombo de porco congelado de qualidade <\/a><a href=\"https:\/\/caso-centro.com\/pt_pt\/produto\/figado-de-porco\/\">F\u00edgado de porco congelado de qualidade <\/a><a href=\"https:\/\/caso-centro.com\/pt_pt\/produto\/banha-de-porco\/\">Banha de porco congelada de qualidade<\/a><\/p>","protected":false},"excerpt":{"rendered":"<p>Frozen Pork Jowl, Rindless, With Neck Fat and other distinguished pork cuts \u2013 always supplied from Fresh produce at <strong>Caso \u2013 Centro De Abate De Su\u00ednos Do Oeste, SA<\/strong>. Seu pedido ser\u00e1 cuidadosamente embalado em uma caixa isolada com espuma biodegrad\u00e1vel, juntamente com bolsas de gelo para manter a temperatura adequada.<\/p>\n<p>Qualidade superior, grau A, certificado de sa\u00fade 100%, entrega r\u00e1pida e pre\u00e7os com desconto. Entre em contato conosco para obter detalhes completos do produto.<\/p>","protected":false},"featured_media":2664,"comment_status":"open","ping_status":"closed","template":"","meta":[],"product_brand":[],"product_cat":[56],"product_tag":[184],"class_list":{"0":"post-2663","1":"product","2":"type-product","3":"status-publish","4":"has-post-thumbnail","6":"product_cat-shoulder-products","7":"product_tag-pork-jowl","9":"first","10":"instock","11":"shipping-taxable","12":"product-type-simple"},"_links":{"self":[{"href":"https:\/\/caso-centro.com\/pt_pt\/wp-json\/wp\/v2\/product\/2663","targetHints":{"allow":["GET"]}}],"collection":[{"href":"https:\/\/caso-centro.com\/pt_pt\/wp-json\/wp\/v2\/product"}],"about":[{"href":"https:\/\/caso-centro.com\/pt_pt\/wp-json\/wp\/v2\/types\/product"}],"replies":[{"embeddable":true,"href":"https:\/\/caso-centro.com\/pt_pt\/wp-json\/wp\/v2\/comments?post=2663"}],"wp:featuredmedia":[{"embeddable":true,"href":"https:\/\/caso-centro.com\/pt_pt\/wp-json\/wp\/v2\/media\/2664"}],"wp:attachment":[{"href":"https:\/\/caso-centro.com\/pt_pt\/wp-json\/wp\/v2\/media?parent=2663"}],"wp:term":[{"taxonomy":"product_brand","embeddable":true,"href":"https:\/\/caso-centro.com\/pt_pt\/wp-json\/wp\/v2\/product_brand?post=2663"},{"taxonomy":"product_cat","embeddable":true,"href":"https:\/\/caso-centro.com\/pt_pt\/wp-json\/wp\/v2\/product_cat?post=2663"},{"taxonomy":"product_tag","embeddable":true,"href":"https:\/\/caso-centro.com\/pt_pt\/wp-json\/wp\/v2\/product_tag?post=2663"}],"curies":[{"name":"wp","href":"https:\/\/api.w.org\/{rel}","templated":true}]}}