{"id":2636,"date":"2024-05-17T22:46:51","date_gmt":"2024-05-17T22:46:51","guid":{"rendered":"https:\/\/caso-centro.com\/?post_type=product&#038;p=2636"},"modified":"2026-05-04T11:19:48","modified_gmt":"2026-05-04T11:19:48","slug":"frozen-pork-front-hocks-machine-cut","status":"publish","type":"product","link":"https:\/\/caso-centro.com\/pt_pt\/produto\/frozen-pork-front-hocks-machine-cut\/","title":{"rendered":"Jarretes dianteiros de porco congelados cortados \u00e0 m\u00e1quina"},"content":{"rendered":"<h1><strong>Jarretes dianteiros de porco congelados cortados \u00e0 m\u00e1quina<\/strong><\/h1>\n<p>Are you interested in Frozen Pork Front Hocks Machine-Cut? At <strong>Caso \u2013 Centro De Abate De Su\u00ednos Do Oeste, SA<\/strong> we are specialized in the trade of high-quality Pork SHOULDER PRODUCTS and other quality\u00a0<a href=\"https:\/\/es.wikipedia.org\/wiki\/Carne_de_cerdo\" target=\"_blank\" rel=\"noopener\">Carne de porco<\/a>\u00a0Cortes. Como comerciante internacional de produtos su\u00ednos, fornecemos todos os cortes de carne su\u00edna de qualidade para \u00c1sia, Europa, \u00c1frica, Austr\u00e1lia, Am\u00e9rica do Norte e Am\u00e9rica do Sul.<\/p>\n<p><strong>Caso \u2013 Centro De Abate De Su\u00ednos Do Oeste, SA<\/strong>. oferece todos os cortes de alta qualidade <a href=\"https:\/\/es.wikipedia.org\/wiki\/Carne_de_cerdo\" target=\"_blank\" rel=\"noopener\">Carne de porco<\/a>. Our grade A pork front hocks are available all year round. We source our Quality pork front hocks with great care at our\u00a0<a href=\"https:\/\/es.wikipedia.org\/wiki\/Matadero\" target=\"_blank\" rel=\"noopener\"><strong>matadouros de su\u00ednos\u00a0<\/strong>e<strong>\u00a0matadouros<\/strong><\/a>\u00a0where we\u2019ve got a wealth of talented and experienced employees working to serve you the best quality pork front hocks<\/p>\n<p>Pork is the culinary name for the meat of the domestic pig. It is the most commonly consumed meat worldwide, with evidence of pig husbandry dating back to 5000 BC. Pork is eaten both freshly cooked and preserved; curing extends the shelf life of pork products. Ham, smoked pork, gammon, bacon, and sausage are examples of preserved pork.<\/p>\n<p><strong>DESCRI\u00c7\u00c3O DO PRODUTO, EMBALAGEM E EXPORTA\u00c7\u00c3O<\/strong><br \/>\nCategoria do produto: Carne de porco crua<br \/>\nType: Frozen Pork Front Hocks, Machine Cut<br \/>\nPa\u00eds de origem: <a href=\"https:\/\/es.wikipedia.org\/wiki\/Espa%C3%B1a\" target=\"_blank\" rel=\"noopener\">Portugal<\/a><br \/>\nMarca\/N\u00famero de f\u00e1brica: 06-06<br \/>\nSaco: 30 x 60 cm 58mic embalado a v\u00e1cuo<br \/>\nCaixa 465 x 265 x 210,51 cm + 3 divis\u00f3rias<br \/>\n4 unidades por caixa<br \/>\nPeso da caixa 18,14 kg<br \/>\nPaletes: 98 caixas\/palete<br \/>\nPrazo de validade: 24 meses<br \/>\nM\u00e9todo de armazenamento: refrigerado (menos 18 graus Celsius)<br \/>\nLicen\u00e7a de higiene:\u00a0<a href=\"https:\/\/www.sgs.es\/\" target=\"_blank\" rel=\"noopener\">SGS<\/a>,\u00a0<a href=\"https:\/\/www.ifs-certification.com\/index.php\/es\/\" target=\"_blank\" rel=\"noopener\">IFS<\/a>,\u00a0<a href=\"https:\/\/www.hfsaa.org\/\" target=\"_blank\" rel=\"noopener\">Certifica\u00e7\u00e3o de alimentos halal<\/a>,\u00a0<a href=\"https:\/\/www.brcgs.com\/\" target=\"_blank\" rel=\"noopener\">BRCGS<\/a>, e\u00a0<a href=\"https:\/\/interporc.com\/\" target=\"_blank\" rel=\"noopener\">IAWS INTERPORC<\/a>.<\/p>\n<p><strong>ESPECIFICA\u00c7\u00c3O DO PRODUTO<\/strong><\/p>\n<ul>\n<li>Qualidade: Grau A.<\/li>\n<li>100% fresco e congelado.<\/li>\n<li>Bem vestido e limpo.<\/li>\n<li>Sem cabelo<\/li>\n<li>Sem buracos<\/li>\n<li>Sem gordura\/contamina\u00e7\u00e3o.<\/li>\n<li>Gelo: &lt;0,3%<\/li>\n<li>Ossos quebrados menores que 1%.<\/li>\n<li>Detec\u00e7\u00e3o de salmonela: 0%.<\/li>\n<\/ul>\n<p><a href=\"https:\/\/caso-centro.com\/pt_pt\/produto\/rabo-de-porco-2\/\">Rabo de porco congelado de qualidade <\/a><a href=\"https:\/\/caso-centro.com\/pt_pt\/produto\/pork-small-intestines\/\">Intestinos delgados de carne su\u00edna congelada de qualidade <\/a><a href=\"https:\/\/caso-centro.com\/pt_pt\/produto\/lombo-de-porco\/\">Lombo de porco congelado de qualidade <\/a><a href=\"https:\/\/caso-centro.com\/pt_pt\/produto\/figado-de-porco\/\">F\u00edgado de porco congelado de qualidade <\/a><a href=\"https:\/\/caso-centro.com\/pt_pt\/produto\/banha-de-porco\/\">Banha de porco congelada de qualidade<\/a><\/p>","protected":false},"excerpt":{"rendered":"<p>Frozen Pork Front Hocks, Machine Cut, and other distinguished pork cuts \u2013 always supplied from Fresh produce at <strong>Caso \u2013 Centro De Abate De Su\u00ednos Do Oeste, SA<\/strong> Seu pedido ser\u00e1 cuidadosamente embalado em uma caixa isolada com espuma biodegrad\u00e1vel, juntamente com bolsas de gelo para manter a temperatura adequada.<\/p>\n<p>Qualidade superior, grau A, certificado de sa\u00fade 100%, entrega r\u00e1pida e pre\u00e7os com desconto. Entre em contato conosco para obter detalhes completos do produto.<\/p>","protected":false},"featured_media":2637,"comment_status":"open","ping_status":"closed","template":"","meta":[],"product_brand":[],"product_cat":[56],"product_tag":[188,189,187],"class_list":{"0":"post-2636","1":"product","2":"type-product","3":"status-publish","4":"has-post-thumbnail","6":"product_cat-shoulder-products","7":"product_tag-front-hock-pork","8":"product_tag-frozen-pork-front-hock","9":"product_tag-pork-front-hock","11":"first","12":"instock","13":"shipping-taxable","14":"product-type-simple"},"_links":{"self":[{"href":"https:\/\/caso-centro.com\/pt_pt\/wp-json\/wp\/v2\/product\/2636","targetHints":{"allow":["GET"]}}],"collection":[{"href":"https:\/\/caso-centro.com\/pt_pt\/wp-json\/wp\/v2\/product"}],"about":[{"href":"https:\/\/caso-centro.com\/pt_pt\/wp-json\/wp\/v2\/types\/product"}],"replies":[{"embeddable":true,"href":"https:\/\/caso-centro.com\/pt_pt\/wp-json\/wp\/v2\/comments?post=2636"}],"wp:featuredmedia":[{"embeddable":true,"href":"https:\/\/caso-centro.com\/pt_pt\/wp-json\/wp\/v2\/media\/2637"}],"wp:attachment":[{"href":"https:\/\/caso-centro.com\/pt_pt\/wp-json\/wp\/v2\/media?parent=2636"}],"wp:term":[{"taxonomy":"product_brand","embeddable":true,"href":"https:\/\/caso-centro.com\/pt_pt\/wp-json\/wp\/v2\/product_brand?post=2636"},{"taxonomy":"product_cat","embeddable":true,"href":"https:\/\/caso-centro.com\/pt_pt\/wp-json\/wp\/v2\/product_cat?post=2636"},{"taxonomy":"product_tag","embeddable":true,"href":"https:\/\/caso-centro.com\/pt_pt\/wp-json\/wp\/v2\/product_tag?post=2636"}],"curies":[{"name":"wp","href":"https:\/\/api.w.org\/{rel}","templated":true}]}}