{"id":3039,"date":"2024-05-20T23:06:42","date_gmt":"2024-05-20T23:06:42","guid":{"rendered":"https:\/\/caso-centro.com\/?page_id=3039"},"modified":"2025-05-06T10:33:10","modified_gmt":"2025-05-06T10:33:10","slug":"history","status":"publish","type":"page","link":"https:\/\/caso-centro.com\/pt_pt\/historia\/","title":{"rendered":"Hist\u00f3ria"},"content":{"rendered":"<div data-elementor-type=\"wp-page\" data-elementor-id=\"3039\" class=\"elementor elementor-3039\" data-elementor-post-type=\"page\">\n\t\t\t\t<div class=\"elementor-element elementor-element-1d388133 e-flex e-con-boxed e-con e-parent\" data-id=\"1d388133\" data-element_type=\"container\" data-settings=\"{&quot;background_background&quot;:&quot;classic&quot;}\">\n\t\t\t\t\t<div class=\"e-con-inner\">\n\t\t<div class=\"elementor-element elementor-element-1a2ab6ec e-con-full e-flex e-con e-child\" data-id=\"1a2ab6ec\" data-element_type=\"container\" data-settings=\"{&quot;background_background&quot;:&quot;gradient&quot;}\">\n\t\t\t\t<div class=\"elementor-element elementor-element-7858ca05 elementor-widget elementor-widget-image\" data-id=\"7858ca05\" data-element_type=\"widget\" data-widget_type=\"image.default\">\n\t\t\t\t<div class=\"elementor-widget-container\">\n\t\t\t\t\t\t\t\t\t\t\t\t\t\t\t\t<a href=\"https:\/\/caso-centro.com\/pt_pt\">\n\t\t\t\t\t\t\t<img decoding=\"async\" src=\"https:\/\/caso-centro.com\/wp-content\/uploads\/elementor\/thumbs\/GRUPO-qof47ok5qee2pqg24fum5p1m6fbsnffioe8rle4agw.png\" title=\"GRUPO\" alt=\"GRUPO\" loading=\"lazy\" \/>\t\t\t\t\t\t\t\t<\/a>\n\t\t\t\t\t\t\t\t\t\t\t\t\t\t\t<\/div>\n\t\t\t\t<\/div>\n\t\t\t\t<\/div>\n\t\t<div class=\"elementor-element elementor-element-3995f216 e-con-full e-flex e-con e-child\" data-id=\"3995f216\" data-element_type=\"container\">\n\t\t\t\t<div class=\"elementor-element elementor-element-45904b50 elementor-icon-list--layout-inline elementor-hidden-mobile elementor-list-item-link-full_width elementor-widget elementor-widget-icon-list\" data-id=\"45904b50\" data-element_type=\"widget\" data-widget_type=\"icon-list.default\">\n\t\t\t\t<div class=\"elementor-widget-container\">\n\t\t\t\t\t\t\t<ul class=\"elementor-icon-list-items elementor-inline-items\">\n\t\t\t\t\t\t\t<li class=\"elementor-icon-list-item elementor-inline-item\">\n\t\t\t\t\t\t\t\t\t\t\t<span class=\"elementor-icon-list-icon\">\n\t\t\t\t\t\t\t<i aria-hidden=\"true\" class=\"mdi mdi-phone\"><\/i>\t\t\t\t\t\t<\/span>\n\t\t\t\t\t\t\t\t\t\t<span class=\"elementor-icon-list-text\">+351 926 591 745<\/span>\n\t\t\t\t\t\t\t\t\t<\/li>\n\t\t\t\t\t\t\t\t<li class=\"elementor-icon-list-item elementor-inline-item\">\n\t\t\t\t\t\t\t\t\t\t\t<span class=\"elementor-icon-list-icon\">\n\t\t\t\t\t\t\t<i aria-hidden=\"true\" class=\"mdi mdi-email-outline\"><\/i>\t\t\t\t\t\t<\/span>\n\t\t\t\t\t\t\t\t\t\t<span class=\"elementor-icon-list-text\">suporte@seudominio.tld<\/span>\n\t\t\t\t\t\t\t\t\t<\/li>\n\t\t\t\t\t\t<\/ul>\n\t\t\t\t\t\t<\/div>\n\t\t\t\t<\/div>\n\t\t<div class=\"elementor-element elementor-element-23b96ba6 e-flex e-con-boxed e-con e-child\" data-id=\"23b96ba6\" data-element_type=\"container\" data-settings=\"{&quot;background_background&quot;:&quot;classic&quot;}\">\n\t\t\t\t\t<div class=\"e-con-inner\">\n\t\t\t\t<div class=\"elementor-element elementor-element-61b96be0 elementor-nav-menu--stretch elementor-nav-menu--dropdown-tablet elementor-nav-menu__text-align-aside elementor-nav-menu--toggle elementor-nav-menu--burger elementor-widget elementor-widget-nav-menu\" data-id=\"61b96be0\" data-element_type=\"widget\" data-settings=\"{&quot;submenu_icon&quot;:{&quot;value&quot;:&quot;&lt;svg class=\\&quot;e-font-icon-svg e-fas-angle-down\\&quot; viewBox=\\&quot;0 0 320 512\\&quot; xmlns=\\&quot;http:\\\/\\\/www.w3.org\\\/2000\\\/svg\\&quot;&gt;&lt;path d=\\&quot;M143 352.3L7 216.3c-9.4-9.4-9.4-24.6 0-33.9l22.6-22.6c9.4-9.4 24.6-9.4 33.9 0l96.4 96.4 96.4-96.4c9.4-9.4 24.6-9.4 33.9 0l22.6 22.6c9.4 9.4 9.4 24.6 0 33.9l-136 136c-9.2 9.4-24.4 9.4-33.8 0z\\&quot;&gt;&lt;\\\/path&gt;&lt;\\\/svg&gt;&quot;,&quot;library&quot;:&quot;fa-solid&quot;},&quot;full_width&quot;:&quot;stretch&quot;,&quot;layout&quot;:&quot;horizontal&quot;,&quot;toggle&quot;:&quot;burger&quot;}\" data-widget_type=\"nav-menu.default\">\n\t\t\t\t<div class=\"elementor-widget-container\">\n\t\t\t\t\t\t\t\t<nav class=\"elementor-nav-menu--main elementor-nav-menu__container elementor-nav-menu--layout-horizontal e--pointer-none\">\n\t\t\t\t<ul id=\"menu-1-61b96be0\" class=\"elementor-nav-menu\"><li class=\"menu-item menu-item-type-post_type menu-item-object-page menu-item-home menu-item-2564\"><a href=\"https:\/\/caso-centro.com\/pt_pt\/\" class=\"elementor-item\">Lar<\/a><\/li>\n<li class=\"menu-item menu-item-type-post_type menu-item-object-page menu-item-2565\"><a href=\"https:\/\/caso-centro.com\/pt_pt\/business-area\/\" class=\"elementor-item\">\u00c1rea de Neg\u00f3cios<\/a><\/li>\n<li class=\"menu-item menu-item-type-post_type menu-item-object-page menu-item-2868\"><a href=\"https:\/\/caso-centro.com\/pt_pt\/advertencia-legal\/\" class=\"elementor-item\">Aviso Legal<\/a><\/li>\n<li class=\"menu-item menu-item-type-post_type menu-item-object-page menu-item-2738\"><a href=\"https:\/\/caso-centro.com\/pt_pt\/sobre-nos\/\" class=\"elementor-item\">Sobre n\u00f3s<\/a><\/li>\n<li class=\"menu-item menu-item-type-post_type menu-item-object-page menu-item-3047\"><a href=\"https:\/\/caso-centro.com\/pt_pt\/historia\/\" class=\"elementor-item\">Hist\u00f3ria<\/a><\/li>\n<li class=\"menu-item menu-item-type-post_type menu-item-object-page menu-item-3001\"><a href=\"https:\/\/caso-centro.com\/pt_pt\/galeria\/\" class=\"elementor-item\">Galeria<\/a><\/li>\n<li class=\"menu-item menu-item-type-post_type menu-item-object-page menu-item-3059\"><a href=\"https:\/\/caso-centro.com\/pt_pt\/junte-se-a-nos\/\" class=\"elementor-item\">Junte-se a n\u00f3s<\/a><\/li>\n<li class=\"menu-item menu-item-type-post_type menu-item-object-page menu-item-2737\"><a href=\"https:\/\/caso-centro.com\/pt_pt\/contato\/\" class=\"elementor-item\">Contato<\/a><\/li>\n<\/ul>\t\t\t<\/nav>\n\t\t\t\t\t<div class=\"elementor-menu-toggle\" role=\"button\" tabindex=\"0\" aria-label=\"Menu Toggle\" aria-expanded=\"false\">\n\t\t\t<i aria-hidden=\"true\" role=\"presentation\" class=\"elementor-menu-toggle__icon--open  ti-menu\"><\/i><i aria-hidden=\"true\" role=\"presentation\" class=\"elementor-menu-toggle__icon--close  ti-close\"><\/i>\t\t\t<span class=\"elementor-screen-only\">Menu<\/span>\n\t\t<\/div>\n\t\t\t\t\t<nav class=\"elementor-nav-menu--dropdown elementor-nav-menu__container\" aria-hidden=\"true\">\n\t\t\t\t<ul id=\"menu-2-61b96be0\" class=\"elementor-nav-menu\"><li class=\"menu-item menu-item-type-post_type menu-item-object-page menu-item-home menu-item-2564\"><a href=\"https:\/\/caso-centro.com\/pt_pt\/\" class=\"elementor-item\" tabindex=\"-1\">Lar<\/a><\/li>\n<li class=\"menu-item menu-item-type-post_type menu-item-object-page menu-item-2565\"><a href=\"https:\/\/caso-centro.com\/pt_pt\/business-area\/\" class=\"elementor-item\" tabindex=\"-1\">\u00c1rea de Neg\u00f3cios<\/a><\/li>\n<li class=\"menu-item menu-item-type-post_type menu-item-object-page menu-item-2868\"><a href=\"https:\/\/caso-centro.com\/pt_pt\/advertencia-legal\/\" class=\"elementor-item\" tabindex=\"-1\">Aviso Legal<\/a><\/li>\n<li class=\"menu-item menu-item-type-post_type menu-item-object-page menu-item-2738\"><a href=\"https:\/\/caso-centro.com\/pt_pt\/sobre-nos\/\" class=\"elementor-item\" tabindex=\"-1\">Sobre n\u00f3s<\/a><\/li>\n<li class=\"menu-item menu-item-type-post_type menu-item-object-page menu-item-3047\"><a href=\"https:\/\/caso-centro.com\/pt_pt\/historia\/\" class=\"elementor-item\" tabindex=\"-1\">Hist\u00f3ria<\/a><\/li>\n<li class=\"menu-item menu-item-type-post_type menu-item-object-page menu-item-3001\"><a href=\"https:\/\/caso-centro.com\/pt_pt\/galeria\/\" class=\"elementor-item\" tabindex=\"-1\">Galeria<\/a><\/li>\n<li class=\"menu-item menu-item-type-post_type menu-item-object-page menu-item-3059\"><a href=\"https:\/\/caso-centro.com\/pt_pt\/junte-se-a-nos\/\" class=\"elementor-item\" tabindex=\"-1\">Junte-se a n\u00f3s<\/a><\/li>\n<li class=\"menu-item menu-item-type-post_type menu-item-object-page menu-item-2737\"><a href=\"https:\/\/caso-centro.com\/pt_pt\/contato\/\" class=\"elementor-item\" tabindex=\"-1\">Contato<\/a><\/li>\n<\/ul>\t\t\t<\/nav>\n\t\t\t\t\t\t<\/div>\n\t\t\t\t<\/div>\n\t\t\t\t<div class=\"elementor-element elementor-element-2a6359ae elementor-view-default elementor-widget elementor-widget-icon\" data-id=\"2a6359ae\" data-element_type=\"widget\" data-widget_type=\"icon.default\">\n\t\t\t\t<div class=\"elementor-widget-container\">\n\t\t\t\t\t\t\t<div class=\"elementor-icon-wrapper\">\n\t\t\t<a class=\"elementor-icon\" href=\"#\">\n\t\t\t<i aria-hidden=\"true\" class=\"icofont icofont-user-alt-3\"><\/i>\t\t\t<\/a>\n\t\t<\/div>\n\t\t\t\t\t\t<\/div>\n\t\t\t\t<\/div>\n\t\t\t\t\t<\/div>\n\t\t\t\t<\/div>\n\t\t\t\t<\/div>\n\t\t\t\t\t<\/div>\n\t\t\t\t<\/div>\n\t\t<div class=\"elementor-element elementor-element-7cc48df1 e-flex e-con-boxed e-con e-parent\" data-id=\"7cc48df1\" data-element_type=\"container\" data-settings=\"{&quot;background_background&quot;:&quot;classic&quot;}\">\n\t\t\t\t\t<div class=\"e-con-inner\">\n\t\t<div class=\"elementor-element elementor-element-2ee59137 e-flex e-con-boxed e-con e-child\" data-id=\"2ee59137\" data-element_type=\"container\">\n\t\t\t\t\t<div class=\"e-con-inner\">\n\t\t\t\t<div class=\"elementor-element elementor-element-1a75fbc5 elementor-invisible elementor-widget elementor-widget-heading\" data-id=\"1a75fbc5\" data-element_type=\"widget\" data-settings=\"{&quot;_animation&quot;:&quot;fadeInUp&quot;}\" data-widget_type=\"heading.default\">\n\t\t\t\t<div class=\"elementor-widget-container\">\n\t\t\t\t\t<h1 class=\"elementor-heading-title elementor-size-default\">Hist\u00f3ria<\/h1>\t\t\t\t<\/div>\n\t\t\t\t<\/div>\n\t\t\t\t\t<\/div>\n\t\t\t\t<\/div>\n\t\t\t\t\t<\/div>\n\t\t\t\t<\/div>\n\t\t<div class=\"elementor-element elementor-element-97e6099 e-flex e-con-boxed e-con e-parent\" data-id=\"97e6099\" data-element_type=\"container\">\n\t\t\t\t\t<div class=\"e-con-inner\">\n\t\t\t\t<div class=\"elementor-element elementor-element-9c624d0 elementor-widget elementor-widget-text-editor\" data-id=\"9c624d0\" data-element_type=\"widget\" data-widget_type=\"text-editor.default\">\n\t\t\t\t<div class=\"elementor-widget-container\">\n\t\t\t\t\t\t\t\t\t<div class=\"elementor-element elementor-element-73908b3 elementor-widget__width-inherit elementor-widget elementor-widget-theme-post-title elementor-page-title elementor-widget-heading\" data-id=\"73908b3\" data-element_type=\"widget\" data-widget_type=\"theme-post-title.default\"><div class=\"elementor-widget-container\"><h1 class=\"elementor-heading-title elementor-size-default\" style=\"text-align: center;\">HIST\u00d3RIA<\/h1><\/div><\/div><div class=\"elementor-element elementor-element-1eb0e03 elementor-widget elementor-widget-theme-post-content\" data-id=\"1eb0e03\" data-element_type=\"widget\" data-widget_type=\"theme-post-content.default\"><div class=\"elementor-widget-container\"><div class=\"elementor elementor-7630\" data-elementor-type=\"wp-page\" data-elementor-id=\"7630\" data-elementor-post-type=\"page\"><section class=\"elementor-section elementor-top-section elementor-element elementor-element-52b3f99 elementor-reverse-mobile elementor-section-boxed elementor-section-height-default elementor-section-height-default\" data-id=\"52b3f99\" data-element_type=\"section\"><div class=\"elementor-container elementor-column-gap-wider\"><div class=\"elementor-column elementor-col-100 elementor-top-column elementor-element elementor-element-ced21a6\" data-id=\"ced21a6\" data-element_type=\"column\"><div class=\"elementor-widget-wrap elementor-element-populated\"><div class=\"elementor-element elementor-element-9a9c3ac elementor-widget elementor-widget-image\" style=\"text-align: center;\" data-id=\"9a9c3ac\" data-element_type=\"widget\" data-widget_type=\"image.default\"><div class=\"elementor-widget-container\"><img fetchpriority=\"high\" decoding=\"async\" class=\"attachment-large size-large wp-image-7633\" src=\"https:\/\/caso-centro.pt\/wp-content\/uploads\/2023\/03\/topo_historia.png\" sizes=\"(max-width: 879px) 100vw, 879px\" srcset=\"https:\/\/caso-centro.pt\/wp-content\/uploads\/2023\/03\/topo_historia.png 879w, https:\/\/caso-centro.pt\/wp-content\/uploads\/2023\/03\/topo_historia-600x165.png 600w, https:\/\/caso-centro.pt\/wp-content\/uploads\/2023\/03\/topo_historia-300x83.png 300w, https:\/\/caso-centro.pt\/wp-content\/uploads\/2023\/03\/topo_historia-768x211.png 768w\" alt=\"\" width=\"879\" height=\"242\" \/><\/div><\/div><div class=\"elementor-element elementor-element-47b574d elementor-widget elementor-widget-spacer\" style=\"text-align: center;\" data-id=\"47b574d\" data-element_type=\"widget\" data-widget_type=\"spacer.default\"><div class=\"elementor-widget-container\"><div class=\"elementor-spacer\"><div class=\"elementor-spacer-inner\">\u00a0<\/div><\/div><\/div><\/div><div class=\"elementor-element elementor-element-3ee8b49 elementor-widget__width-inherit elementor-widget elementor-widget-heading\" style=\"text-align: center;\" data-id=\"3ee8b49\" data-element_type=\"widget\" data-widget_type=\"heading.default\"><div class=\"elementor-widget-container\"><h3 class=\"elementor-heading-title elementor-size-default\">NOSSA HIST\u00d3RIA<\/h3><\/div><\/div><div class=\"elementor-element elementor-element-9f735a7 elementor-widget elementor-widget-spacer\" style=\"text-align: center;\" data-id=\"9f735a7\" data-element_type=\"widget\" data-widget_type=\"spacer.default\"><div class=\"elementor-widget-container\"><div class=\"elementor-spacer\"><div class=\"elementor-spacer-inner\">\u00a0<\/div><\/div><\/div><\/div><div class=\"elementor-element elementor-element-1a036d5 elementor-widget elementor-widget-text-editor\" data-id=\"1a036d5\" data-element_type=\"widget\" data-widget_type=\"text-editor.default\"><div class=\"elementor-widget-container\"><div style=\"text-align: center;\"><span class=\"hermes\"><strong class=\"hermesbold\">1972<\/strong>\u00a0\u2013 Funda\u00e7\u00e3o da MIF SGPS, empresa que deu origem ao Grupo Montalva, inicialmente especializada na \u00e1rea da produ\u00e7\u00e3o animal.<br \/><br \/><strong class=\"hermesbold\">anos 80<\/strong>\u00a0\u2013 Entrada no setor de ra\u00e7\u00e3o animal. Mais de uma d\u00e9cada ap\u00f3s a funda\u00e7\u00e3o do Grupo, a entrada no setor de ra\u00e7\u00e3o animal se d\u00e1 por meio da aquisi\u00e7\u00e3o de duas grandes empresas do setor (Progado Centro Sul, S.A. e Progado \u2013 Sociedade Produtora de Ra\u00e7\u00f5es, S.A.).<br \/><br \/><strong class=\"hermesbold\">anos 90<\/strong>\u00a0\u2013 Entrada no setor de transforma\u00e7\u00e3o de carnes (Dilop e Ribacarne).<br \/><br \/><strong class=\"hermesbold\">2003<\/strong>\u00a0\u2013 Aquisi\u00e7\u00e3o de um importante player no setor de carnes com as marcas Izidoro e Damatta. Aquisi\u00e7\u00e3o da Sapropor, permitindo ao Grupo tornar-se um player de refer\u00eancia no mercado portugu\u00eas de produ\u00e7\u00e3o de carnes.<br \/><br \/><strong class=\"hermesbold\">2007<\/strong>\u00a0\u2013 O centen\u00e1rio da marca Damatta.<br \/><br \/><strong class=\"hermesbold\">2011<\/strong>\u00a0\u2013 Grande refor\u00e7o da estrutura de capital. Entrada de um novo acionista majorit\u00e1rio (ECS Capital).<br \/><br \/><strong class=\"hermesbold\">2012<\/strong>\u00a0\u2013 Aquisi\u00e7\u00e3o da empresa Montebravo, criando novas oportunidades de neg\u00f3cio na ind\u00fastria da carne. O grupo MIF passar\u00e1 a designar-se Grupo Montalva, um ambicioso projeto de qualidade e controlo da cadeia produtiva integrada da carne portuguesa, recriando a forte liga\u00e7\u00e3o com a natureza e as nossas ra\u00edzes, consolidando a tradi\u00e7\u00e3o na cria\u00e7\u00e3o dos melhores ingredientes.<br \/>Reformula\u00e7\u00e3o das marcas Damatta e Izidoro.<\/span><\/div><div style=\"text-align: center;\">\u00a0<\/div><div style=\"text-align: center;\"><span class=\"hermes\">O Grupo Montalva surpreendeu o mercado com a sua marca de carnes e preparados de carne Montalva. Trata-se de uma gama variada de carnes portuguesas, frescas e saborosas, de elevada qualidade. A gama Montalva de produtos frescos variados, dispon\u00edvel nos principais supermercados e hipermercados de Portugal, assenta em tr\u00eas conceitos distintos: Cl\u00e1ssico, Saud\u00e1vel e Explorar.<\/span><\/div><\/div><\/div><\/div><\/div><\/div><\/section><\/div><\/div><\/div>\t\t\t\t\t\t\t\t<\/div>\n\t\t\t\t<\/div>\n\t\t\t\t\t<\/div>\n\t\t\t\t<\/div>\n\t\t<div class=\"elementor-element elementor-element-4d62201b e-flex e-con-boxed e-con e-parent\" data-id=\"4d62201b\" data-element_type=\"container\">\n\t\t\t\t\t<div class=\"e-con-inner\">\n\t\t<div class=\"elementor-element elementor-element-3a35416a e-con-full e-flex e-con e-child\" data-id=\"3a35416a\" data-element_type=\"container\">\n\t\t\t\t<div class=\"elementor-element elementor-element-29bb4041 elementor-widget elementor-widget-image\" data-id=\"29bb4041\" data-element_type=\"widget\" data-widget_type=\"image.default\">\n\t\t\t\t<div class=\"elementor-widget-container\">\n\t\t\t\t\t\t\t\t\t\t\t\t\t\t\t<img decoding=\"async\" src=\"https:\/\/caso-centro.com\/wp-content\/uploads\/elementor\/thumbs\/GRUPO.-RED-qof4due2jatqtphu53qki52edcyf3zw66w7cuozdog.png\" title=\"GRUPO. VERMELHO\" alt=\"GRUPO. VERMELHO\" loading=\"lazy\" \/>\t\t\t\t\t\t\t\t\t\t\t\t\t\t\t<\/div>\n\t\t\t\t<\/div>\n\t\t\t\t<\/div>\n\t\t<div class=\"elementor-element elementor-element-3999b313 e-con-full e-flex e-con e-child\" data-id=\"3999b313\" data-element_type=\"container\">\n\t\t\t\t<div class=\"elementor-element elementor-element-348d38f4 elementor-widget elementor-widget-heading\" data-id=\"348d38f4\" data-element_type=\"widget\" data-widget_type=\"heading.default\">\n\t\t\t\t<div class=\"elementor-widget-container\">\n\t\t\t\t\t<h5 class=\"elementor-heading-title elementor-size-default\">Produto popular\n<\/h5>\t\t\t\t<\/div>\n\t\t\t\t<\/div>\n\t\t\t\t<div class=\"elementor-element elementor-element-57484ef8 elementor-icon-list--layout-traditional elementor-list-item-link-full_width elementor-widget elementor-widget-icon-list\" data-id=\"57484ef8\" data-element_type=\"widget\" data-widget_type=\"icon-list.default\">\n\t\t\t\t<div class=\"elementor-widget-container\">\n\t\t\t\t\t\t\t<ul class=\"elementor-icon-list-items\">\n\t\t\t\t\t\t\t<li class=\"elementor-icon-list-item\">\n\t\t\t\t\t\t\t\t\t\t\t<a href=\"https:\/\/caso-centro.com\/pt_pt\/product-category\/shoulder-products\/\">\n\n\t\t\t\t\t\t\t\t\t\t\t<span class=\"elementor-icon-list-text\">PRODUTOS PARA OMBRO <\/span>\n\t\t\t\t\t\t\t\t\t\t\t<\/a>\n\t\t\t\t\t\t\t\t\t<\/li>\n\t\t\t\t\t\t\t\t<li class=\"elementor-icon-list-item\">\n\t\t\t\t\t\t\t\t\t\t\t<a href=\"https:\/\/caso-centro.com\/pt_pt\/sobre-nos\/\">\n\n\t\t\t\t\t\t\t\t\t\t\t<span class=\"elementor-icon-list-text\">PRODUTOS PARA LOMBO E BARRIGA<\/span>\n\t\t\t\t\t\t\t\t\t\t\t<\/a>\n\t\t\t\t\t\t\t\t\t<\/li>\n\t\t\t\t\t\t\t\t<li class=\"elementor-icon-list-item\">\n\t\t\t\t\t\t\t\t\t\t\t<a href=\"https:\/\/caso-centro.com\/pt_pt\/product-category\/leg-or-ham-products\/\">\n\n\t\t\t\t\t\t\t\t\t\t\t<span class=\"elementor-icon-list-text\">PRODUTOS PARA PERNA OU PRESUNTO <\/span>\n\t\t\t\t\t\t\t\t\t\t\t<\/a>\n\t\t\t\t\t\t\t\t\t<\/li>\n\t\t\t\t\t\t\t\t<li class=\"elementor-icon-list-item\">\n\t\t\t\t\t\t\t\t\t\t\t<a href=\"https:\/\/caso-centro.com\/pt_pt\/product-category\/offals\/\">\n\n\t\t\t\t\t\t\t\t\t\t\t<span class=\"elementor-icon-list-text\">MI\u00daDOS<\/span>\n\t\t\t\t\t\t\t\t\t\t\t<\/a>\n\t\t\t\t\t\t\t\t\t<\/li>\n\t\t\t\t\t\t<\/ul>\n\t\t\t\t\t\t<\/div>\n\t\t\t\t<\/div>\n\t\t\t\t<\/div>\n\t\t<div class=\"elementor-element elementor-element-373ab9d1 e-con-full e-flex e-con e-child\" data-id=\"373ab9d1\" data-element_type=\"container\">\n\t\t\t\t<div class=\"elementor-element elementor-element-68aa5f90 elementor-widget elementor-widget-heading\" data-id=\"68aa5f90\" data-element_type=\"widget\" data-widget_type=\"heading.default\">\n\t\t\t\t<div class=\"elementor-widget-container\">\n\t\t\t\t\t<h5 class=\"elementor-heading-title elementor-size-default\">Link r\u00e1pido\n<\/h5>\t\t\t\t<\/div>\n\t\t\t\t<\/div>\n\t\t\t\t<div class=\"elementor-element elementor-element-199f31c4 elementor-icon-list--layout-traditional elementor-list-item-link-full_width elementor-widget elementor-widget-icon-list\" data-id=\"199f31c4\" data-element_type=\"widget\" data-widget_type=\"icon-list.default\">\n\t\t\t\t<div class=\"elementor-widget-container\">\n\t\t\t\t\t\t\t<ul class=\"elementor-icon-list-items\">\n\t\t\t\t\t\t\t<li class=\"elementor-icon-list-item\">\n\t\t\t\t\t\t\t\t\t\t\t<a href=\"https:\/\/caso-centro.com\/pt_pt\/\">\n\n\t\t\t\t\t\t\t\t\t\t\t<span class=\"elementor-icon-list-text\">Lar <\/span>\n\t\t\t\t\t\t\t\t\t\t\t<\/a>\n\t\t\t\t\t\t\t\t\t<\/li>\n\t\t\t\t\t\t\t\t<li class=\"elementor-icon-list-item\">\n\t\t\t\t\t\t\t\t\t\t\t<a href=\"https:\/\/caso-centro.com\/pt_pt\/business-area\/\">\n\n\t\t\t\t\t\t\t\t\t\t\t<span class=\"elementor-icon-list-text\">\u00c1rea de Neg\u00f3cios <\/span>\n\t\t\t\t\t\t\t\t\t\t\t<\/a>\n\t\t\t\t\t\t\t\t\t<\/li>\n\t\t\t\t\t\t\t\t<li class=\"elementor-icon-list-item\">\n\t\t\t\t\t\t\t\t\t\t\t<a href=\"https:\/\/caso-centro.com\/pt_pt\/contato\/\">\n\n\t\t\t\t\t\t\t\t\t\t\t<span class=\"elementor-icon-list-text\">Reserva<\/span>\n\t\t\t\t\t\t\t\t\t\t\t<\/a>\n\t\t\t\t\t\t\t\t\t<\/li>\n\t\t\t\t\t\t\t\t<li class=\"elementor-icon-list-item\">\n\t\t\t\t\t\t\t\t\t\t\t<a href=\"https:\/\/caso-centro.com\/pt_pt\/sobre-nos\/\">\n\n\t\t\t\t\t\t\t\t\t\t\t<span class=\"elementor-icon-list-text\"> Sobre n\u00f3s <\/span>\n\t\t\t\t\t\t\t\t\t\t\t<\/a>\n\t\t\t\t\t\t\t\t\t<\/li>\n\t\t\t\t\t\t\t\t<li class=\"elementor-icon-list-item\">\n\t\t\t\t\t\t\t\t\t\t\t<a href=\"https:\/\/caso-centro.com\/pt_pt\/contato\/\">\n\n\t\t\t\t\t\t\t\t\t\t\t<span class=\"elementor-icon-list-text\">Contate-nos<\/span>\n\t\t\t\t\t\t\t\t\t\t\t<\/a>\n\t\t\t\t\t\t\t\t\t<\/li>\n\t\t\t\t\t\t<\/ul>\n\t\t\t\t\t\t<\/div>\n\t\t\t\t<\/div>\n\t\t\t\t<\/div>\n\t\t<div class=\"elementor-element elementor-element-4ebae86c e-con-full e-flex e-con e-child\" data-id=\"4ebae86c\" data-element_type=\"container\">\n\t\t\t\t<div class=\"elementor-element elementor-element-20ce228f elementor-widget elementor-widget-heading\" data-id=\"20ce228f\" data-element_type=\"widget\" data-widget_type=\"heading.default\">\n\t\t\t\t<div class=\"elementor-widget-container\">\n\t\t\t\t\t<h5 class=\"elementor-heading-title elementor-size-default\">Entre em contato\n<\/h5>\t\t\t\t<\/div>\n\t\t\t\t<\/div>\n\t\t\t\t<div class=\"elementor-element elementor-element-7e433c6a elementor-icon-list--layout-traditional elementor-list-item-link-full_width elementor-widget elementor-widget-icon-list\" data-id=\"7e433c6a\" data-element_type=\"widget\" data-widget_type=\"icon-list.default\">\n\t\t\t\t<div class=\"elementor-widget-container\">\n\t\t\t\t\t\t\t<ul class=\"elementor-icon-list-items\">\n\t\t\t\t\t\t\t<li class=\"elementor-icon-list-item\">\n\t\t\t\t\t\t\t\t\t\t<span class=\"elementor-icon-list-text\"> <\/br> <\/span>\n\t\t\t\t\t\t\t\t\t<\/li>\n\t\t\t\t\t\t\t\t<li class=\"elementor-icon-list-item\">\n\t\t\t\t\t\t\t\t\t\t\t<span class=\"elementor-icon-list-icon\">\n\t\t\t\t\t\t\t<i aria-hidden=\"true\" class=\"mdi mdi-email-outline\"><\/i>\t\t\t\t\t\t<\/span>\n\t\t\t\t\t\t\t\t\t\t<span class=\"elementor-icon-list-text\">vendas@caso-centro.com<\/span>\n\t\t\t\t\t\t\t\t\t<\/li>\n\t\t\t\t\t\t\t\t<li class=\"elementor-icon-list-item\">\n\t\t\t\t\t\t\t\t\t\t\t<span class=\"elementor-icon-list-icon\">\n\t\t\t\t\t\t\t<i aria-hidden=\"true\" class=\"mdi mdi-phone\"><\/i>\t\t\t\t\t\t<\/span>\n\t\t\t\t\t\t\t\t\t\t<span class=\"elementor-icon-list-text\">Whatsapp: +351 926 591 745<\/span>\n\t\t\t\t\t\t\t\t\t<\/li>\n\t\t\t\t\t\t<\/ul>\n\t\t\t\t\t\t<\/div>\n\t\t\t\t<\/div>\n\t\t\t\t<\/div>\n\t\t<div class=\"elementor-element elementor-element-6d299af9 e-con-full e-flex e-con e-child\" data-id=\"6d299af9\" data-element_type=\"container\">\n\t\t\t\t<div class=\"elementor-element elementor-element-5457a80a elementor-widget elementor-widget-heading\" data-id=\"5457a80a\" data-element_type=\"widget\" data-widget_type=\"heading.default\">\n\t\t\t\t<div class=\"elementor-widget-container\">\n\t\t\t\t\t<div class=\"elementor-heading-title elementor-size-default\">Copyright\u00a9 2024 Caso - Centro De Abate De Su\u00ednos Do Oeste, SA Todos os direitos reservados. Desenvolvido por CASO CENTRO.<\/div>\t\t\t\t<\/div>\n\t\t\t\t<\/div>\n\t\t\t\t<div class=\"elementor-element elementor-element-543969ff elementor-icon-list--layout-inline elementor-list-item-link-full_width elementor-widget elementor-widget-icon-list\" data-id=\"543969ff\" data-element_type=\"widget\" data-widget_type=\"icon-list.default\">\n\t\t\t\t<div class=\"elementor-widget-container\">\n\t\t\t\t\t\t\t<ul class=\"elementor-icon-list-items elementor-inline-items\">\n\t\t\t\t\t\t\t<li class=\"elementor-icon-list-item elementor-inline-item\">\n\t\t\t\t\t\t\t\t\t\t\t<a href=\"#\">\n\n\t\t\t\t\t\t\t\t\t\t\t<span class=\"elementor-icon-list-text\">Prazo de presta\u00e7\u00e3o de servi\u00e7os<\/span>\n\t\t\t\t\t\t\t\t\t\t\t<\/a>\n\t\t\t\t\t\t\t\t\t<\/li>\n\t\t\t\t\t\t\t\t<li class=\"elementor-icon-list-item elementor-inline-item\">\n\t\t\t\t\t\t\t\t\t\t\t<a href=\"#\">\n\n\t\t\t\t\t\t\t\t\t\t\t<span class=\"elementor-icon-list-text\">pol\u00edtica de Privacidade <\/span>\n\t\t\t\t\t\t\t\t\t\t\t<\/a>\n\t\t\t\t\t\t\t\t\t<\/li>\n\t\t\t\t\t\t\t\t<li class=\"elementor-icon-list-item elementor-inline-item\">\n\t\t\t\t\t\t\t\t\t\t\t<a href=\"#\">\n\n\t\t\t\t\t\t\t\t\t\t\t<span class=\"elementor-icon-list-text\">Pol\u00edtica de Cookies <\/span>\n\t\t\t\t\t\t\t\t\t\t\t<\/a>\n\t\t\t\t\t\t\t\t\t<\/li>\n\t\t\t\t\t\t<\/ul>\n\t\t\t\t\t\t<\/div>\n\t\t\t\t<\/div>\n\t\t\t\t<\/div>\n\t\t\t\t\t<\/div>\n\t\t\t\t<\/div>\n\t\t\t\t<\/div>","protected":false},"excerpt":{"rendered":"<p>+351 926 591 745 support@yourdomain.tld HISTORY \u00a0 OUR HISTORY \u00a01972\u00a0\u2013 Fundation of MIF SGPS, a company that has given rise to the Montalva Group, initially specialized in the animal production area. 80\u2019s\u00a0\u2013 Entrance in the animal feed sector. Over a decade after the Group fundation, the entrance in the animal feeding sector is made through [&hellip;]<\/p>","protected":false},"author":1,"featured_media":0,"parent":0,"menu_order":0,"comment_status":"closed","ping_status":"closed","template":"","meta":{"footnotes":""},"class_list":["post-3039","page","type-page","status-publish","hentry"],"_links":{"self":[{"href":"https:\/\/caso-centro.com\/pt_pt\/wp-json\/wp\/v2\/pages\/3039","targetHints":{"allow":["GET"]}}],"collection":[{"href":"https:\/\/caso-centro.com\/pt_pt\/wp-json\/wp\/v2\/pages"}],"about":[{"href":"https:\/\/caso-centro.com\/pt_pt\/wp-json\/wp\/v2\/types\/page"}],"author":[{"embeddable":true,"href":"https:\/\/caso-centro.com\/pt_pt\/wp-json\/wp\/v2\/users\/1"}],"replies":[{"embeddable":true,"href":"https:\/\/caso-centro.com\/pt_pt\/wp-json\/wp\/v2\/comments?post=3039"}],"version-history":[{"count":10,"href":"https:\/\/caso-centro.com\/pt_pt\/wp-json\/wp\/v2\/pages\/3039\/revisions"}],"predecessor-version":[{"id":3164,"href":"https:\/\/caso-centro.com\/pt_pt\/wp-json\/wp\/v2\/pages\/3039\/revisions\/3164"}],"wp:attachment":[{"href":"https:\/\/caso-centro.com\/pt_pt\/wp-json\/wp\/v2\/media?parent=3039"}],"curies":[{"name":"wp","href":"https:\/\/api.w.org\/{rel}","templated":true}]}}