{"id":2763,"date":"2024-05-18T11:40:16","date_gmt":"2024-05-18T11:40:16","guid":{"rendered":"https:\/\/caso-centro.com\/?post_type=product&#038;p=2763"},"modified":"2026-04-14T10:18:03","modified_gmt":"2026-04-14T10:18:03","slug":"frozen-pork-snout-bone-in","status":"publish","type":"product","link":"https:\/\/caso-centro.com\/pt\/produto\/focinho-de-porco-congelado-com-osso\/","title":{"rendered":"Focinho de porco congelado com osso"},"content":{"rendered":"<h1><strong>Focinho de porco congelado com osso<\/strong><\/h1>\n<p>Voc\u00ea est\u00e1 interessado em Focinho de Porco Congelado com Osso? Em <strong>Caso \u2013 Centro De Abate De Su\u00ednos Do Oeste, SA<\/strong> Somos especializados no com\u00e9rcio de miudezas de porco de alta qualidade e outras qualidades\u00a0<a href=\"https:\/\/es.wikipedia.org\/wiki\/Carne_de_cerdo\" target=\"_blank\" rel=\"noopener\">Carne de porco<\/a>\u00a0Cortes. Como comerciante internacional de produtos su\u00ednos, fornecemos todos os cortes de carne su\u00edna de qualidade para \u00c1sia, Europa, \u00c1frica, Austr\u00e1lia, Am\u00e9rica do Norte e Am\u00e9rica do Sul.<\/p>\n<p><strong>Caso \u2013 Centro De Abate De Su\u00ednos Do Oeste, SA<\/strong>. oferece todos os cortes de alta qualidade <a href=\"https:\/\/es.wikipedia.org\/wiki\/Carne_de_cerdo\" target=\"_blank\" rel=\"noopener\">Carne de porco<\/a>. Nosso focinho de porco de primeira qualidade est\u00e1 dispon\u00edvel o ano todo. Adquirimos nosso focinho de porco de qualidade com muito cuidado em nossa\u00a0<a href=\"https:\/\/es.wikipedia.org\/wiki\/Matadero\" target=\"_blank\" rel=\"noopener\"><strong>matadouros de su\u00ednos\u00a0<\/strong>e<strong>\u00a0matadouros<\/strong><\/a>\u00a0onde temos uma grande quantidade de funcion\u00e1rios talentosos e experientes trabalhando para lhe servir o melhor focinho de porco de qualidade<\/p>\n<p><a href=\"https:\/\/es.wikipedia.org\/wiki\/Carne_de_cerdo\" target=\"_blank\" rel=\"noopener\">Carne de porco<\/a>\u00a0\u00c9 muito saboroso e aprovado por todos os comit\u00eas de alimentos para consumo humano. \u00c9 usado em diversas culin\u00e1rias ao redor do mundo. Carne de porco \u00e9 o nome culin\u00e1rio para a carne do porco dom\u00e9stico. \u00c9 a carne mais consumida em todo o mundo, com evid\u00eancias de cria\u00e7\u00e3o de su\u00ednos que remontam a 5000 a.C. A carne de porco \u00e9 consumida tanto fresca quanto em conserva; a cura prolonga a vida \u00fatil dos produtos su\u00ednos. Presunto, carne de porco defumada, presunto, bacon e lingui\u00e7a s\u00e3o exemplos de carne de porco em conserva.<\/p>\n<p><strong>DESCRI\u00c7\u00c3O DO PRODUTO, EMBALAGEM E EXPORTA\u00c7\u00c3O<\/strong><br \/>\nCategoria do produto: Carne de porco crua<br \/>\nTipo: Focinho de porco congelado com osso<br \/>\nPa\u00eds de origem: <a href=\"https:\/\/es.wikipedia.org\/wiki\/Espa%C3%B1a\" target=\"_blank\" rel=\"noopener\">Portugal<\/a><br \/>\nMarca\/N\u00famero de f\u00e1brica: 06-06<br \/>\nSaco: 30 x 60 cm 58mic embalado a v\u00e1cuo<br \/>\nCaixa 465 x 265 x 210,51 cm + 3 divis\u00f3rias<br \/>\n4 unidades por caixa<br \/>\nPeso da caixa 18,14 kg<br \/>\nPaletes: 98 caixas\/palete<br \/>\nPrazo de validade: 24 meses<br \/>\nM\u00e9todo de armazenamento: refrigerado (menos 18 graus Celsius)<br \/>\nLicen\u00e7a de higiene:\u00a0<a href=\"https:\/\/www.sgs.es\/\" target=\"_blank\" rel=\"noopener\">SGS<\/a>,\u00a0<a href=\"https:\/\/www.ifs-certification.com\/index.php\/es\/\" target=\"_blank\" rel=\"noopener\">IFS<\/a>,\u00a0<a href=\"https:\/\/www.hfsaa.org\/\" target=\"_blank\" rel=\"noopener\">Certifica\u00e7\u00e3o de alimentos halal<\/a>,\u00a0<a href=\"https:\/\/www.brcgs.com\/\" target=\"_blank\" rel=\"noopener\">BRCGS<\/a>, e\u00a0<a href=\"https:\/\/interporc.com\/\" target=\"_blank\" rel=\"noopener\">IAWS INTERPORC<\/a>.<\/p>\n<p><strong>ESPECIFICA\u00c7\u00c3O DO PRODUTO<\/strong><\/p>\n<ul>\n<li>Qualidade: Grau A.<\/li>\n<li>100% fresco e congelado.<\/li>\n<li>Bem vestido e limpo.<\/li>\n<li>Sem cabelo<\/li>\n<li>Sem buracos<\/li>\n<li>Sem gordura\/contamina\u00e7\u00e3o.<\/li>\n<li>Gelo: &lt;0,3%<\/li>\n<li>Ossos quebrados menores que 1%.<\/li>\n<li>Detec\u00e7\u00e3o de salmonela: 0%.<\/li>\n<\/ul>","protected":false},"excerpt":{"rendered":"<p>Focinho de porco congelado com osso e outros cortes distintos de carne de porco \u2013 sempre fornecidos por produtos frescos em <strong>Caso \u2013 Centro De Abate De Su\u00ednos Do Oeste, SA<\/strong>. Seu pedido ser\u00e1 cuidadosamente embalado em uma caixa isolada com espuma biodegrad\u00e1vel, juntamente com bolsas de gelo para manter a temperatura adequada.<\/p>\n<p>Qualidade superior, grau A, certificado de sa\u00fade 100%, entrega r\u00e1pida e pre\u00e7os com desconto. Entre em contato conosco para obter detalhes completos do produto.<\/p>","protected":false},"featured_media":2764,"comment_status":"open","ping_status":"closed","template":"","meta":[],"product_brand":[],"product_cat":[59],"product_tag":[],"class_list":{"0":"post-2763","1":"product","2":"type-product","3":"status-publish","4":"has-post-thumbnail","6":"product_cat-offals","8":"first","9":"instock","10":"shipping-taxable","11":"product-type-simple"},"_links":{"self":[{"href":"https:\/\/caso-centro.com\/pt\/wp-json\/wp\/v2\/product\/2763","targetHints":{"allow":["GET"]}}],"collection":[{"href":"https:\/\/caso-centro.com\/pt\/wp-json\/wp\/v2\/product"}],"about":[{"href":"https:\/\/caso-centro.com\/pt\/wp-json\/wp\/v2\/types\/product"}],"replies":[{"embeddable":true,"href":"https:\/\/caso-centro.com\/pt\/wp-json\/wp\/v2\/comments?post=2763"}],"wp:featuredmedia":[{"embeddable":true,"href":"https:\/\/caso-centro.com\/pt\/wp-json\/wp\/v2\/media\/2764"}],"wp:attachment":[{"href":"https:\/\/caso-centro.com\/pt\/wp-json\/wp\/v2\/media?parent=2763"}],"wp:term":[{"taxonomy":"product_brand","embeddable":true,"href":"https:\/\/caso-centro.com\/pt\/wp-json\/wp\/v2\/product_brand?post=2763"},{"taxonomy":"product_cat","embeddable":true,"href":"https:\/\/caso-centro.com\/pt\/wp-json\/wp\/v2\/product_cat?post=2763"},{"taxonomy":"product_tag","embeddable":true,"href":"https:\/\/caso-centro.com\/pt\/wp-json\/wp\/v2\/product_tag?post=2763"}],"curies":[{"name":"wp","href":"https:\/\/api.w.org\/{rel}","templated":true}]}}