{"id":2594,"date":"2024-05-17T18:59:35","date_gmt":"2024-05-17T18:59:35","guid":{"rendered":"https:\/\/caso-centro.com\/?post_type=product&#038;p=2594"},"modified":"2026-03-12T19:32:09","modified_gmt":"2026-03-12T19:32:09","slug":"frozen-pork-back-bacon-green","status":"publish","type":"product","link":"https:\/\/caso-centro.com\/pt\/produto\/frozen-pork-back-bacon-green\/","title":{"rendered":"Bacon de porco congelado verde"},"content":{"rendered":"<h1><strong>Bacon de porco congelado verde<\/strong><\/h1>\n<p>Are you interested in Frozen Pork Back Bacon Green ? At\u00a0C\u00c0RNIQUES DE JUI\u00c0, S.A.. we are specialized in the trade of high-quality Pork\u00a0LOIN &amp; BELLY PRODUCTS\u00a0and other quality\u00a0Pork meat\u00a0cuts. As an international trader of pork products, we supply all quality pork cuts to Asia, Europe, Africa, Australia, North America, and South America.<\/p>\n<p>C\u00c0RNIQUES DE JUI\u00c0, S.A. offers all cuts of high-quality\u00a0Pork meat. Our grade A pork back bacon are available all year round. We source our Quality pork back bacon with great care at our\u00a0<strong>matadouros de su\u00ednos\u00a0<\/strong>e<strong>\u00a0matadouros<\/strong>\u00a0where we\u2019ve got a wealth of talented and experienced employees working to serve you the best quality pork back bacon<\/p>\n<p>A carne su\u00edna \u00e9 muito saborosa e aprovada por todos os comit\u00eas de alimentos para consumo humano. \u00c9 utilizada em diversas culin\u00e1rias ao redor do mundo. Carne su\u00edna \u00e9 o nome culin\u00e1rio dado \u00e0 carne do porco dom\u00e9stico. \u00c9 a carne mais consumida em todo o mundo, com evid\u00eancias de cria\u00e7\u00e3o de su\u00ednos que remontam a 5000 a.C. A carne su\u00edna \u00e9 consumida tanto fresca quanto em conserva; a cura prolonga a vida \u00fatil dos produtos su\u00ednos. Presunto, carne de porco defumada, presunto, bacon e lingui\u00e7a s\u00e3o exemplos de carne su\u00edna em conserva.<\/p>\n<p><strong>DESCRI\u00c7\u00c3O DO PRODUTO, EMBALAGEM E EXPORTA\u00c7\u00c3O<\/strong><\/p>\n<p>Categoria do produto: Carne de porco crua<\/p>\n<p>Type: Frozen Pork Back Bacon Green<\/p>\n<p>Pa\u00eds de origem: <a href=\"https:\/\/es.wikipedia.org\/wiki\/Espa%C3%B1a\" target=\"_blank\" rel=\"noopener\">Portugal<\/a><\/p>\n<p>Marca\/N\u00famero de f\u00e1brica: 06-06<\/p>\n<p>Saco: 30 x 60 cm 58mic embalado a v\u00e1cuo<\/p>\n<p>Caixa 465 x 265 x 210,51 cm + 3 divis\u00f3rias<\/p>\n<p>4 unidades por caixa<\/p>\n<p>Peso da caixa 18,14 kg<\/p>\n<p>Paletes: 98 caixas\/palete<\/p>\n<p>Prazo de validade: 24 meses<\/p>\n<p>M\u00e9todo de armazenamento: refrigerado (menos 18 graus Celsius)<\/p>\n<p>Licen\u00e7a de higiene: SGS, IFS, certifica\u00e7\u00e3o de alimentos Halal, BRCGS e IAWS INTERPORC.<\/p>\n<p><strong>ESPECIFICA\u00c7\u00c3O DO PRODUTO<\/strong><\/p>\n<ul>\n<li>Qualidade: Grau A.<\/li>\n<li>100% fresco e congelado.<\/li>\n<li>Bem vestido e limpo.<\/li>\n<li>Sem cabelo<\/li>\n<li>Sem buracos<\/li>\n<li>Sem gordura\/contamina\u00e7\u00e3o.<\/li>\n<li>Gelo: &lt;0,3%<\/li>\n<li>Ossos quebrados menores que 1%.<\/li>\n<li>Detec\u00e7\u00e3o de salmonela: 0%.<\/li>\n<\/ul>","protected":false},"excerpt":{"rendered":"<p>Frozen Pork Back Bacon Green and other distinguished pork cuts \u2013 always supplied from Fresh produce at C\u00c0RNIQUES DE JUI\u00c0, S.A. Your order will be carefully packed in a box insulated with biodegradable foam, along with ice packs to maintain proper temperature.<\/p>\n<p>Qualidade superior, grau A, certificado de sa\u00fade 100%, entrega r\u00e1pida e pre\u00e7os com desconto. Entre em contato conosco para obter detalhes completos do produto.<\/p>","protected":false},"featured_media":3081,"comment_status":"open","ping_status":"closed","template":"","meta":[],"product_brand":[],"product_cat":[57],"product_tag":[],"class_list":{"0":"post-2594","1":"product","2":"type-product","3":"status-publish","4":"has-post-thumbnail","6":"product_cat-loin-belly-products","8":"first","9":"instock","10":"shipping-taxable","11":"product-type-simple"},"_links":{"self":[{"href":"https:\/\/caso-centro.com\/pt\/wp-json\/wp\/v2\/product\/2594","targetHints":{"allow":["GET"]}}],"collection":[{"href":"https:\/\/caso-centro.com\/pt\/wp-json\/wp\/v2\/product"}],"about":[{"href":"https:\/\/caso-centro.com\/pt\/wp-json\/wp\/v2\/types\/product"}],"replies":[{"embeddable":true,"href":"https:\/\/caso-centro.com\/pt\/wp-json\/wp\/v2\/comments?post=2594"}],"wp:featuredmedia":[{"embeddable":true,"href":"https:\/\/caso-centro.com\/pt\/wp-json\/wp\/v2\/media\/3081"}],"wp:attachment":[{"href":"https:\/\/caso-centro.com\/pt\/wp-json\/wp\/v2\/media?parent=2594"}],"wp:term":[{"taxonomy":"product_brand","embeddable":true,"href":"https:\/\/caso-centro.com\/pt\/wp-json\/wp\/v2\/product_brand?post=2594"},{"taxonomy":"product_cat","embeddable":true,"href":"https:\/\/caso-centro.com\/pt\/wp-json\/wp\/v2\/product_cat?post=2594"},{"taxonomy":"product_tag","embeddable":true,"href":"https:\/\/caso-centro.com\/pt\/wp-json\/wp\/v2\/product_tag?post=2594"}],"curies":[{"name":"wp","href":"https:\/\/api.w.org\/{rel}","templated":true}]}}