{"id":2586,"date":"2024-05-17T18:52:50","date_gmt":"2024-05-17T18:52:50","guid":{"rendered":"https:\/\/caso-centro.com\/?post_type=product&#038;p=2586"},"modified":"2024-05-21T00:12:11","modified_gmt":"2024-05-21T00:12:11","slug":"frozen-pork-a-grade-belly-boneless-rindless-without-softbone-20-50","status":"publish","type":"product","link":"https:\/\/caso-centro.com\/pt\/produto\/frozen-pork-a-grade-belly-boneless-rindless-without-softbone-20-50\/","title":{"rendered":"Barriga de porco congelada de grau A, sem osso, sem pele, sem espinhas 20\/50"},"content":{"rendered":"<h1><strong>Barriga de porco congelada de grau A, sem osso, sem pele, sem espinhas 20\/50<\/strong><\/h1>\n<p>Are you interested in Frozen Pork A-Grade Belly, Boneless, Rindless, Without Softbone 20\/50 ? At <strong>Caso \u2013 Centro De Abate De Su\u00ednos Do Oeste, SA<\/strong>. we are specialized in the trade of high-quality Pork LOIN &amp; BELLY PRODUCTS and other quality Pork meat cuts. As an international trader of pork products, we supply all quality pork cuts to Asia, Europe, Africa, Australia, North America, and South America.<\/p>\n<p><strong>Caso \u2013 Centro De Abate De Su\u00ednos Do Oeste, SA<\/strong> offers all cuts of high-quality Pork meat. Our grade A pork belly are available all year round. We source our Quality pork belly with great care at our\u00a0<strong>matadouros de su\u00ednos\u00a0<\/strong>e<strong>\u00a0matadouros<\/strong>\u00a0where we\u2019ve got a wealth of talented and experienced employees working to serve you the best quality pork belly<\/p>\n<p>A carne su\u00edna \u00e9 muito saborosa e aprovada por todos os comit\u00eas de alimentos para consumo humano. \u00c9 utilizada em diversas culin\u00e1rias ao redor do mundo. Carne su\u00edna \u00e9 o nome culin\u00e1rio dado \u00e0 carne do porco dom\u00e9stico. \u00c9 a carne mais consumida em todo o mundo, com evid\u00eancias de cria\u00e7\u00e3o de su\u00ednos que remontam a 5000 a.C. A carne su\u00edna \u00e9 consumida tanto fresca quanto em conserva; a cura prolonga a vida \u00fatil dos produtos su\u00ednos. Presunto, carne de porco defumada, presunto, bacon e lingui\u00e7a s\u00e3o exemplos de carne su\u00edna em conserva.<\/p>\n<p><strong>DESCRI\u00c7\u00c3O DO PRODUTO, EMBALAGEM E EXPORTA\u00c7\u00c3O<\/strong><br \/>\nCategoria do produto: Carne de porco crua<br \/>\nType: Frozen Pork A-Grade Belly, Boneless, Rindless, Without Softbone 20\/50<br \/>\nPa\u00eds de origem: <a href=\"https:\/\/es.wikipedia.org\/wiki\/Espa%C3%B1a\" target=\"_blank\" rel=\"noopener\">Portugal<\/a><br \/>\nMarca\/N\u00famero de f\u00e1brica: 06-06<br \/>\nSaco: 30 x 60 cm 58mic embalado a v\u00e1cuo<br \/>\nCaixa 465 x 265 x 210,51 cm + 3 divis\u00f3rias<br \/>\n4 unidades por caixa<br \/>\nPeso da caixa 18,14 kg<br \/>\nPaletes: 98 caixas\/palete<br \/>\nPrazo de validade: 24 meses<br \/>\nM\u00e9todo de armazenamento: refrigerado (menos 18 graus Celsius)<br \/>\nLicen\u00e7a de higiene: SGS, IFS, certifica\u00e7\u00e3o de alimentos Halal, BRCGS e IAWS INTERPORC.<\/p>\n<p><strong>ESPECIFICA\u00c7\u00c3O DO PRODUTO<\/strong><\/p>\n<ul>\n<li>Qualidade: Grau A.<\/li>\n<li>100% fresco e congelado.<\/li>\n<li>Bem vestido e limpo.<\/li>\n<li>Sem cabelo<\/li>\n<li>Sem buracos<\/li>\n<li>Sem gordura\/contamina\u00e7\u00e3o.<\/li>\n<li>Gelo: &lt;0,3%<\/li>\n<li>Ossos quebrados menores que 1%.<\/li>\n<li>Detec\u00e7\u00e3o de salmonela: 0%.<\/li>\n<\/ul>","protected":false},"excerpt":{"rendered":"<p>Frozen Pork A-Grade Belly, Boneless, Rindless, Without Softbone 20\/50 and other distinguished pork cuts \u2013 always supplied from Fresh produce at <strong>Caso \u2013 Centro De Abate De Su\u00ednos Do Oeste, SA<\/strong>. Seu pedido ser\u00e1 cuidadosamente embalado em uma caixa isolada com espuma biodegrad\u00e1vel, juntamente com bolsas de gelo para manter a temperatura adequada.<\/p>\n<p>Qualidade superior, grau A, certificado de sa\u00fade 100%, entrega r\u00e1pida e pre\u00e7os com desconto. Entre em contato conosco para obter detalhes completos do produto.<\/p>","protected":false},"featured_media":2587,"comment_status":"open","ping_status":"closed","template":"","meta":[],"product_brand":[],"product_cat":[57],"product_tag":[],"class_list":{"0":"post-2586","1":"product","2":"type-product","3":"status-publish","4":"has-post-thumbnail","6":"product_cat-loin-belly-products","8":"first","9":"instock","10":"shipping-taxable","11":"product-type-simple"},"_links":{"self":[{"href":"https:\/\/caso-centro.com\/pt\/wp-json\/wp\/v2\/product\/2586","targetHints":{"allow":["GET"]}}],"collection":[{"href":"https:\/\/caso-centro.com\/pt\/wp-json\/wp\/v2\/product"}],"about":[{"href":"https:\/\/caso-centro.com\/pt\/wp-json\/wp\/v2\/types\/product"}],"replies":[{"embeddable":true,"href":"https:\/\/caso-centro.com\/pt\/wp-json\/wp\/v2\/comments?post=2586"}],"wp:featuredmedia":[{"embeddable":true,"href":"https:\/\/caso-centro.com\/pt\/wp-json\/wp\/v2\/media\/2587"}],"wp:attachment":[{"href":"https:\/\/caso-centro.com\/pt\/wp-json\/wp\/v2\/media?parent=2586"}],"wp:term":[{"taxonomy":"product_brand","embeddable":true,"href":"https:\/\/caso-centro.com\/pt\/wp-json\/wp\/v2\/product_brand?post=2586"},{"taxonomy":"product_cat","embeddable":true,"href":"https:\/\/caso-centro.com\/pt\/wp-json\/wp\/v2\/product_cat?post=2586"},{"taxonomy":"product_tag","embeddable":true,"href":"https:\/\/caso-centro.com\/pt\/wp-json\/wp\/v2\/product_tag?post=2586"}],"curies":[{"name":"wp","href":"https:\/\/api.w.org\/{rel}","templated":true}]}}