{"id":2808,"date":"2024-05-18T13:15:37","date_gmt":"2024-05-18T13:15:37","guid":{"rendered":"https:\/\/caso-centro.com\/?post_type=product&#038;p=2808"},"modified":"2026-04-16T17:38:03","modified_gmt":"2026-04-16T17:38:03","slug":"quality-frozen-pork-lacones","status":"publish","type":"product","link":"https:\/\/caso-centro.com\/pl\/produkt\/quality-frozen-pork-lacones\/","title":{"rendered":"Jako\u015bciowe Mro\u017cone Lacones Wieprzowe"},"content":{"rendered":"<h1><strong>Jako\u015bciowe Mro\u017cone Lacones Wieprzowe<\/strong><\/h1>\n<p><a href=\"https:\/\/caso-centro.com\/pl\/produkt\/quality-frozen-pork-lacones\/\">lakoniczny<\/a>, Are you interested in Quality Frozen Pork Lacones? At <strong>Caso \u2013 Centro De Abate De Su\u00ednos Do Oeste, SA<\/strong>. we are specialized in the trade of high-quality Pork SHOULDER PRODUCTS and other quality\u00a0<a href=\"https:\/\/es.wikipedia.org\/wiki\/Carne_de_cerdo\" target=\"_blank\" rel=\"noopener\">Mi\u0119so wieprzowe<\/a> kawa\u0142ki. Jako mi\u0119dzynarodowy handlowiec produktami wieprzowymi, dostarczamy wszystkie jako\u015bciowe kawa\u0142ki wieprzowiny do Azji, Europy, Afryki, Australii, Ameryki P\u00f3\u0142nocnej i Ameryki Po\u0142udniowej.<\/p>\n<p><strong>Caso \u2013 Centro De Abate De Su\u00ednos Do Oeste, SA<\/strong>. oferuje wszystkie rodzaje wysokiej jako\u015bci <a href=\"https:\/\/es.wikipedia.org\/wiki\/Carne_de_cerdo\" target=\"_blank\" rel=\"noopener\">Mi\u0119so wieprzowe<\/a>. Our grade A pork lacones are available all year round. We source our Quality pork lacones with great care at our\u00a0<a href=\"https:\/\/es.wikipedia.org\/wiki\/Matadero\" target=\"_blank\" rel=\"noopener\"><strong>rze\u017anie wieprzowe\u00a0<\/strong>I<strong>\u00a0rze\u017anie<\/strong><\/a>\u00a0where we\u2019ve got a wealth of talented and experienced employees working to serve you the best quality pork lacones<\/p>\n<p>Pork is the culinary name for the meat of the domestic pig. It is the most commonly consumed meat worldwide, with evidence of pig husbandry dating back to 5000 BC. Pork is eaten both freshly cooked and preserved; curing extends the shelf life of pork products. Ham, smoked pork, gammon, bacon, and sausage are examples of preserved pork.<\/p>\n<p><strong>OPIS PRODUKTU, OPAKOWANIE I EKSPORT<\/strong><br \/>\nKategoria produktu: Surowa wieprzowina<br \/>\nType: Quality Frozen Pork Lacones<br \/>\nKraj pochodzenia: <a href=\"https:\/\/es.wikipedia.org\/wiki\/Espa%C3%B1a\" target=\"_blank\" rel=\"noopener\">Portugalia<\/a><br \/>\nMarka\/Numer fabryczny: 06-06<br \/>\nTorba: 30 x 60 cm 58mic pakowana pr\u00f3\u017cniowo<br \/>\nEtui 465x 265 x 210,51 cm + 3 przegrody<br \/>\n4 sztuki w opakowaniu<br \/>\nWaga walizki 18,14 kg<br \/>\nPalety: 98 pude\u0142ek\/paleta<br \/>\nOkres przydatno\u015bci: 24 miesi\u0105ce<br \/>\nSpos\u00f3b przechowywania: w lod\u00f3wce (minus 18 stopni Celsjusza)<br \/>\nLicencja higieniczna:\u00a0<a href=\"https:\/\/www.sgs.es\/\" target=\"_blank\" rel=\"noopener\">SGS<\/a>,\u00a0<a href=\"https:\/\/www.ifs-certification.com\/index.php\/es\/\" target=\"_blank\" rel=\"noopener\">Je\u017celi<\/a>,\u00a0<a href=\"https:\/\/www.hfsaa.org\/\" target=\"_blank\" rel=\"noopener\">Certyfikacja \u017cywno\u015bci halal<\/a>,\u00a0<a href=\"https:\/\/www.brcgs.com\/\" target=\"_blank\" rel=\"noopener\">BRCGS<\/a>, I\u00a0<a href=\"https:\/\/interporc.com\/\" target=\"_blank\" rel=\"noopener\">IAWS INTERPORC<\/a>.<\/p>\n<p><strong>SPECYFIKACJA PRODUKTU<\/strong><\/p>\n<ul>\n<li>Jako\u015b\u0107: klasa A.<\/li>\n<li>100% \u015bwie\u017ce i mro\u017cone.<\/li>\n<li>Dobrze ubrany i schludny.<\/li>\n<li>Bez w\u0142os\u00f3w<\/li>\n<li>Bez dziur<\/li>\n<li>Bez t\u0142uszczu\/zanieczyszcze\u0144.<\/li>\n<li>L\u00f3d: &lt;0,3%<\/li>\n<li>Z\u0142amania ko\u015bci mniejsze ni\u017c 1%.<\/li>\n<li>Wykrycie salmonelli: 0%.<\/li>\n<\/ul>","protected":false},"excerpt":{"rendered":"<p>Quality Frozen Pork Lacones and other distinguished pork cuts \u2013 always supplied from Fresh produce at <strong>Caso \u2013 Centro De Abate De Su\u00ednos Do Oeste, SA<\/strong>. Twoje zam\u00f3wienie zostanie starannie zapakowane w pude\u0142ku izolowanym biodegradowaln\u0105 piank\u0105, wraz z wk\u0142adami ch\u0142odz\u0105cymi w celu utrzymania odpowiedniej temperatury.<\/p>\n<p>Najwy\u017cszej jako\u015bci klasa A, certyfikat zdrowotny 100%, szybka dostawa i promocyjne ceny. Skontaktuj si\u0119 z nami, aby uzyska\u0107 pe\u0142ne informacje o produkcie.<\/p>","protected":false},"featured_media":2809,"comment_status":"open","ping_status":"closed","template":"","meta":[],"product_brand":[],"product_cat":[56],"product_tag":[109,104,105,106,107,111,110,108],"class_list":{"0":"post-2808","1":"product","2":"type-product","3":"status-publish","4":"has-post-thumbnail","6":"product_cat-shoulder-products","7":"product_tag-lacon-pork","8":"product_tag-lacone","9":"product_tag-lancones","10":"product_tag-pork-front-leg","11":"product_tag-pork-lacone","12":"product_tag-pork-lacone-foot","13":"product_tag-pork-lacone-recipe","14":"product_tag-pork-lacones","16":"first","17":"instock","18":"shipping-taxable","19":"product-type-simple"},"_links":{"self":[{"href":"https:\/\/caso-centro.com\/pl\/wp-json\/wp\/v2\/product\/2808","targetHints":{"allow":["GET"]}}],"collection":[{"href":"https:\/\/caso-centro.com\/pl\/wp-json\/wp\/v2\/product"}],"about":[{"href":"https:\/\/caso-centro.com\/pl\/wp-json\/wp\/v2\/types\/product"}],"replies":[{"embeddable":true,"href":"https:\/\/caso-centro.com\/pl\/wp-json\/wp\/v2\/comments?post=2808"}],"wp:featuredmedia":[{"embeddable":true,"href":"https:\/\/caso-centro.com\/pl\/wp-json\/wp\/v2\/media\/2809"}],"wp:attachment":[{"href":"https:\/\/caso-centro.com\/pl\/wp-json\/wp\/v2\/media?parent=2808"}],"wp:term":[{"taxonomy":"product_brand","embeddable":true,"href":"https:\/\/caso-centro.com\/pl\/wp-json\/wp\/v2\/product_brand?post=2808"},{"taxonomy":"product_cat","embeddable":true,"href":"https:\/\/caso-centro.com\/pl\/wp-json\/wp\/v2\/product_cat?post=2808"},{"taxonomy":"product_tag","embeddable":true,"href":"https:\/\/caso-centro.com\/pl\/wp-json\/wp\/v2\/product_tag?post=2808"}],"curies":[{"name":"wp","href":"https:\/\/api.w.org\/{rel}","templated":true}]}}