{"id":2798,"date":"2024-05-18T12:59:37","date_gmt":"2024-05-18T12:59:37","guid":{"rendered":"https:\/\/caso-centro.com\/?post_type=product&#038;p=2798"},"modified":"2025-12-09T06:04:08","modified_gmt":"2025-12-09T06:04:08","slug":"quality-frozen-pork-ears","status":"publish","type":"product","link":"https:\/\/caso-centro.com\/pl\/produkt\/jakosc-mrozonych-uszu-wieprzowych\/","title":{"rendered":"Jako\u015bciowe mro\u017cone uszy wieprzowe"},"content":{"rendered":"<h1><strong>Quality Frozen Pork Ears | Pork Ear Flaps<\/strong><\/h1>\n<p>Are you interested in quality frozen pork ears? At <strong>Caso \u2013 Centro De Abate De Su\u00ednos Do Oeste, SA<\/strong>. we are specialized in the trade of high-quality Pork OFFALS and other quality\u00a0<a href=\"https:\/\/es.wikipedia.org\/wiki\/Carne_de_cerdo\" target=\"_blank\" rel=\"noopener\">Mi\u0119so wieprzowe<\/a>\u00a0kawa\u0142ki. Jako mi\u0119dzynarodowy handlowiec produktami wieprzowymi, dostarczamy wszystkie jako\u015bciowe kawa\u0142ki wieprzowiny do Azji, Europy, Afryki, Australii, Ameryki P\u00f3\u0142nocnej i Ameryki Po\u0142udniowej.<\/p>\n<p><strong>Caso \u2013 Centro De Abate De Su\u00ednos Do Oeste, SA<\/strong> oferuje wszystkie rodzaje wysokiej jako\u015bci <a href=\"https:\/\/es.wikipedia.org\/wiki\/Carne_de_cerdo\" target=\"_blank\" rel=\"noopener\">Mi\u0119so wieprzowe<\/a>. Our grade A pork ear flaps are available all year round. We source our quality pork ear flaps with great care at our\u00a0<a href=\"https:\/\/es.wikipedia.org\/wiki\/Matadero\" target=\"_blank\" rel=\"noopener\"><strong>rze\u017anie wieprzowe\u00a0<\/strong>I<strong>\u00a0rze\u017anie<\/strong><\/a>\u00a0where we\u2019ve got a wealth of talented and experienced employees working to serve you the best quality pork ear flaps.<\/p>\n<p><a href=\"https:\/\/carniques-juia.es\/products-2\/\" target=\"_blank\" rel=\"noopener\">Pork ears<\/a>\u00a0are the ears of a pig that can be used for human consumption. It\u2019s used in a variety of cuisines all around the world. They\u2019re usually fried crispy. They can also be cooked, braised, or roasted. The outside layers of skin get crunchy, while the inside layer of cartilage becomes gelatinous and chewy, thus frying them crispy is a natural choice. The ear\u2019s flavor can be described as sweet, rich pokiness.<\/p>\n<p><strong>OPIS PRODUKTU, OPAKOWANIE I EKSPORT<\/strong><\/p>\n<p>Product Category:\u00a0Raw\u00a0Pork<\/p>\n<p>Type:\u00a0<a href=\"https:\/\/en.wikipedia.org\/wiki\/Pig%27s_ear_(food)\" target=\"_blank\" rel=\"noopener\">Pork Ear<\/a><\/p>\n<p>Kraj pochodzenia: <a href=\"https:\/\/es.wikipedia.org\/wiki\/Espa%C3%B1a\" target=\"_blank\" rel=\"noopener\">Portugalia<\/a><\/p>\n<p>Marka\/Numer fabryczny: 06-06<\/p>\n<p>Packaging: 10kg cartons<\/p>\n<p>Sales method: packaging<\/p>\n<p>Okres przydatno\u015bci: 24 miesi\u0105ce<\/p>\n<p>Spos\u00f3b przechowywania: w lod\u00f3wce (minus 18 stopni Celsjusza)<\/p>\n<p>Net weight (kg): 10kg-15kg<\/p>\n<p>Licencja higieniczna:\u00a0<a href=\"https:\/\/www.sgs.es\/\" target=\"_blank\" rel=\"noopener\">SGS<\/a>,\u00a0<a href=\"https:\/\/www.ifs-certification.com\/index.php\/es\/\" target=\"_blank\" rel=\"noopener\">Je\u017celi<\/a>,\u00a0<a href=\"https:\/\/www.hfsaa.org\/\" target=\"_blank\" rel=\"noopener\">Certyfikacja \u017cywno\u015bci halal<\/a>,\u00a0<a href=\"https:\/\/www.brcgs.com\/\" target=\"_blank\" rel=\"noopener\">BRCGS<\/a>, I\u00a0<a href=\"https:\/\/interporc.com\/\" target=\"_blank\" rel=\"noopener\">IAWS INTERPORC<\/a>.<\/p>\n<p><strong>SPECYFIKACJA PRODUKTU<\/strong><\/p>\n<ul>\n<li>Jako\u015b\u0107: klasa A.<\/li>\n<li>100% \u015bwie\u017ce i mro\u017cone.<\/li>\n<li>Dobrze ubrany i schludny.<\/li>\n<li>Bez w\u0142os\u00f3w<\/li>\n<li>Bez dziur<\/li>\n<li>Bez t\u0142uszczu\/zanieczyszcze\u0144.<\/li>\n<li>L\u00f3d: &lt;0,3%<\/li>\n<li>Z\u0142amania ko\u015bci mniejsze ni\u017c 1%.<\/li>\n<li>Wykrycie salmonelli: 0%.<\/li>\n<li>The average weight of an ear is 200-250g<\/li>\n<li>WRAP IN PLASTIC BAG, IN 10 KG CARTONS, BULK<\/li>\n<\/ul>\n<p><a href=\"https:\/\/caso-centro.com\/pl\/produkt\/ogon-wieprzowy-2\/\">Quality Frozen Pork Tail, <\/a><a href=\"https:\/\/caso-centro.com\/pl\/produkt\/pork-small-intestines\/\">Quality Frozen Pork Small Intestines, <\/a><a href=\"https:\/\/caso-centro.com\/pl\/produkt\/poledwica-wieprzowa\/\">Quality Frozen Pork Loin, <\/a><a href=\"https:\/\/caso-centro.com\/pl\/produkt\/watroba-wieprzowa\/\">Quality Frozen Pork Liver, <\/a><a href=\"https:\/\/caso-centro.com\/pl\/produkt\/smalec-wieprzowy\/\">Jako\u015bciowy Mro\u017cony Smalec Wieprzowy<\/a><\/p>","protected":false},"excerpt":{"rendered":"<p><span data-spm-anchor-id=\"a2700.details.pronpeci14.i0.64e6S6O1S6O1Xx\">Frozen Pork Ear Flaps and other distinguished pork cuts \u2013 always supplied from Fresh produce at <strong>Caso \u2013 Centro De Abate De Su\u00ednos Do Oeste, SA<\/strong>. Twoje zam\u00f3wienie zostanie starannie zapakowane w pude\u0142ku izolowanym biodegradowaln\u0105 piank\u0105, wraz z wk\u0142adami ch\u0142odz\u0105cymi w celu utrzymania odpowiedniej temperatury.<\/span><\/p>\n<p><span data-spm-anchor-id=\"a2700.details.pronpeci14.i1.64e6S6O1S6O1Xx\">Najwy\u017cszej jako\u015bci klasa A, certyfikat zdrowotny 100%, szybka dostawa i promocyjne ceny. Skontaktuj si\u0119 z nami, aby uzyska\u0107 pe\u0142ne informacje o produkcie.<\/span><\/p>","protected":false},"featured_media":2799,"comment_status":"open","ping_status":"closed","template":"","meta":[],"product_brand":[],"product_cat":[59],"product_tag":[146,147,144,143,142,145],"class_list":{"0":"post-2798","1":"product","2":"type-product","3":"status-publish","4":"has-post-thumbnail","6":"product_cat-offals","7":"product_tag-chinese-pork-ear","8":"product_tag-fresh-pork-ears","9":"product_tag-pork-chomps-pig-ears","10":"product_tag-pork-ear","11":"product_tag-pork-ears","12":"product_tag-pork-ears-near-me","14":"first","15":"instock","16":"shipping-taxable","17":"product-type-simple"},"_links":{"self":[{"href":"https:\/\/caso-centro.com\/pl\/wp-json\/wp\/v2\/product\/2798","targetHints":{"allow":["GET"]}}],"collection":[{"href":"https:\/\/caso-centro.com\/pl\/wp-json\/wp\/v2\/product"}],"about":[{"href":"https:\/\/caso-centro.com\/pl\/wp-json\/wp\/v2\/types\/product"}],"replies":[{"embeddable":true,"href":"https:\/\/caso-centro.com\/pl\/wp-json\/wp\/v2\/comments?post=2798"}],"wp:featuredmedia":[{"embeddable":true,"href":"https:\/\/caso-centro.com\/pl\/wp-json\/wp\/v2\/media\/2799"}],"wp:attachment":[{"href":"https:\/\/caso-centro.com\/pl\/wp-json\/wp\/v2\/media?parent=2798"}],"wp:term":[{"taxonomy":"product_brand","embeddable":true,"href":"https:\/\/caso-centro.com\/pl\/wp-json\/wp\/v2\/product_brand?post=2798"},{"taxonomy":"product_cat","embeddable":true,"href":"https:\/\/caso-centro.com\/pl\/wp-json\/wp\/v2\/product_cat?post=2798"},{"taxonomy":"product_tag","embeddable":true,"href":"https:\/\/caso-centro.com\/pl\/wp-json\/wp\/v2\/product_tag?post=2798"}],"curies":[{"name":"wp","href":"https:\/\/api.w.org\/{rel}","templated":true}]}}