{"id":2632,"date":"2024-05-17T22:41:59","date_gmt":"2024-05-17T22:41:59","guid":{"rendered":"https:\/\/caso-centro.com\/?post_type=product&#038;p=2632"},"modified":"2026-04-02T03:54:29","modified_gmt":"2026-04-02T03:54:29","slug":"frozen-pork-flank-rind-on-and-red-and-white-meat","status":"publish","type":"product","link":"https:\/\/caso-centro.com\/pl\/produkt\/frozen-pork-flank-rind-on-and-red-and-white-meat\/","title":{"rendered":"Mro\u017cona \u0142opatka wieprzowa ze sk\u00f3r\u0105 i czerwonym i bia\u0142ym mi\u0119sem"},"content":{"rendered":"<h1><strong>Mro\u017cona \u0142opatka wieprzowa ze sk\u00f3r\u0105 i czerwonym i bia\u0142ym mi\u0119sem<\/strong><\/h1>\n<p>Are you interested in Frozen Pork Flank, Rind-On and Red and White Meat ? At<strong> Caso \u2013 Centro De Abate De Su\u00ednos Do Oeste, SA <\/strong>we are specialized in the trade of high-quality Pork\u00a0<a href=\"https:\/\/carniques-juia.es\/categoria-producto\/leg-or-ham-products\/\" target=\"_blank\" rel=\"noopener\">PRODUKTY Z NOGI LUB SZYNKI<\/a>\u00a0and other quality\u00a0<a href=\"https:\/\/es.wikipedia.org\/wiki\/Carne_de_cerdo\" target=\"_blank\" rel=\"noopener\">Mi\u0119so wieprzowe<\/a>\u00a0kawa\u0142ki. Jako mi\u0119dzynarodowy handlowiec produktami wieprzowymi, dostarczamy wszystkie jako\u015bciowe kawa\u0142ki wieprzowiny do Azji, Europy, Afryki, Australii, Ameryki P\u00f3\u0142nocnej i Ameryki Po\u0142udniowej.<\/p>\n<p><strong>Caso \u2013 Centro De Abate De Su\u00ednos Do Oeste, SA<\/strong> oferuje wszystkie rodzaje wysokiej jako\u015bci <a href=\"https:\/\/es.wikipedia.org\/wiki\/Carne_de_cerdo\" target=\"_blank\" rel=\"noopener\">Mi\u0119so wieprzowe<\/a>. Our grade A Rind pork flank is available all year round. We source our Quality Rind pork flank with great care at our\u00a0<a href=\"https:\/\/es.wikipedia.org\/wiki\/Matadero\" target=\"_blank\" rel=\"noopener\"><strong>rze\u017anie wieprzowe\u00a0<\/strong>I<strong>\u00a0rze\u017anie<\/strong><\/a>\u00a0where we\u2019ve got a wealth of talented and experienced employees working to serve you the best quality Rind pork flank<\/p>\n<p><a href=\"https:\/\/es.wikipedia.org\/wiki\/Carne_de_cerdo\" target=\"_blank\" rel=\"noopener\">Mi\u0119so wieprzowe<\/a>\u00a0jest bardzo smaczne i zatwierdzone przez wszystkie komisje \u017cywno\u015bciowe do spo\u017cycia przez ludzi. Jest u\u017cywane w wielu kuchniach na ca\u0142ym \u015bwiecie. Wieprzowina to kulinarna nazwa mi\u0119sa \u015bwini domowej. Jest to najcz\u0119\u015bciej spo\u017cywane mi\u0119so na \u015bwiecie, a dowody hodowli \u015bwi\u0144 si\u0119gaj\u0105 5000 r. p.n.e. Wieprzowin\u0119 spo\u017cywa si\u0119 zar\u00f3wno \u015bwie\u017co ugotowan\u0105, jak i konserwowan\u0105; Peklowanie wyd\u0142u\u017ca okres przydatno\u015bci do spo\u017cycia produkt\u00f3w wieprzowych. Szynka, w\u0119dzona wieprzowina, baleron, boczek i kie\u0142basa to przyk\u0142ady konserwowanej wieprzowiny.<\/p>\n<p><strong>OPIS PRODUKTU, OPAKOWANIE I EKSPORT<\/strong><br \/>\nKategoria produktu: Surowa wieprzowina<br \/>\nType: Frozen Pork Flank, Rind-On and Red and White Meat<br \/>\nKraj pochodzenia: <a href=\"https:\/\/es.wikipedia.org\/wiki\/Espa%C3%B1a\" target=\"_blank\" rel=\"noopener\">Portugalia<\/a><br \/>\nMarka\/Numer fabryczny: 06-06<br \/>\nTorba: 30 x 60 cm 58mic pakowana pr\u00f3\u017cniowo<br \/>\nEtui 465x 265 x 210,51 cm + 3 przegrody<br \/>\n4 sztuki w opakowaniu<br \/>\nWaga walizki 18,14 kg<br \/>\nPalety: 98 pude\u0142ek\/paleta<br \/>\nOkres przydatno\u015bci: 24 miesi\u0105ce<br \/>\nSpos\u00f3b przechowywania: w lod\u00f3wce (minus 18 stopni Celsjusza)<br \/>\nLicencja higieniczna:\u00a0<a href=\"https:\/\/www.sgs.es\/\" target=\"_blank\" rel=\"noopener\">SGS<\/a>,\u00a0<a href=\"https:\/\/www.ifs-certification.com\/index.php\/es\/\" target=\"_blank\" rel=\"noopener\">Je\u017celi<\/a>,\u00a0<a href=\"https:\/\/www.hfsaa.org\/\" target=\"_blank\" rel=\"noopener\">Certyfikacja \u017cywno\u015bci halal<\/a>,\u00a0<a href=\"https:\/\/www.brcgs.com\/\" target=\"_blank\" rel=\"noopener\">BRCGS<\/a>, I\u00a0<a href=\"https:\/\/interporc.com\/\" target=\"_blank\" rel=\"noopener\">IAWS INTERPORC<\/a>.<\/p>\n<p><strong>SPECYFIKACJA PRODUKTU<\/strong><\/p>\n<ul>\n<li>Jako\u015b\u0107: klasa A.<\/li>\n<li>100% \u015bwie\u017ce i mro\u017cone.<\/li>\n<li>Dobrze ubrany i schludny.<\/li>\n<li>Bez w\u0142os\u00f3w<\/li>\n<li>Bez dziur<\/li>\n<li>Bez t\u0142uszczu\/zanieczyszcze\u0144.<\/li>\n<li>L\u00f3d: &lt;0,3%<\/li>\n<li>Z\u0142amania ko\u015bci mniejsze ni\u017c 1%.<\/li>\n<li>Wykrycie salmonelli: 0%.<\/li>\n<\/ul>\n<p><a href=\"https:\/\/caso-centro.com\/pl\/produkt\/ogon-wieprzowy-2\/\">Jako\u015bciowy mro\u017cony ogon wieprzowy <\/a><a href=\"https:\/\/caso-centro.com\/pl\/produkt\/pork-small-intestines\/\">Jako\u015bciowe Mro\u017cone Jelita Wieprzowe Cienkie <\/a><a href=\"https:\/\/caso-centro.com\/pl\/produkt\/poledwica-wieprzowa\/\">Jako\u015bciowa Mro\u017cona Pol\u0119dwiczka Wieprzowa <\/a><a href=\"https:\/\/caso-centro.com\/pl\/produkt\/watroba-wieprzowa\/\">Jako\u015bciowa Mro\u017cona W\u0105troba Wieprzowa <\/a><a href=\"https:\/\/caso-centro.com\/pl\/produkt\/smalec-wieprzowy\/\">Jako\u015bciowy Mro\u017cony Smalec Wieprzowy<\/a><\/p>","protected":false},"excerpt":{"rendered":"<p>Frozen Pork Flank, Rind-On and Red and White Meat, and other distinguished pork cuts \u2013 always supplied from Fresh produce at <strong>Caso \u2013 Centro De Abate De Su\u00ednos Do Oeste, SA<\/strong>. Twoje zam\u00f3wienie zostanie starannie zapakowane w pude\u0142ku izolowanym biodegradowaln\u0105 piank\u0105, wraz z wk\u0142adami ch\u0142odz\u0105cymi w celu utrzymania odpowiedniej temperatury.<\/p>\n<p>Najwy\u017cszej jako\u015bci klasa A, certyfikat zdrowotny 100%, szybka dostawa i promocyjne ceny. Skontaktuj si\u0119 z nami, aby uzyska\u0107 pe\u0142ne informacje o produkcie.<\/p>","protected":false},"featured_media":2633,"comment_status":"open","ping_status":"closed","template":"","meta":[],"product_brand":[],"product_cat":[58],"product_tag":[193,191,192,194],"class_list":{"0":"post-2632","1":"product","2":"type-product","3":"status-publish","4":"has-post-thumbnail","6":"product_cat-leg-or-ham-products","7":"product_tag-flank-steak-pork","8":"product_tag-pork-flank","9":"product_tag-pork-flank-steak","10":"product_tag-pork-flanken-ribs","12":"first","13":"instock","14":"shipping-taxable","15":"product-type-simple"},"_links":{"self":[{"href":"https:\/\/caso-centro.com\/pl\/wp-json\/wp\/v2\/product\/2632","targetHints":{"allow":["GET"]}}],"collection":[{"href":"https:\/\/caso-centro.com\/pl\/wp-json\/wp\/v2\/product"}],"about":[{"href":"https:\/\/caso-centro.com\/pl\/wp-json\/wp\/v2\/types\/product"}],"replies":[{"embeddable":true,"href":"https:\/\/caso-centro.com\/pl\/wp-json\/wp\/v2\/comments?post=2632"}],"wp:featuredmedia":[{"embeddable":true,"href":"https:\/\/caso-centro.com\/pl\/wp-json\/wp\/v2\/media\/2633"}],"wp:attachment":[{"href":"https:\/\/caso-centro.com\/pl\/wp-json\/wp\/v2\/media?parent=2632"}],"wp:term":[{"taxonomy":"product_brand","embeddable":true,"href":"https:\/\/caso-centro.com\/pl\/wp-json\/wp\/v2\/product_brand?post=2632"},{"taxonomy":"product_cat","embeddable":true,"href":"https:\/\/caso-centro.com\/pl\/wp-json\/wp\/v2\/product_cat?post=2632"},{"taxonomy":"product_tag","embeddable":true,"href":"https:\/\/caso-centro.com\/pl\/wp-json\/wp\/v2\/product_tag?post=2632"}],"curies":[{"name":"wp","href":"https:\/\/api.w.org\/{rel}","templated":true}]}}