{"id":2594,"date":"2024-05-17T18:59:35","date_gmt":"2024-05-17T18:59:35","guid":{"rendered":"https:\/\/caso-centro.com\/?post_type=product&#038;p=2594"},"modified":"2026-05-04T04:41:25","modified_gmt":"2026-05-04T04:41:25","slug":"frozen-pork-back-bacon-green","status":"publish","type":"product","link":"https:\/\/caso-centro.com\/pl\/produkt\/frozen-pork-back-bacon-green\/","title":{"rendered":"Mro\u017cony boczek wieprzowy zielony"},"content":{"rendered":"<h1><strong>Mro\u017cony boczek wieprzowy zielony<\/strong><\/h1>\n<p>Are you interested in Frozen Pork Back Bacon Green ? At\u00a0C\u00c0RNIQUES DE JUI\u00c0, S.A.. we are specialized in the trade of high-quality Pork\u00a0LOIN &amp; BELLY PRODUCTS\u00a0and other quality\u00a0Pork meat\u00a0cuts. As an international trader of pork products, we supply all quality pork cuts to Asia, Europe, Africa, Australia, North America, and South America.<\/p>\n<p>C\u00c0RNIQUES DE JUI\u00c0, S.A. offers all cuts of high-quality\u00a0Pork meat. Our grade A pork back bacon are available all year round. We source our Quality pork back bacon with great care at our\u00a0<strong>rze\u017anie wieprzowe\u00a0<\/strong>I<strong>\u00a0rze\u017anie<\/strong>\u00a0where we\u2019ve got a wealth of talented and experienced employees working to serve you the best quality pork back bacon<\/p>\n<p>Pork meat\u00a0is very tasty and approved by all food committees for human consumption. It\u2019s used in a variety of cuisines all around the world. Pork is the culinary name for the meat of the domestic pig. It is the most commonly consumed meat worldwide, with evidence of pig husbandry dating back to 5000 BC. Pork is eaten both freshly cooked and preserved; Curing extends the shelf life of pork products. Ham, smoked pork, gammon, bacon, and sausage are examples of preserved pork.<\/p>\n<p><strong>OPIS PRODUKTU, OPAKOWANIE I EKSPORT<\/strong><\/p>\n<p>Kategoria produktu: Surowa wieprzowina<\/p>\n<p>Type: Frozen Pork Back Bacon Green<\/p>\n<p>Kraj pochodzenia: <a href=\"https:\/\/es.wikipedia.org\/wiki\/Espa%C3%B1a\" target=\"_blank\" rel=\"noopener\">Portugalia<\/a><\/p>\n<p>Marka\/Numer fabryczny: 06-06<\/p>\n<p>Torba: 30 x 60 cm 58mic pakowana pr\u00f3\u017cniowo<\/p>\n<p>Etui 465x 265 x 210,51 cm + 3 przegrody<\/p>\n<p>4 sztuki w opakowaniu<\/p>\n<p>Waga walizki 18,14 kg<\/p>\n<p>Palety: 98 pude\u0142ek\/paleta<\/p>\n<p>Okres przydatno\u015bci: 24 miesi\u0105ce<\/p>\n<p>Spos\u00f3b przechowywania: w lod\u00f3wce (minus 18 stopni Celsjusza)<\/p>\n<p>Licencja higieniczna: SGS, IFS, certyfikacja \u017cywno\u015bci Halal, BRCGS i IAWS INTERPORC.<\/p>\n<p><strong>SPECYFIKACJA PRODUKTU<\/strong><\/p>\n<ul>\n<li>Jako\u015b\u0107: klasa A.<\/li>\n<li>100% \u015bwie\u017ce i mro\u017cone.<\/li>\n<li>Dobrze ubrany i schludny.<\/li>\n<li>Bez w\u0142os\u00f3w<\/li>\n<li>Bez dziur<\/li>\n<li>Bez t\u0142uszczu\/zanieczyszcze\u0144.<\/li>\n<li>L\u00f3d: &lt;0,3%<\/li>\n<li>Z\u0142amania ko\u015bci mniejsze ni\u017c 1%.<\/li>\n<li>Wykrycie salmonelli: 0%.<\/li>\n<\/ul>","protected":false},"excerpt":{"rendered":"<p>Frozen Pork Back Bacon Green and other distinguished pork cuts \u2013 always supplied from Fresh produce at C\u00c0RNIQUES DE JUI\u00c0, S.A. Your order will be carefully packed in a box insulated with biodegradable foam, along with ice packs to maintain proper temperature.<\/p>\n<p>Najwy\u017cszej jako\u015bci klasa A, certyfikat zdrowotny 100%, szybka dostawa i promocyjne ceny. Skontaktuj si\u0119 z nami, aby uzyska\u0107 pe\u0142ne informacje o produkcie.<\/p>","protected":false},"featured_media":3081,"comment_status":"open","ping_status":"closed","template":"","meta":[],"product_brand":[],"product_cat":[57],"product_tag":[],"class_list":{"0":"post-2594","1":"product","2":"type-product","3":"status-publish","4":"has-post-thumbnail","6":"product_cat-loin-belly-products","8":"first","9":"instock","10":"shipping-taxable","11":"product-type-simple"},"_links":{"self":[{"href":"https:\/\/caso-centro.com\/pl\/wp-json\/wp\/v2\/product\/2594","targetHints":{"allow":["GET"]}}],"collection":[{"href":"https:\/\/caso-centro.com\/pl\/wp-json\/wp\/v2\/product"}],"about":[{"href":"https:\/\/caso-centro.com\/pl\/wp-json\/wp\/v2\/types\/product"}],"replies":[{"embeddable":true,"href":"https:\/\/caso-centro.com\/pl\/wp-json\/wp\/v2\/comments?post=2594"}],"wp:featuredmedia":[{"embeddable":true,"href":"https:\/\/caso-centro.com\/pl\/wp-json\/wp\/v2\/media\/3081"}],"wp:attachment":[{"href":"https:\/\/caso-centro.com\/pl\/wp-json\/wp\/v2\/media?parent=2594"}],"wp:term":[{"taxonomy":"product_brand","embeddable":true,"href":"https:\/\/caso-centro.com\/pl\/wp-json\/wp\/v2\/product_brand?post=2594"},{"taxonomy":"product_cat","embeddable":true,"href":"https:\/\/caso-centro.com\/pl\/wp-json\/wp\/v2\/product_cat?post=2594"},{"taxonomy":"product_tag","embeddable":true,"href":"https:\/\/caso-centro.com\/pl\/wp-json\/wp\/v2\/product_tag?post=2594"}],"curies":[{"name":"wp","href":"https:\/\/api.w.org\/{rel}","templated":true}]}}