{"id":2814,"date":"2024-05-18T13:27:18","date_gmt":"2024-05-18T13:27:18","guid":{"rendered":"https:\/\/caso-centro.com\/?post_type=product&#038;p=2814"},"modified":"2026-05-08T22:23:56","modified_gmt":"2026-05-08T22:23:56","slug":"pork-loin","status":"publish","type":"product","link":"https:\/\/caso-centro.com\/hu\/termek\/sertes-karaj\/","title":{"rendered":"Min\u0151s\u00e9gi fagyasztott sert\u00e9skaraj"},"content":{"rendered":"<h1><strong>Min\u0151s\u00e9gi fagyasztott sert\u00e9skaraj<\/strong><\/h1>\n<p>Are you interested in Quality Frozen Pork Loin? At<strong> Caso &#8211; Centro De Abate De Su\u00ednos Do Oeste, S.A..<\/strong>\u00a0kiv\u00e1l\u00f3 min\u0151s\u00e9g\u0171 sert\u00e9skaraj- \u00e9s hasi term\u00e9kek \u00e9s egy\u00e9b min\u0151s\u00e9gi term\u00e9kek kereskedelm\u00e9re specializ\u00e1l\u00f3dtunk\u00a0<a href=\"https:\/\/es.wikipedia.org\/wiki\/Carne_de_cerdo\" target=\"_blank\" rel=\"noopener\">Sert\u00e9sh\u00fas<\/a> cuts. As an international trader of pork products, we supply all quality pork cuts to Asia, Europe, Africa, Australia, North America, and South America. pork loin, pork loin chops, porkloin, pork meat, sous vide pork loin, calories in a pork loin,<\/p>\n<p><strong>Caso \u2013 Centro De Abate De Su\u00ednos Do Oeste, SA<\/strong> minden kiv\u00e1l\u00f3 min\u0151s\u00e9g\u0171 v\u00e1g\u00e1st k\u00edn\u00e1l <a href=\"https:\/\/es.wikipedia.org\/wiki\/Carne_de_cerdo\" target=\"_blank\" rel=\"noopener\">Sert\u00e9sh\u00fas<\/a>. Our grade A pork loin is available all year round. We source our Quality pork loin with great care at our\u00a0<a href=\"https:\/\/es.wikipedia.org\/wiki\/Matadero\" target=\"_blank\" rel=\"noopener\"><strong>sert\u00e9sv\u00e1g\u00f3hidak\u00a0<\/strong>\u00e9s<strong>\u00a0v\u00e1g\u00f3hidak<\/strong><\/a>\u00a0where we\u2019ve got a wealth of talented and experienced employees working to serve you the best quality pork loin<\/p>\n<p><a href=\"https:\/\/es.wikipedia.org\/wiki\/Carne_de_cerdo\" target=\"_blank\" rel=\"noopener\">Sert\u00e9sh\u00fas<\/a>\u00a0nagyon \u00edzletes, \u00e9s minden \u00e9lelmiszer-bizotts\u00e1g j\u00f3v\u00e1hagyta emberi fogyaszt\u00e1sra. K\u00fcl\u00f6nf\u00e9le konyh\u00e1kban haszn\u00e1lj\u00e1k szerte a vil\u00e1gon. A sert\u00e9sh\u00fas a h\u00e1zisert\u00e9s h\u00fas\u00e1nak kulin\u00e1ris neve. Ez a leggyakrabban fogyasztott h\u00fas vil\u00e1gszerte, a sert\u00e9steny\u00e9szt\u00e9s bizony\u00edt\u00e9kai az ie 5000-ig ny\u00falnak vissza. A sert\u00e9sh\u00fast frissen f\u0151zve \u00e9s tart\u00f3s\u00edtva is fogyasztj\u00e1k; A p\u00e1col\u00e1s meghosszabb\u00edtja a sert\u00e9sh\u00fasb\u00f3l k\u00e9sz\u00fclt term\u00e9kek eltarthat\u00f3s\u00e1g\u00e1t. A sonka, a f\u00fcst\u00f6lt sert\u00e9sh\u00fas, a gammon, a szalonna \u00e9s a kolb\u00e1sz a tart\u00f3s\u00edtott sert\u00e9sh\u00fas p\u00e9ld\u00e1i.<\/p>\n<p><strong>TERM\u00c9KLE\u00cdR\u00c1S, CSOMAGOL\u00c1S \u00c9S EXPORT<\/strong><br \/>\nTerm\u00e9kkateg\u00f3ria: Nyers sert\u00e9sh\u00fas<br \/>\nType: Quality Frozen Pork Loin<br \/>\nSz\u00e1rmaz\u00e1si orsz\u00e1g: <a href=\"https:\/\/es.wikipedia.org\/wiki\/Espa%C3%B1a\" target=\"_blank\" rel=\"noopener\">Portug\u00e1lia<\/a><br \/>\nM\u00e1rka\/Gy\u00e1ri sz\u00e1m: 06-06<br \/>\nT\u00e1ska: 30 x 60 cm 58mic v\u00e1kuumcsomagolt<br \/>\nTok 465x265x210,51 cm + 3 elv\u00e1laszt\u00f3<br \/>\ntokonk\u00e9nt 4 egys\u00e9g<br \/>\nTok s\u00falya 18,14 kg<br \/>\nRaklap: 98 doboz\/raklap<br \/>\nFelhaszn\u00e1lhat\u00f3s\u00e1gi id\u0151: 24 h\u00f3nap<br \/>\nT\u00e1rol\u00e1si m\u00f3d: h\u0171tve (m\u00ednusz 18 Celsius fok)<br \/>\nHigi\u00e9niai enged\u00e9ly:\u00a0<a href=\"https:\/\/www.sgs.es\/\" target=\"_blank\" rel=\"noopener\">SGS<\/a>,\u00a0<a href=\"https:\/\/www.ifs-certification.com\/index.php\/es\/\" target=\"_blank\" rel=\"noopener\">IFS<\/a>,\u00a0<a href=\"https:\/\/www.hfsaa.org\/\" target=\"_blank\" rel=\"noopener\">Halal \u00e9lelmiszer tan\u00fas\u00edt\u00e1s<\/a>,\u00a0<a href=\"https:\/\/www.brcgs.com\/\" target=\"_blank\" rel=\"noopener\">BRCGS<\/a>, \u00e9s\u00a0<a href=\"https:\/\/interporc.com\/\" target=\"_blank\" rel=\"noopener\">IAWS INTERPORC<\/a>.<\/p>\n<p><strong>TERM\u00c9K SPECIFIK\u00c1CI\u00d3<\/strong><\/p>\n<ul>\n<li>Min\u0151s\u00e9g: A fokozat.<\/li>\n<li>100% frissen \u00e9s fagyasztva.<\/li>\n<li>J\u00f3l fel\u00f6lt\u00f6zve \u00e9s tiszt\u00edtva.<\/li>\n<li>Nincs haj<\/li>\n<li>Nincsenek lyukak<\/li>\n<li>Nincs zs\u00edr\/szennyez\u0151d\u00e9s.<\/li>\n<li>J\u00e9g: &lt;0,3%<\/li>\n<li>A t\u00f6r\u00f6tt csontok kevesebb, mint 1%.<\/li>\n<li>Szalmonella kimutat\u00e1sa: 0%.<\/li>\n<\/ul>","protected":false},"excerpt":{"rendered":"<p>Quality Frozen Pork Loin and other distinguished pork cuts \u2013 always supplied from Fresh produce at <strong>Caso \u2013 Centro De Abate De Su\u00ednos Do Oeste, SA<\/strong> Rendel\u00e9s\u00e9t biol\u00f3giailag leboml\u00f3 habbal szigetelt dobozba csomagoljuk, j\u00e9gakkukkal egy\u00fctt a megfelel\u0151 h\u0151m\u00e9rs\u00e9klet fenntart\u00e1sa \u00e9rdek\u00e9ben.<\/p>\n<p>Kiv\u00e1l\u00f3 min\u0151s\u00e9g\u0171 a kateg\u00f3ri\u00e1s, 100% eg\u00e9szs\u00e9g\u00fcgyi tan\u00fas\u00edtv\u00e1nnyal, gyors sz\u00e1ll\u00edt\u00e1s \u00e9s kedvezm\u00e9nyes \u00e1rak. vegye fel vel\u00fcnk a kapcsolatot a term\u00e9k r\u00e9szletei\u00e9rt.<\/p>","protected":false},"featured_media":2815,"comment_status":"open","ping_status":"closed","template":"","meta":[],"product_brand":[],"product_cat":[57],"product_tag":[91,86,87,89,88,90],"class_list":{"0":"post-2814","1":"product","2":"type-product","3":"status-publish","4":"has-post-thumbnail","6":"product_cat-loin-belly-products","7":"product_tag-calories-in-a-pork-loin","8":"product_tag-pork-loin","9":"product_tag-pork-loin-chops","10":"product_tag-pork-meat","11":"product_tag-porkloin","12":"product_tag-sous-vide-pork-loin","14":"first","15":"instock","16":"shipping-taxable","17":"product-type-simple"},"_links":{"self":[{"href":"https:\/\/caso-centro.com\/hu\/wp-json\/wp\/v2\/product\/2814","targetHints":{"allow":["GET"]}}],"collection":[{"href":"https:\/\/caso-centro.com\/hu\/wp-json\/wp\/v2\/product"}],"about":[{"href":"https:\/\/caso-centro.com\/hu\/wp-json\/wp\/v2\/types\/product"}],"replies":[{"embeddable":true,"href":"https:\/\/caso-centro.com\/hu\/wp-json\/wp\/v2\/comments?post=2814"}],"wp:featuredmedia":[{"embeddable":true,"href":"https:\/\/caso-centro.com\/hu\/wp-json\/wp\/v2\/media\/2815"}],"wp:attachment":[{"href":"https:\/\/caso-centro.com\/hu\/wp-json\/wp\/v2\/media?parent=2814"}],"wp:term":[{"taxonomy":"product_brand","embeddable":true,"href":"https:\/\/caso-centro.com\/hu\/wp-json\/wp\/v2\/product_brand?post=2814"},{"taxonomy":"product_cat","embeddable":true,"href":"https:\/\/caso-centro.com\/hu\/wp-json\/wp\/v2\/product_cat?post=2814"},{"taxonomy":"product_tag","embeddable":true,"href":"https:\/\/caso-centro.com\/hu\/wp-json\/wp\/v2\/product_tag?post=2814"}],"curies":[{"name":"wp","href":"https:\/\/api.w.org\/{rel}","templated":true}]}}