{"id":2808,"date":"2024-05-18T13:15:37","date_gmt":"2024-05-18T13:15:37","guid":{"rendered":"https:\/\/caso-centro.com\/?post_type=product&#038;p=2808"},"modified":"2026-04-16T17:38:03","modified_gmt":"2026-04-16T17:38:03","slug":"quality-frozen-pork-lacones","status":"publish","type":"product","link":"https:\/\/caso-centro.com\/hu\/termek\/minosegi-fagyasztott-sertes-lakonok\/","title":{"rendered":"Min\u0151s\u00e9gi fagyasztott sert\u00e9s lakonok"},"content":{"rendered":"<h1><strong>Min\u0151s\u00e9gi fagyasztott sert\u00e9s lakonok<\/strong><\/h1>\n<p><a href=\"https:\/\/caso-centro.com\/hu\/termek\/minosegi-fagyasztott-sertes-lakonok\/\">lakon<\/a>, \u00c9rdekelnek Min\u0151s\u00e9gi Fagyasztott Sert\u00e9s Lakonok? at <strong>Caso \u2013 Centro De Abate De Su\u00ednos Do Oeste, SA<\/strong>. kiv\u00e1l\u00f3 min\u0151s\u00e9g\u0171 sert\u00e9sh\u00fas \u00e9s egy\u00e9b min\u0151s\u00e9gi term\u00e9kek kereskedelm\u00e9re szakosodunk\u00a0<a href=\"https:\/\/es.wikipedia.org\/wiki\/Carne_de_cerdo\" target=\"_blank\" rel=\"noopener\">Sert\u00e9sh\u00fas<\/a> v\u00e1g\u00e1sok. A sert\u00e9sh\u00fas term\u00e9kek nemzetk\u00f6zi keresked\u0151jek\u00e9nt minden min\u0151s\u00e9gi sert\u00e9sh\u00fast sz\u00e1ll\u00edtunk \u00c1zsi\u00e1ba, Eur\u00f3p\u00e1ba, Afrik\u00e1ba, Ausztr\u00e1li\u00e1ba, \u00c9szak-Amerik\u00e1ba \u00e9s D\u00e9l-Amerik\u00e1ba.<\/p>\n<p><strong>Caso \u2013 Centro De Abate De Su\u00ednos Do Oeste, SA<\/strong>. minden kiv\u00e1l\u00f3 min\u0151s\u00e9g\u0171 v\u00e1g\u00e1st k\u00edn\u00e1l <a href=\"https:\/\/es.wikipedia.org\/wiki\/Carne_de_cerdo\" target=\"_blank\" rel=\"noopener\">Sert\u00e9sh\u00fas<\/a>. A kateg\u00f3ri\u00e1s sert\u00e9s lakonjaink eg\u00e9sz \u00e9vben kaphat\u00f3k. Min\u0151s\u00e9gi sert\u00e9s lakonjainkat nagy odafigyel\u00e9ssel szerezz\u00fck be n\u00e1lunk\u00a0<a href=\"https:\/\/es.wikipedia.org\/wiki\/Matadero\" target=\"_blank\" rel=\"noopener\"><strong>sert\u00e9sv\u00e1g\u00f3hidak\u00a0<\/strong>\u00e9s<strong>\u00a0v\u00e1g\u00f3hidak<\/strong><\/a>\u00a0ahol rengeteg tehets\u00e9ges \u00e9s tapasztalt alkalmazottunk dolgozik azon, hogy a legjobb min\u0151s\u00e9g\u0171 sert\u00e9s lakonokat szolg\u00e1lj\u00e1k fel \u00d6nnek<\/p>\n<p>A sert\u00e9sh\u00fas a h\u00e1zisert\u00e9s h\u00fas\u00e1nak kulin\u00e1ris neve. Ez a leggyakrabban fogyasztott h\u00fas vil\u00e1gszerte, a sert\u00e9steny\u00e9szt\u00e9s bizony\u00edt\u00e9kai az ie 5000-ig ny\u00falnak vissza. A sert\u00e9sh\u00fast frissen f\u0151zve \u00e9s tart\u00f3s\u00edtva is fogyasztj\u00e1k; a p\u00e1col\u00e1s meghosszabb\u00edtja a sert\u00e9sh\u00fasb\u00f3l k\u00e9sz\u00fclt term\u00e9kek eltarthat\u00f3s\u00e1g\u00e1t. A sonka, a f\u00fcst\u00f6lt sert\u00e9sh\u00fas, a gammon, a szalonna \u00e9s a kolb\u00e1sz a tart\u00f3s\u00edtott sert\u00e9sh\u00fas p\u00e9ld\u00e1i.<\/p>\n<p><strong>TERM\u00c9KLE\u00cdR\u00c1S, CSOMAGOL\u00c1S \u00c9S EXPORT<\/strong><br \/>\nTerm\u00e9kkateg\u00f3ria: Nyers sert\u00e9sh\u00fas<br \/>\nT\u00edpus: Min\u0151s\u00e9gi Fagyasztott Sert\u00e9s Lacones<br \/>\nSz\u00e1rmaz\u00e1si orsz\u00e1g: <a href=\"https:\/\/es.wikipedia.org\/wiki\/Espa%C3%B1a\" target=\"_blank\" rel=\"noopener\">Portug\u00e1lia<\/a><br \/>\nM\u00e1rka\/Gy\u00e1ri sz\u00e1m: 06-06<br \/>\nT\u00e1ska: 30 x 60 cm 58mic v\u00e1kuumcsomagolt<br \/>\nTok 465x265x210,51 cm + 3 elv\u00e1laszt\u00f3<br \/>\ntokonk\u00e9nt 4 egys\u00e9g<br \/>\nTok s\u00falya 18,14 kg<br \/>\nRaklap: 98 doboz\/raklap<br \/>\nFelhaszn\u00e1lhat\u00f3s\u00e1gi id\u0151: 24 h\u00f3nap<br \/>\nT\u00e1rol\u00e1si m\u00f3d: h\u0171tve (m\u00ednusz 18 Celsius fok)<br \/>\nHigi\u00e9niai enged\u00e9ly:\u00a0<a href=\"https:\/\/www.sgs.es\/\" target=\"_blank\" rel=\"noopener\">SGS<\/a>,\u00a0<a href=\"https:\/\/www.ifs-certification.com\/index.php\/es\/\" target=\"_blank\" rel=\"noopener\">IFS<\/a>,\u00a0<a href=\"https:\/\/www.hfsaa.org\/\" target=\"_blank\" rel=\"noopener\">Halal \u00e9lelmiszer tan\u00fas\u00edt\u00e1s<\/a>,\u00a0<a href=\"https:\/\/www.brcgs.com\/\" target=\"_blank\" rel=\"noopener\">BRCGS<\/a>, \u00e9s\u00a0<a href=\"https:\/\/interporc.com\/\" target=\"_blank\" rel=\"noopener\">IAWS INTERPORC<\/a>.<\/p>\n<p><strong>TERM\u00c9K SPECIFIK\u00c1CI\u00d3<\/strong><\/p>\n<ul>\n<li>Min\u0151s\u00e9g: A fokozat.<\/li>\n<li>100% frissen \u00e9s fagyasztva.<\/li>\n<li>J\u00f3l fel\u00f6lt\u00f6zve \u00e9s tiszt\u00edtva.<\/li>\n<li>Nincs haj<\/li>\n<li>Nincsenek lyukak<\/li>\n<li>Nincs zs\u00edr\/szennyez\u0151d\u00e9s.<\/li>\n<li>J\u00e9g: &lt;0,3%<\/li>\n<li>A t\u00f6r\u00f6tt csontok kevesebb, mint 1%.<\/li>\n<li>Szalmonella kimutat\u00e1sa: 0%.<\/li>\n<\/ul>","protected":false},"excerpt":{"rendered":"<p>Min\u0151s\u00e9gi fagyasztott sert\u00e9s lakonok \u00e9s m\u00e1s kiv\u00e1l\u00f3 sert\u00e9sh\u00fasdarabok \u2013 mindig friss term\u00e9kekr\u0151l sz\u00e1ll\u00edtjuk a k\u00f6vetkez\u0151 c\u00edmen: <strong>Caso \u2013 Centro De Abate De Su\u00ednos Do Oeste, SA<\/strong>. Rendel\u00e9s\u00e9t biol\u00f3giailag leboml\u00f3 habbal szigetelt dobozba csomagoljuk, j\u00e9gakkukkal egy\u00fctt a megfelel\u0151 h\u0151m\u00e9rs\u00e9klet fenntart\u00e1sa \u00e9rdek\u00e9ben.<\/p>\n<p>Kiv\u00e1l\u00f3 min\u0151s\u00e9g\u0171 a kateg\u00f3ri\u00e1s, 100% eg\u00e9szs\u00e9g\u00fcgyi tan\u00fas\u00edtv\u00e1nnyal, gyors sz\u00e1ll\u00edt\u00e1s \u00e9s kedvezm\u00e9nyes \u00e1rak. vegye fel vel\u00fcnk a kapcsolatot a term\u00e9k r\u00e9szletei\u00e9rt.<\/p>","protected":false},"featured_media":2809,"comment_status":"open","ping_status":"closed","template":"","meta":[],"product_brand":[],"product_cat":[56],"product_tag":[109,104,105,106,107,111,110,108],"class_list":{"0":"post-2808","1":"product","2":"type-product","3":"status-publish","4":"has-post-thumbnail","6":"product_cat-shoulder-products","7":"product_tag-lacon-pork","8":"product_tag-lacone","9":"product_tag-lancones","10":"product_tag-pork-front-leg","11":"product_tag-pork-lacone","12":"product_tag-pork-lacone-foot","13":"product_tag-pork-lacone-recipe","14":"product_tag-pork-lacones","16":"first","17":"instock","18":"shipping-taxable","19":"product-type-simple"},"_links":{"self":[{"href":"https:\/\/caso-centro.com\/hu\/wp-json\/wp\/v2\/product\/2808","targetHints":{"allow":["GET"]}}],"collection":[{"href":"https:\/\/caso-centro.com\/hu\/wp-json\/wp\/v2\/product"}],"about":[{"href":"https:\/\/caso-centro.com\/hu\/wp-json\/wp\/v2\/types\/product"}],"replies":[{"embeddable":true,"href":"https:\/\/caso-centro.com\/hu\/wp-json\/wp\/v2\/comments?post=2808"}],"wp:featuredmedia":[{"embeddable":true,"href":"https:\/\/caso-centro.com\/hu\/wp-json\/wp\/v2\/media\/2809"}],"wp:attachment":[{"href":"https:\/\/caso-centro.com\/hu\/wp-json\/wp\/v2\/media?parent=2808"}],"wp:term":[{"taxonomy":"product_brand","embeddable":true,"href":"https:\/\/caso-centro.com\/hu\/wp-json\/wp\/v2\/product_brand?post=2808"},{"taxonomy":"product_cat","embeddable":true,"href":"https:\/\/caso-centro.com\/hu\/wp-json\/wp\/v2\/product_cat?post=2808"},{"taxonomy":"product_tag","embeddable":true,"href":"https:\/\/caso-centro.com\/hu\/wp-json\/wp\/v2\/product_tag?post=2808"}],"curies":[{"name":"wp","href":"https:\/\/api.w.org\/{rel}","templated":true}]}}