{"id":2753,"date":"2024-05-18T11:18:20","date_gmt":"2024-05-18T11:18:20","guid":{"rendered":"https:\/\/caso-centro.com\/?post_type=product&#038;p=2753"},"modified":"2026-03-09T07:47:17","modified_gmt":"2026-03-09T07:47:17","slug":"frozen-pork-shoulder-dutch-cut","status":"publish","type":"product","link":"https:\/\/caso-centro.com\/hu\/termek\/frozen-pork-shoulder-dutch-cut\/","title":{"rendered":"Frozen Pork Shoulder Dutch Cut"},"content":{"rendered":"<h1><strong>Frozen Pork Shoulder Dutch Cut<\/strong><\/h1>\n<p>Are you interested in Frozen Pork Shoulder Dutch Cut? At <strong>Caso \u2013 Centro De Abate De Su\u00ednos Do Oeste, SA<\/strong>. we are specialized in the trade of high-quality Pork SHOULDER PRODUCTS and other\u00a0<a href=\"https:\/\/carniques-juia.es\/products-2\/\" target=\"_blank\" rel=\"noopener\">quality\u00a0<\/a>Pork meat\u00a0cuts. As an international trader of pork products, we supply all quality pork cuts to Asia, Europe, Africa, Australia, North America, and South America.<\/p>\n<p><strong>Caso \u2013 Centro De Abate De Su\u00ednos Do Oeste, SA<\/strong> minden kiv\u00e1l\u00f3 min\u0151s\u00e9g\u0171 v\u00e1g\u00e1st k\u00edn\u00e1l <a href=\"https:\/\/es.wikipedia.org\/wiki\/Carne_de_cerdo\" target=\"_blank\" rel=\"noopener\">Sert\u00e9sh\u00fas<\/a>. Our grade A pork shoulder is available all year round. We source our Quality pork shoulder with great care at our\u00a0<a href=\"https:\/\/es.wikipedia.org\/wiki\/Matadero\" target=\"_blank\" rel=\"noopener\"><strong>sert\u00e9sv\u00e1g\u00f3hidak\u00a0<\/strong>\u00e9s<strong>\u00a0v\u00e1g\u00f3hidak<\/strong><\/a>\u00a0where we\u2019ve got a wealth of talented and experienced employees working to serve you the best quality pork shoulder<\/p>\n<p><a href=\"https:\/\/es.wikipedia.org\/wiki\/Carne_de_cerdo\" target=\"_blank\" rel=\"noopener\">Sert\u00e9sh\u00fas<\/a>\u00a0is very tasty and approved by all food committees for human consumption. Pork is the culinary name for the meat of the domestic pig. It is the most commonly consumed meat worldwide, with evidence of pig husbandry dating back to 5000 BC. Pork is eaten both freshly cooked and preserved; Curing extends the shelf life of pork products. Ham, smoked pork, gammon, bacon, and sausage are examples of preserved pork.<\/p>\n<p><strong>TERM\u00c9KLE\u00cdR\u00c1S, CSOMAGOL\u00c1S \u00c9S EXPORT<\/strong><br \/>\nTerm\u00e9kkateg\u00f3ria: Nyers sert\u00e9sh\u00fas<br \/>\nType: Frozen Pork Shoulder Dutch Cut<br \/>\nSz\u00e1rmaz\u00e1si orsz\u00e1g: <a href=\"https:\/\/es.wikipedia.org\/wiki\/Espa%C3%B1a\" target=\"_blank\" rel=\"noopener\">Portug\u00e1lia<\/a><br \/>\nM\u00e1rka\/Gy\u00e1ri sz\u00e1m: 06-06<br \/>\nT\u00e1ska: 30 x 60 cm 58mic v\u00e1kuumcsomagolt<br \/>\nTok 465x265x210,51 cm + 3 elv\u00e1laszt\u00f3<br \/>\ntokonk\u00e9nt 4 egys\u00e9g<br \/>\nTok s\u00falya 18,14 kg<br \/>\nRaklap: 98 doboz\/raklap<br \/>\nFelhaszn\u00e1lhat\u00f3s\u00e1gi id\u0151: 24 h\u00f3nap<br \/>\nT\u00e1rol\u00e1si m\u00f3d: h\u0171tve (m\u00ednusz 18 Celsius fok)<br \/>\nHigi\u00e9niai enged\u00e9ly:\u00a0<a href=\"https:\/\/www.sgs.es\/\" target=\"_blank\" rel=\"noopener\">SGS<\/a>,\u00a0<a href=\"https:\/\/www.ifs-certification.com\/index.php\/es\/\" target=\"_blank\" rel=\"noopener\">IFS<\/a>,\u00a0<a href=\"https:\/\/www.hfsaa.org\/\" target=\"_blank\" rel=\"noopener\">Halal \u00e9lelmiszer tan\u00fas\u00edt\u00e1s<\/a>,\u00a0<a href=\"https:\/\/www.brcgs.com\/\" target=\"_blank\" rel=\"noopener\">BRCGS<\/a>, \u00e9s\u00a0<a href=\"https:\/\/interporc.com\/\" target=\"_blank\" rel=\"noopener\">IAWS INTERPORC<\/a>.<\/p>\n<p><strong>TERM\u00c9K SPECIFIK\u00c1CI\u00d3<\/strong><\/p>\n<ul>\n<li>Min\u0151s\u00e9g: A fokozat.<\/li>\n<li>100% frissen \u00e9s fagyasztva.<\/li>\n<li>J\u00f3l fel\u00f6lt\u00f6zve \u00e9s tiszt\u00edtva.<\/li>\n<li>Nincs haj<\/li>\n<li>Nincsenek lyukak<\/li>\n<li>Nincs zs\u00edr\/szennyez\u0151d\u00e9s.<\/li>\n<li>J\u00e9g: &lt;0,3%<\/li>\n<li>A t\u00f6r\u00f6tt csontok kevesebb, mint 1%.<\/li>\n<li>Szalmonella kimutat\u00e1sa: 0%.<\/li>\n<\/ul>","protected":false},"excerpt":{"rendered":"<div class=\"product-short-description\">\n<p>Frozen Pork Shoulder Dutch Cut and other distinguished pork cuts \u2013 always supplied from Fresh produce at <strong>Caso \u2013 Centro De Abate De Su\u00ednos Do Oeste, SA<\/strong>. Rendel\u00e9s\u00e9t biol\u00f3giailag leboml\u00f3 habbal szigetelt dobozba csomagoljuk, j\u00e9gakkukkal egy\u00fctt a megfelel\u0151 h\u0151m\u00e9rs\u00e9klet fenntart\u00e1sa \u00e9rdek\u00e9ben.<\/p>\n<p>Kiv\u00e1l\u00f3 min\u0151s\u00e9g\u0171 a kateg\u00f3ri\u00e1s, 100% eg\u00e9szs\u00e9g\u00fcgyi tan\u00fas\u00edtv\u00e1nnyal, gyors sz\u00e1ll\u00edt\u00e1s \u00e9s kedvezm\u00e9nyes \u00e1rak. vegye fel vel\u00fcnk a kapcsolatot a term\u00e9k r\u00e9szletei\u00e9rt.<\/p>\n<\/div>\n<div id=\"enquiry\" class=\"pe-enq-wrapper\"><\/div>","protected":false},"featured_media":2754,"comment_status":"open","ping_status":"closed","template":"","meta":[],"product_brand":[],"product_cat":[56],"product_tag":[],"class_list":{"0":"post-2753","1":"product","2":"type-product","3":"status-publish","4":"has-post-thumbnail","6":"product_cat-shoulder-products","8":"first","9":"instock","10":"shipping-taxable","11":"product-type-simple"},"_links":{"self":[{"href":"https:\/\/caso-centro.com\/hu\/wp-json\/wp\/v2\/product\/2753","targetHints":{"allow":["GET"]}}],"collection":[{"href":"https:\/\/caso-centro.com\/hu\/wp-json\/wp\/v2\/product"}],"about":[{"href":"https:\/\/caso-centro.com\/hu\/wp-json\/wp\/v2\/types\/product"}],"replies":[{"embeddable":true,"href":"https:\/\/caso-centro.com\/hu\/wp-json\/wp\/v2\/comments?post=2753"}],"wp:featuredmedia":[{"embeddable":true,"href":"https:\/\/caso-centro.com\/hu\/wp-json\/wp\/v2\/media\/2754"}],"wp:attachment":[{"href":"https:\/\/caso-centro.com\/hu\/wp-json\/wp\/v2\/media?parent=2753"}],"wp:term":[{"taxonomy":"product_brand","embeddable":true,"href":"https:\/\/caso-centro.com\/hu\/wp-json\/wp\/v2\/product_brand?post=2753"},{"taxonomy":"product_cat","embeddable":true,"href":"https:\/\/caso-centro.com\/hu\/wp-json\/wp\/v2\/product_cat?post=2753"},{"taxonomy":"product_tag","embeddable":true,"href":"https:\/\/caso-centro.com\/hu\/wp-json\/wp\/v2\/product_tag?post=2753"}],"curies":[{"name":"wp","href":"https:\/\/api.w.org\/{rel}","templated":true}]}}