{"id":2632,"date":"2024-05-17T22:41:59","date_gmt":"2024-05-17T22:41:59","guid":{"rendered":"https:\/\/caso-centro.com\/?post_type=product&#038;p=2632"},"modified":"2026-04-02T03:54:29","modified_gmt":"2026-04-02T03:54:29","slug":"frozen-pork-flank-rind-on-and-red-and-white-meat","status":"publish","type":"product","link":"https:\/\/caso-centro.com\/hu\/termek\/frozen-pork-flank-rind-on-and-red-and-white-meat\/","title":{"rendered":"Fagyasztott sert\u00e9sh\u00fas, h\u00e1mozott \u00e9s v\u00f6r\u00f6s-feh\u00e9r h\u00fas"},"content":{"rendered":"<h1><strong>Fagyasztott sert\u00e9sh\u00fas, h\u00e1mozott \u00e9s v\u00f6r\u00f6s-feh\u00e9r h\u00fas<\/strong><\/h1>\n<p>Are you interested in Frozen Pork Flank, Rind-On and Red and White Meat ? At<strong> Caso \u2013 Centro De Abate De Su\u00ednos Do Oeste, SA <\/strong>we are specialized in the trade of high-quality Pork\u00a0<a href=\"https:\/\/carniques-juia.es\/categoria-producto\/leg-or-ham-products\/\" target=\"_blank\" rel=\"noopener\">L\u00c1B VAGY SONKA TERM\u00c9KEK<\/a>\u00a0and other quality\u00a0<a href=\"https:\/\/es.wikipedia.org\/wiki\/Carne_de_cerdo\" target=\"_blank\" rel=\"noopener\">Sert\u00e9sh\u00fas<\/a>\u00a0v\u00e1g\u00e1sok. A sert\u00e9sh\u00fas term\u00e9kek nemzetk\u00f6zi keresked\u0151jek\u00e9nt minden min\u0151s\u00e9gi sert\u00e9sh\u00fast sz\u00e1ll\u00edtunk \u00c1zsi\u00e1ba, Eur\u00f3p\u00e1ba, Afrik\u00e1ba, Ausztr\u00e1li\u00e1ba, \u00c9szak-Amerik\u00e1ba \u00e9s D\u00e9l-Amerik\u00e1ba.<\/p>\n<p><strong>Caso \u2013 Centro De Abate De Su\u00ednos Do Oeste, SA<\/strong> minden kiv\u00e1l\u00f3 min\u0151s\u00e9g\u0171 v\u00e1g\u00e1st k\u00edn\u00e1l <a href=\"https:\/\/es.wikipedia.org\/wiki\/Carne_de_cerdo\" target=\"_blank\" rel=\"noopener\">Sert\u00e9sh\u00fas<\/a>. Our grade A Rind pork flank is available all year round. We source our Quality Rind pork flank with great care at our\u00a0<a href=\"https:\/\/es.wikipedia.org\/wiki\/Matadero\" target=\"_blank\" rel=\"noopener\"><strong>sert\u00e9sv\u00e1g\u00f3hidak\u00a0<\/strong>\u00e9s<strong>\u00a0v\u00e1g\u00f3hidak<\/strong><\/a>\u00a0where we\u2019ve got a wealth of talented and experienced employees working to serve you the best quality Rind pork flank<\/p>\n<p><a href=\"https:\/\/es.wikipedia.org\/wiki\/Carne_de_cerdo\" target=\"_blank\" rel=\"noopener\">Sert\u00e9sh\u00fas<\/a>\u00a0nagyon \u00edzletes, \u00e9s minden \u00e9lelmiszer-bizotts\u00e1g j\u00f3v\u00e1hagyta emberi fogyaszt\u00e1sra. K\u00fcl\u00f6nf\u00e9le konyh\u00e1kban haszn\u00e1lj\u00e1k szerte a vil\u00e1gon. A sert\u00e9sh\u00fas a h\u00e1zisert\u00e9s h\u00fas\u00e1nak kulin\u00e1ris neve. Ez a leggyakrabban fogyasztott h\u00fas vil\u00e1gszerte, a sert\u00e9steny\u00e9szt\u00e9s bizony\u00edt\u00e9kai az ie 5000-ig ny\u00falnak vissza. A sert\u00e9sh\u00fast frissen f\u0151zve \u00e9s tart\u00f3s\u00edtva is fogyasztj\u00e1k; A p\u00e1col\u00e1s meghosszabb\u00edtja a sert\u00e9sh\u00fasb\u00f3l k\u00e9sz\u00fclt term\u00e9kek eltarthat\u00f3s\u00e1g\u00e1t. A sonka, a f\u00fcst\u00f6lt sert\u00e9sh\u00fas, a gammon, a szalonna \u00e9s a kolb\u00e1sz a tart\u00f3s\u00edtott sert\u00e9sh\u00fas p\u00e9ld\u00e1i.<\/p>\n<p><strong>TERM\u00c9KLE\u00cdR\u00c1S, CSOMAGOL\u00c1S \u00c9S EXPORT<\/strong><br \/>\nTerm\u00e9kkateg\u00f3ria: Nyers sert\u00e9sh\u00fas<br \/>\nType: Frozen Pork Flank, Rind-On and Red and White Meat<br \/>\nSz\u00e1rmaz\u00e1si orsz\u00e1g: <a href=\"https:\/\/es.wikipedia.org\/wiki\/Espa%C3%B1a\" target=\"_blank\" rel=\"noopener\">Portug\u00e1lia<\/a><br \/>\nM\u00e1rka\/Gy\u00e1ri sz\u00e1m: 06-06<br \/>\nT\u00e1ska: 30 x 60 cm 58mic v\u00e1kuumcsomagolt<br \/>\nTok 465x265x210,51 cm + 3 elv\u00e1laszt\u00f3<br \/>\ntokonk\u00e9nt 4 egys\u00e9g<br \/>\nTok s\u00falya 18,14 kg<br \/>\nRaklap: 98 doboz\/raklap<br \/>\nFelhaszn\u00e1lhat\u00f3s\u00e1gi id\u0151: 24 h\u00f3nap<br \/>\nT\u00e1rol\u00e1si m\u00f3d: h\u0171tve (m\u00ednusz 18 Celsius fok)<br \/>\nHigi\u00e9niai enged\u00e9ly:\u00a0<a href=\"https:\/\/www.sgs.es\/\" target=\"_blank\" rel=\"noopener\">SGS<\/a>,\u00a0<a href=\"https:\/\/www.ifs-certification.com\/index.php\/es\/\" target=\"_blank\" rel=\"noopener\">IFS<\/a>,\u00a0<a href=\"https:\/\/www.hfsaa.org\/\" target=\"_blank\" rel=\"noopener\">Halal \u00e9lelmiszer tan\u00fas\u00edt\u00e1s<\/a>,\u00a0<a href=\"https:\/\/www.brcgs.com\/\" target=\"_blank\" rel=\"noopener\">BRCGS<\/a>, \u00e9s\u00a0<a href=\"https:\/\/interporc.com\/\" target=\"_blank\" rel=\"noopener\">IAWS INTERPORC<\/a>.<\/p>\n<p><strong>TERM\u00c9K SPECIFIK\u00c1CI\u00d3<\/strong><\/p>\n<ul>\n<li>Min\u0151s\u00e9g: A fokozat.<\/li>\n<li>100% frissen \u00e9s fagyasztva.<\/li>\n<li>J\u00f3l fel\u00f6lt\u00f6zve \u00e9s tiszt\u00edtva.<\/li>\n<li>Nincs haj<\/li>\n<li>Nincsenek lyukak<\/li>\n<li>Nincs zs\u00edr\/szennyez\u0151d\u00e9s.<\/li>\n<li>J\u00e9g: &lt;0,3%<\/li>\n<li>A t\u00f6r\u00f6tt csontok kevesebb, mint 1%.<\/li>\n<li>Szalmonella kimutat\u00e1sa: 0%.<\/li>\n<\/ul>\n<p><a href=\"https:\/\/caso-centro.com\/hu\/termek\/sertes-farok-2\/\">Min\u0151s\u00e9gi fagyasztott sert\u00e9sfarok <\/a><a href=\"https:\/\/caso-centro.com\/hu\/termek\/sertes-vekonybel\/\">Min\u0151s\u00e9gi fagyasztott sert\u00e9s v\u00e9konyb\u00e9l <\/a><a href=\"https:\/\/caso-centro.com\/hu\/termek\/sertes-karaj\/\">Min\u0151s\u00e9gi fagyasztott sert\u00e9skaraj <\/a><a href=\"https:\/\/caso-centro.com\/hu\/termek\/sertes-maj\/\">Min\u0151s\u00e9gi fagyasztott sert\u00e9sm\u00e1j <\/a><a href=\"https:\/\/caso-centro.com\/hu\/termek\/serteszsir\/\">Min\u0151s\u00e9gi fagyasztott sert\u00e9szs\u00edr<\/a><\/p>","protected":false},"excerpt":{"rendered":"<p>Frozen Pork Flank, Rind-On and Red and White Meat, and other distinguished pork cuts \u2013 always supplied from Fresh produce at <strong>Caso \u2013 Centro De Abate De Su\u00ednos Do Oeste, SA<\/strong>. Rendel\u00e9s\u00e9t biol\u00f3giailag leboml\u00f3 habbal szigetelt dobozba csomagoljuk, j\u00e9gakkukkal egy\u00fctt a megfelel\u0151 h\u0151m\u00e9rs\u00e9klet fenntart\u00e1sa \u00e9rdek\u00e9ben.<\/p>\n<p>Kiv\u00e1l\u00f3 min\u0151s\u00e9g\u0171 a kateg\u00f3ri\u00e1s, 100% eg\u00e9szs\u00e9g\u00fcgyi tan\u00fas\u00edtv\u00e1nnyal, gyors sz\u00e1ll\u00edt\u00e1s \u00e9s kedvezm\u00e9nyes \u00e1rak. vegye fel vel\u00fcnk a kapcsolatot a term\u00e9k r\u00e9szletei\u00e9rt.<\/p>","protected":false},"featured_media":2633,"comment_status":"open","ping_status":"closed","template":"","meta":[],"product_brand":[],"product_cat":[58],"product_tag":[193,191,192,194],"class_list":{"0":"post-2632","1":"product","2":"type-product","3":"status-publish","4":"has-post-thumbnail","6":"product_cat-leg-or-ham-products","7":"product_tag-flank-steak-pork","8":"product_tag-pork-flank","9":"product_tag-pork-flank-steak","10":"product_tag-pork-flanken-ribs","12":"first","13":"instock","14":"shipping-taxable","15":"product-type-simple"},"_links":{"self":[{"href":"https:\/\/caso-centro.com\/hu\/wp-json\/wp\/v2\/product\/2632","targetHints":{"allow":["GET"]}}],"collection":[{"href":"https:\/\/caso-centro.com\/hu\/wp-json\/wp\/v2\/product"}],"about":[{"href":"https:\/\/caso-centro.com\/hu\/wp-json\/wp\/v2\/types\/product"}],"replies":[{"embeddable":true,"href":"https:\/\/caso-centro.com\/hu\/wp-json\/wp\/v2\/comments?post=2632"}],"wp:featuredmedia":[{"embeddable":true,"href":"https:\/\/caso-centro.com\/hu\/wp-json\/wp\/v2\/media\/2633"}],"wp:attachment":[{"href":"https:\/\/caso-centro.com\/hu\/wp-json\/wp\/v2\/media?parent=2632"}],"wp:term":[{"taxonomy":"product_brand","embeddable":true,"href":"https:\/\/caso-centro.com\/hu\/wp-json\/wp\/v2\/product_brand?post=2632"},{"taxonomy":"product_cat","embeddable":true,"href":"https:\/\/caso-centro.com\/hu\/wp-json\/wp\/v2\/product_cat?post=2632"},{"taxonomy":"product_tag","embeddable":true,"href":"https:\/\/caso-centro.com\/hu\/wp-json\/wp\/v2\/product_tag?post=2632"}],"curies":[{"name":"wp","href":"https:\/\/api.w.org\/{rel}","templated":true}]}}