{"id":2586,"date":"2024-05-17T18:52:50","date_gmt":"2024-05-17T18:52:50","guid":{"rendered":"https:\/\/caso-centro.com\/?post_type=product&#038;p=2586"},"modified":"2024-05-21T00:12:11","modified_gmt":"2024-05-21T00:12:11","slug":"frozen-pork-a-grade-belly-boneless-rindless-without-softbone-20-50","status":"publish","type":"product","link":"https:\/\/caso-centro.com\/hu\/termek\/frozen-pork-a-grade-belly-boneless-rindless-without-softbone-20-50\/","title":{"rendered":"Fagyasztott sert\u00e9sh\u00fas A-oszt\u00e1ly\u00fa hasa, csont n\u00e9lk\u00fcl, h\u00e9j n\u00e9lk\u00fcl, puha csont n\u00e9lk\u00fcl 20\/50"},"content":{"rendered":"<h1><strong>Fagyasztott sert\u00e9sh\u00fas A-oszt\u00e1ly\u00fa hasa, csont n\u00e9lk\u00fcl, h\u00e9j n\u00e9lk\u00fcl, puha csont n\u00e9lk\u00fcl 20\/50<\/strong><\/h1>\n<p>Are you interested in Frozen Pork A-Grade Belly, Boneless, Rindless, Without Softbone 20\/50 ? At <strong>Caso \u2013 Centro De Abate De Su\u00ednos Do Oeste, SA<\/strong>. we are specialized in the trade of high-quality Pork LOIN &amp; BELLY PRODUCTS and other quality Pork meat cuts. As an international trader of pork products, we supply all quality pork cuts to Asia, Europe, Africa, Australia, North America, and South America.<\/p>\n<p><strong>Caso \u2013 Centro De Abate De Su\u00ednos Do Oeste, SA<\/strong> offers all cuts of high-quality Pork meat. Our grade A pork belly are available all year round. We source our Quality pork belly with great care at our\u00a0<strong>sert\u00e9sv\u00e1g\u00f3hidak\u00a0<\/strong>\u00e9s<strong>\u00a0v\u00e1g\u00f3hidak<\/strong>\u00a0where we\u2019ve got a wealth of talented and experienced employees working to serve you the best quality pork belly<\/p>\n<p>A sert\u00e9sh\u00fas nagyon \u00edzletes, \u00e9s minden \u00e9lelmiszer-bizotts\u00e1g j\u00f3v\u00e1hagyta emberi fogyaszt\u00e1sra. K\u00fcl\u00f6nf\u00e9le konyh\u00e1kban haszn\u00e1lj\u00e1k szerte a vil\u00e1gon. A sert\u00e9sh\u00fas a h\u00e1zisert\u00e9s h\u00fas\u00e1nak kulin\u00e1ris neve. Ez a leggyakrabban fogyasztott h\u00fas vil\u00e1gszerte, a sert\u00e9steny\u00e9szt\u00e9s bizony\u00edt\u00e9kai az ie 5000-ig ny\u00falnak vissza. A sert\u00e9sh\u00fast frissen f\u0151zve \u00e9s tart\u00f3s\u00edtva is fogyasztj\u00e1k; A p\u00e1col\u00e1s meghosszabb\u00edtja a sert\u00e9sh\u00fasb\u00f3l k\u00e9sz\u00fclt term\u00e9kek eltarthat\u00f3s\u00e1g\u00e1t. A sonka, a f\u00fcst\u00f6lt sert\u00e9sh\u00fas, a gammon, a szalonna \u00e9s a kolb\u00e1sz a tart\u00f3s\u00edtott sert\u00e9sh\u00fas p\u00e9ld\u00e1i.<\/p>\n<p><strong>TERM\u00c9KLE\u00cdR\u00c1S, CSOMAGOL\u00c1S \u00c9S EXPORT<\/strong><br \/>\nTerm\u00e9kkateg\u00f3ria: Nyers sert\u00e9sh\u00fas<br \/>\nType: Frozen Pork A-Grade Belly, Boneless, Rindless, Without Softbone 20\/50<br \/>\nSz\u00e1rmaz\u00e1si orsz\u00e1g: <a href=\"https:\/\/es.wikipedia.org\/wiki\/Espa%C3%B1a\" target=\"_blank\" rel=\"noopener\">Portug\u00e1lia<\/a><br \/>\nM\u00e1rka\/Gy\u00e1ri sz\u00e1m: 06-06<br \/>\nT\u00e1ska: 30 x 60 cm 58mic v\u00e1kuumcsomagolt<br \/>\nTok 465x265x210,51 cm + 3 elv\u00e1laszt\u00f3<br \/>\ntokonk\u00e9nt 4 egys\u00e9g<br \/>\nTok s\u00falya 18,14 kg<br \/>\nRaklap: 98 doboz\/raklap<br \/>\nFelhaszn\u00e1lhat\u00f3s\u00e1gi id\u0151: 24 h\u00f3nap<br \/>\nT\u00e1rol\u00e1si m\u00f3d: h\u0171tve (m\u00ednusz 18 Celsius fok)<br \/>\nHigi\u00e9niai enged\u00e9ly: SGS, IFS, Halal \u00e9lelmiszer-tan\u00fas\u00edtv\u00e1ny, BRCGS \u00e9s IAWS INTERPORC.<\/p>\n<p><strong>TERM\u00c9K SPECIFIK\u00c1CI\u00d3<\/strong><\/p>\n<ul>\n<li>Min\u0151s\u00e9g: A fokozat.<\/li>\n<li>100% frissen \u00e9s fagyasztva.<\/li>\n<li>J\u00f3l fel\u00f6lt\u00f6zve \u00e9s tiszt\u00edtva.<\/li>\n<li>Nincs haj<\/li>\n<li>Nincsenek lyukak<\/li>\n<li>Nincs zs\u00edr\/szennyez\u0151d\u00e9s.<\/li>\n<li>J\u00e9g: &lt;0,3%<\/li>\n<li>A t\u00f6r\u00f6tt csontok kevesebb, mint 1%.<\/li>\n<li>Szalmonella kimutat\u00e1sa: 0%.<\/li>\n<\/ul>","protected":false},"excerpt":{"rendered":"<p>Frozen Pork A-Grade Belly, Boneless, Rindless, Without Softbone 20\/50 and other distinguished pork cuts \u2013 always supplied from Fresh produce at <strong>Caso \u2013 Centro De Abate De Su\u00ednos Do Oeste, SA<\/strong>. Rendel\u00e9s\u00e9t biol\u00f3giailag leboml\u00f3 habbal szigetelt dobozba csomagoljuk, j\u00e9gakkukkal egy\u00fctt a megfelel\u0151 h\u0151m\u00e9rs\u00e9klet fenntart\u00e1sa \u00e9rdek\u00e9ben.<\/p>\n<p>Kiv\u00e1l\u00f3 min\u0151s\u00e9g\u0171 a kateg\u00f3ri\u00e1s, 100% eg\u00e9szs\u00e9g\u00fcgyi tan\u00fas\u00edtv\u00e1nnyal, gyors sz\u00e1ll\u00edt\u00e1s \u00e9s kedvezm\u00e9nyes \u00e1rak. vegye fel vel\u00fcnk a kapcsolatot a term\u00e9k r\u00e9szletei\u00e9rt.<\/p>","protected":false},"featured_media":2587,"comment_status":"open","ping_status":"closed","template":"","meta":[],"product_brand":[],"product_cat":[57],"product_tag":[],"class_list":{"0":"post-2586","1":"product","2":"type-product","3":"status-publish","4":"has-post-thumbnail","6":"product_cat-loin-belly-products","8":"first","9":"instock","10":"shipping-taxable","11":"product-type-simple"},"_links":{"self":[{"href":"https:\/\/caso-centro.com\/hu\/wp-json\/wp\/v2\/product\/2586","targetHints":{"allow":["GET"]}}],"collection":[{"href":"https:\/\/caso-centro.com\/hu\/wp-json\/wp\/v2\/product"}],"about":[{"href":"https:\/\/caso-centro.com\/hu\/wp-json\/wp\/v2\/types\/product"}],"replies":[{"embeddable":true,"href":"https:\/\/caso-centro.com\/hu\/wp-json\/wp\/v2\/comments?post=2586"}],"wp:featuredmedia":[{"embeddable":true,"href":"https:\/\/caso-centro.com\/hu\/wp-json\/wp\/v2\/media\/2587"}],"wp:attachment":[{"href":"https:\/\/caso-centro.com\/hu\/wp-json\/wp\/v2\/media?parent=2586"}],"wp:term":[{"taxonomy":"product_brand","embeddable":true,"href":"https:\/\/caso-centro.com\/hu\/wp-json\/wp\/v2\/product_brand?post=2586"},{"taxonomy":"product_cat","embeddable":true,"href":"https:\/\/caso-centro.com\/hu\/wp-json\/wp\/v2\/product_cat?post=2586"},{"taxonomy":"product_tag","embeddable":true,"href":"https:\/\/caso-centro.com\/hu\/wp-json\/wp\/v2\/product_tag?post=2586"}],"curies":[{"name":"wp","href":"https:\/\/api.w.org\/{rel}","templated":true}]}}