{"id":2642,"date":"2024-05-17T22:54:48","date_gmt":"2024-05-17T22:54:48","guid":{"rendered":"https:\/\/caso-centro.com\/?post_type=product&#038;p=2642"},"modified":"2026-03-18T22:12:40","modified_gmt":"2026-03-18T22:12:40","slug":"frozen-pork-hind-hock-bone-in-rind-on","status":"publish","type":"product","link":"https:\/\/caso-centro.com\/fr\/produit\/frozen-pork-hind-hock-bone-in-rind-on\/","title":{"rendered":"Jarret de porc surgel\u00e9, avec os et couenne"},"content":{"rendered":"<h1><strong>Jarret de porc surgel\u00e9, avec os et couenne<\/strong><\/h1>\n<p>Are you interested in Frozen Pork Hind Hock, Bone-In, Rind-On? At <strong>Caso \u2013 Centro De Abate De Su\u00ednos Do Oeste, SA<\/strong>\u00a0nous sommes sp\u00e9cialis\u00e9s dans le commerce de produits de cuisse ou de jambon de porc de haute qualit\u00e9 et d&#039;autres produits de qualit\u00e9\u00a0<a href=\"https:\/\/es.wikipedia.org\/wiki\/Carne_de_cerdo\" target=\"_blank\" rel=\"noopener\">viande de porc<\/a>\u00a0En tant que n\u00e9gociant international de produits \u00e0 base de porc, nous fournissons des d\u00e9coupes de porc de qualit\u00e9 en Asie, en Europe, en Afrique, en Australie, en Am\u00e9rique du Nord et en Am\u00e9rique du Sud.<\/p>\n<p><strong>Caso \u2013 Centro De Abate De Su\u00ednos Do Oeste, SA<\/strong> propose toutes les coupes de haute qualit\u00e9 <a href=\"https:\/\/es.wikipedia.org\/wiki\/Carne_de_cerdo\" target=\"_blank\" rel=\"noopener\">viande de porc<\/a>. Our grade A pork hind hock are available all year round. We source our Quality pork hind hock with great care at our\u00a0<a href=\"https:\/\/es.wikipedia.org\/wiki\/Matadero\" target=\"_blank\" rel=\"noopener\"><strong>abattoirs de porc\u00a0<\/strong>et<strong>\u00a0abattoirs<\/strong><\/a>\u00a0where we\u2019ve got a wealth of talented and experienced employees working to serve you the best quality pork hind hock<\/p>\n<p><a href=\"https:\/\/es.wikipedia.org\/wiki\/Carne_de_cerdo\" target=\"_blank\" rel=\"noopener\">viande de porc<\/a>\u00a0Le porc est tr\u00e8s savoureux et approuv\u00e9 par tous les comit\u00e9s alimentaires pour la consommation humaine. Il est utilis\u00e9 dans de nombreuses cuisines du monde entier. Le porc est le nom culinaire de la viande du porc domestique. C&#039;est la viande la plus consomm\u00e9e au monde, l&#039;\u00e9levage porcin \u00e9tant attest\u00e9 d\u00e8s 5000 av. J.-C. Le porc se consomme aussi bien frais cuit qu&#039;en conserve\u00a0; la salaison prolonge la dur\u00e9e de conservation des produits \u00e0 base de porc. Le jambon, le porc fum\u00e9, le jambon, le bacon et la saucisse sont des exemples de porc en conserve.<\/p>\n<p><strong>DESCRIPTION DU PRODUIT, EMBALLAGE ET EXPORTATION<\/strong><br \/>\nCat\u00e9gorie de produit : Porc cru<br \/>\nType: Frozen Pork Hind Hock, Bone-In, Rind-On<br \/>\nPays d&#039;origine : <a href=\"https:\/\/es.wikipedia.org\/wiki\/Espa%C3%B1a\" target=\"_blank\" rel=\"noopener\">Portugal<\/a><br \/>\nMarque\/Num\u00e9ro d&#039;usine : 06-06<br \/>\nSac : 30 x 60 cm 58mic emball\u00e9 sous vide<br \/>\nMallette 465 x 265 x 210,51 cm + 3 s\u00e9parateurs<br \/>\n4 unit\u00e9s par caisse<br \/>\nPoids du bo\u00eetier 18,14 kg<br \/>\nPalettes : 98 cartons\/palette<br \/>\nDur\u00e9e de conservation : 24 mois<br \/>\nM\u00e9thode de conservation : r\u00e9frig\u00e9r\u00e9 (moins 18 degr\u00e9s Celsius)<br \/>\nLicence d&#039;hygi\u00e8ne :\u00a0<a href=\"https:\/\/www.sgs.es\/\" target=\"_blank\" rel=\"noopener\">SGS<\/a>,\u00a0<a href=\"https:\/\/www.ifs-certification.com\/index.php\/es\/\" target=\"_blank\" rel=\"noopener\">IFS<\/a>,\u00a0<a href=\"https:\/\/www.hfsaa.org\/\" target=\"_blank\" rel=\"noopener\">Certification des aliments halal<\/a>,\u00a0<a href=\"https:\/\/www.brcgs.com\/\" target=\"_blank\" rel=\"noopener\">BRCGS<\/a>, et\u00a0<a href=\"https:\/\/interporc.com\/\" target=\"_blank\" rel=\"noopener\">IAWS INTERPORC<\/a>.<\/p>\n<p><strong>SP\u00c9CIFICATION DU PRODUIT<\/strong><\/p>\n<ul>\n<li>Qualit\u00e9 : Grade A.<\/li>\n<li>100% frais et congel\u00e9.<\/li>\n<li>Bien habill\u00e9 et nettoy\u00e9.<\/li>\n<li>Pas de cheveux<\/li>\n<li>Pas de trous<\/li>\n<li>Pas de graisse\/contamination.<\/li>\n<li>Glace : &lt;0,3%<\/li>\n<li>Os cass\u00e9s de moins de 1%.<\/li>\n<li>D\u00e9tection de salmonelles : 0%.<\/li>\n<\/ul>","protected":false},"excerpt":{"rendered":"<p>Frozen Pork Hind Hock, Bone-In, Rind-On, and other distinguished pork cuts \u2013 always supplied from Fresh produce at <strong>Caso \u2013 Centro De Abate De Su\u00ednos Do Oeste, SA<\/strong>Votre commande sera soigneusement emball\u00e9e dans une bo\u00eete isol\u00e9e avec de la mousse biod\u00e9gradable, accompagn\u00e9e de blocs de glace pour maintenir une temp\u00e9rature ad\u00e9quate.<\/p>\n<p>Qualit\u00e9 sup\u00e9rieure de qualit\u00e9 A, certifi\u00e9 sant\u00e9 100%, livraison rapide et prix r\u00e9duits. Contactez-nous pour plus de d\u00e9tails sur le produit.<\/p>","protected":false},"featured_media":2643,"comment_status":"open","ping_status":"closed","template":"","meta":[],"product_brand":[],"product_cat":[58],"product_tag":[],"class_list":{"0":"post-2642","1":"product","2":"type-product","3":"status-publish","4":"has-post-thumbnail","6":"product_cat-leg-or-ham-products","8":"first","9":"instock","10":"shipping-taxable","11":"product-type-simple"},"_links":{"self":[{"href":"https:\/\/caso-centro.com\/fr\/wp-json\/wp\/v2\/product\/2642","targetHints":{"allow":["GET"]}}],"collection":[{"href":"https:\/\/caso-centro.com\/fr\/wp-json\/wp\/v2\/product"}],"about":[{"href":"https:\/\/caso-centro.com\/fr\/wp-json\/wp\/v2\/types\/product"}],"replies":[{"embeddable":true,"href":"https:\/\/caso-centro.com\/fr\/wp-json\/wp\/v2\/comments?post=2642"}],"wp:featuredmedia":[{"embeddable":true,"href":"https:\/\/caso-centro.com\/fr\/wp-json\/wp\/v2\/media\/2643"}],"wp:attachment":[{"href":"https:\/\/caso-centro.com\/fr\/wp-json\/wp\/v2\/media?parent=2642"}],"wp:term":[{"taxonomy":"product_brand","embeddable":true,"href":"https:\/\/caso-centro.com\/fr\/wp-json\/wp\/v2\/product_brand?post=2642"},{"taxonomy":"product_cat","embeddable":true,"href":"https:\/\/caso-centro.com\/fr\/wp-json\/wp\/v2\/product_cat?post=2642"},{"taxonomy":"product_tag","embeddable":true,"href":"https:\/\/caso-centro.com\/fr\/wp-json\/wp\/v2\/product_tag?post=2642"}],"curies":[{"name":"wp","href":"https:\/\/api.w.org\/{rel}","templated":true}]}}