{"id":2634,"date":"2024-05-17T22:44:32","date_gmt":"2024-05-17T22:44:32","guid":{"rendered":"https:\/\/caso-centro.com\/?post_type=product&#038;p=2634"},"modified":"2026-05-06T05:22:46","modified_gmt":"2026-05-06T05:22:46","slug":"spanish-for-pork-chop","status":"publish","type":"product","link":"https:\/\/caso-centro.com\/fr\/produit\/cotelette-de-porc-en-espagnol\/","title":{"rendered":"Partie avant de porc congel\u00e9e sans bajoue"},"content":{"rendered":"<h1><strong>Partie avant de porc congel\u00e9e sans bajoue<\/strong><\/h1>\n<p>spanish for pork chop, , Are you interested in Frozen Pork Fore-End Without Jowl? At <strong>Caso \u2013 Centro De Abate De Su\u00ednos Do Oeste, SA<\/strong> we are specialized in the trade of high-quality Pork SHOULDER PRODUCTS and other quality\u00a0<a href=\"https:\/\/es.wikipedia.org\/wiki\/Carne_de_cerdo\" target=\"_blank\" rel=\"noopener\">viande de porc<\/a>\u00a0En tant que n\u00e9gociant international de produits \u00e0 base de porc, nous fournissons des d\u00e9coupes de porc de qualit\u00e9 en Asie, en Europe, en Afrique, en Australie, en Am\u00e9rique du Nord et en Am\u00e9rique du Sud.<\/p>\n<p><strong>Caso \u2013 Centro De Abate De Su\u00ednos Do Oeste, SA<\/strong> propose toutes les coupes de haute qualit\u00e9 <a href=\"https:\/\/es.wikipedia.org\/wiki\/Carne_de_cerdo\" target=\"_blank\" rel=\"noopener\">viande de porc<\/a>. Our grade A pork fore-end without jowl are available all year round. We source our Quality pork fore-end without jowl with great care at our\u00a0<a href=\"https:\/\/es.wikipedia.org\/wiki\/Matadero\" target=\"_blank\" rel=\"noopener\"><strong>abattoirs de porc\u00a0<\/strong>et<strong>\u00a0abattoirs<\/strong><\/a>\u00a0where we\u2019ve got a wealth of talented and experienced employees working to serve you the best quality pork fore-end without jowl<\/p>\n<p><a href=\"https:\/\/es.wikipedia.org\/wiki\/Carne_de_cerdo\" target=\"_blank\" rel=\"noopener\">viande de porc<\/a>\u00a0is very tasty and approved by all food committees for human consumption. It\u2019s used in a variety of cuisines all around the world. They\u2019re usually fried crispy. They can also be cooked, braised, or roasted. The outside layers of skin get crunchy, while the inside layer of cartilage becomes gelatinous and chewy, thus frying them crispy is a natural choice. The ear\u2019s flavor can be described as sweet, rich pokiness.<\/p>\n<p><strong>DESCRIPTION DU PRODUIT, EMBALLAGE ET EXPORTATION<\/strong><br \/>\nCat\u00e9gorie de produit : Porc cru<br \/>\nType: Frozen Pork Fore-End Without Jowl<br \/>\nPays d&#039;origine : <a href=\"https:\/\/es.wikipedia.org\/wiki\/Espa%C3%B1a\" target=\"_blank\" rel=\"noopener\">Portugal<\/a><br \/>\nMarque\/Num\u00e9ro d&#039;usine : 06-06<br \/>\nSac : 30 x 60 cm 58mic emball\u00e9 sous vide<br \/>\nMallette 465 x 265 x 210,51 cm + 3 s\u00e9parateurs<br \/>\n4 unit\u00e9s par caisse<br \/>\nPoids du bo\u00eetier 18,14 kg<br \/>\nPalettes : 98 cartons\/palette<br \/>\nDur\u00e9e de conservation : 24 mois<br \/>\nM\u00e9thode de conservation : r\u00e9frig\u00e9r\u00e9 (moins 18 degr\u00e9s Celsius)<br \/>\nLicence d&#039;hygi\u00e8ne :\u00a0<a href=\"https:\/\/www.sgs.es\/\" target=\"_blank\" rel=\"noopener\">SGS<\/a>,\u00a0<a href=\"https:\/\/www.ifs-certification.com\/index.php\/es\/\" target=\"_blank\" rel=\"noopener\">IFS<\/a>,\u00a0<a href=\"https:\/\/www.hfsaa.org\/\" target=\"_blank\" rel=\"noopener\">Certification des aliments halal<\/a>,\u00a0<a href=\"https:\/\/www.brcgs.com\/\" target=\"_blank\" rel=\"noopener\">BRCGS<\/a>, et\u00a0<a href=\"https:\/\/interporc.com\/\" target=\"_blank\" rel=\"noopener\">IAWS INTERPORC<\/a>.<\/p>\n<p><strong>SP\u00c9CIFICATION DU PRODUIT<\/strong><\/p>\n<ul>\n<li>Qualit\u00e9 : Grade A.<\/li>\n<li>100% frais et congel\u00e9.<\/li>\n<li>Bien habill\u00e9 et nettoy\u00e9.<\/li>\n<li>Pas de cheveux<\/li>\n<li>Pas de trous<\/li>\n<li>Pas de graisse\/contamination.<\/li>\n<li>Glace : &lt;0,3%<\/li>\n<li>Os cass\u00e9s de moins de 1%.<\/li>\n<li>D\u00e9tection de salmonelles : 0%.<\/li>\n<\/ul>\n<p><a href=\"https:\/\/caso-centro.com\/fr\/produit\/queue-de-porc-2\/\">Queue de porc congel\u00e9e de qualit\u00e9 <\/a><a href=\"https:\/\/caso-centro.com\/fr\/produit\/pork-small-intestines\/\">Intestins gr\u00eales de porc congel\u00e9s de qualit\u00e9 <\/a><a href=\"https:\/\/caso-centro.com\/fr\/produit\/longe-de-porc\/\">Longe de porc congel\u00e9e de qualit\u00e9 <\/a><a href=\"https:\/\/caso-centro.com\/fr\/produit\/foie-de-porc\/\">Foie de porc congel\u00e9 de qualit\u00e9 <\/a><a href=\"https:\/\/caso-centro.com\/fr\/produit\/saindoux-de-porc\/\">Saindoux de porc congel\u00e9 de qualit\u00e9<\/a><\/p>","protected":false},"excerpt":{"rendered":"<p>Frozen Pork Fore-End Without Jowl and other distinguished pork cuts \u2013 always supplied from Fresh produce at <strong>Caso \u2013 Centro De Abate De Su\u00ednos Do Oeste, SA<\/strong>Votre commande sera soigneusement emball\u00e9e dans une bo\u00eete isol\u00e9e avec de la mousse biod\u00e9gradable, accompagn\u00e9e de blocs de glace pour maintenir une temp\u00e9rature ad\u00e9quate.<\/p>\n<p>Qualit\u00e9 sup\u00e9rieure de qualit\u00e9 A, certifi\u00e9 sant\u00e9 100%, livraison rapide et prix r\u00e9duits. Contactez-nous pour plus de d\u00e9tails sur le produit.<\/p>","protected":false},"featured_media":2635,"comment_status":"open","ping_status":"closed","template":"","meta":[],"product_brand":[],"product_cat":[56],"product_tag":[190],"class_list":{"0":"post-2634","1":"product","2":"type-product","3":"status-publish","4":"has-post-thumbnail","6":"product_cat-shoulder-products","7":"product_tag-spanish-for-pork-chop","9":"first","10":"instock","11":"shipping-taxable","12":"product-type-simple"},"_links":{"self":[{"href":"https:\/\/caso-centro.com\/fr\/wp-json\/wp\/v2\/product\/2634","targetHints":{"allow":["GET"]}}],"collection":[{"href":"https:\/\/caso-centro.com\/fr\/wp-json\/wp\/v2\/product"}],"about":[{"href":"https:\/\/caso-centro.com\/fr\/wp-json\/wp\/v2\/types\/product"}],"replies":[{"embeddable":true,"href":"https:\/\/caso-centro.com\/fr\/wp-json\/wp\/v2\/comments?post=2634"}],"wp:featuredmedia":[{"embeddable":true,"href":"https:\/\/caso-centro.com\/fr\/wp-json\/wp\/v2\/media\/2635"}],"wp:attachment":[{"href":"https:\/\/caso-centro.com\/fr\/wp-json\/wp\/v2\/media?parent=2634"}],"wp:term":[{"taxonomy":"product_brand","embeddable":true,"href":"https:\/\/caso-centro.com\/fr\/wp-json\/wp\/v2\/product_brand?post=2634"},{"taxonomy":"product_cat","embeddable":true,"href":"https:\/\/caso-centro.com\/fr\/wp-json\/wp\/v2\/product_cat?post=2634"},{"taxonomy":"product_tag","embeddable":true,"href":"https:\/\/caso-centro.com\/fr\/wp-json\/wp\/v2\/product_tag?post=2634"}],"curies":[{"name":"wp","href":"https:\/\/api.w.org\/{rel}","templated":true}]}}