{"id":2594,"date":"2024-05-17T18:59:35","date_gmt":"2024-05-17T18:59:35","guid":{"rendered":"https:\/\/caso-centro.com\/?post_type=product&#038;p=2594"},"modified":"2026-05-04T04:41:25","modified_gmt":"2026-05-04T04:41:25","slug":"frozen-pork-back-bacon-green","status":"publish","type":"product","link":"https:\/\/caso-centro.com\/fr\/produit\/frozen-pork-back-bacon-green\/","title":{"rendered":"Bacon vert de dos de porc congel\u00e9"},"content":{"rendered":"<h1><strong>Bacon vert de dos de porc congel\u00e9<\/strong><\/h1>\n<p>Are you interested in Frozen Pork Back Bacon Green ? At\u00a0C\u00c0RNIQUES DE JUI\u00c0, S.A.. we are specialized in the trade of high-quality Pork\u00a0LOIN &amp; BELLY PRODUCTS\u00a0and other quality\u00a0Pork meat\u00a0cuts. As an international trader of pork products, we supply all quality pork cuts to Asia, Europe, Africa, Australia, North America, and South America.<\/p>\n<p>C\u00c0RNIQUES DE JUI\u00c0, S.A. offers all cuts of high-quality\u00a0Pork meat. Our grade A pork back bacon are available all year round. We source our Quality pork back bacon with great care at our\u00a0<strong>abattoirs de porc\u00a0<\/strong>et<strong>\u00a0abattoirs<\/strong>\u00a0where we\u2019ve got a wealth of talented and experienced employees working to serve you the best quality pork back bacon<\/p>\n<p>Pork meat\u00a0is very tasty and approved by all food committees for human consumption. It\u2019s used in a variety of cuisines all around the world. Pork is the culinary name for the meat of the domestic pig. It is the most commonly consumed meat worldwide, with evidence of pig husbandry dating back to 5000 BC. Pork is eaten both freshly cooked and preserved; Curing extends the shelf life of pork products. Ham, smoked pork, gammon, bacon, and sausage are examples of preserved pork.<\/p>\n<p><strong>DESCRIPTION DU PRODUIT, EMBALLAGE ET EXPORTATION<\/strong><\/p>\n<p>Cat\u00e9gorie de produit : Porc cru<\/p>\n<p>Type: Frozen Pork Back Bacon Green<\/p>\n<p>Pays d&#039;origine : <a href=\"https:\/\/es.wikipedia.org\/wiki\/Espa%C3%B1a\" target=\"_blank\" rel=\"noopener\">Portugal<\/a><\/p>\n<p>Marque\/Num\u00e9ro d&#039;usine : 06-06<\/p>\n<p>Sac : 30 x 60 cm 58mic emball\u00e9 sous vide<\/p>\n<p>Mallette 465 x 265 x 210,51 cm + 3 s\u00e9parateurs<\/p>\n<p>4 unit\u00e9s par caisse<\/p>\n<p>Poids du bo\u00eetier 18,14 kg<\/p>\n<p>Palettes : 98 cartons\/palette<\/p>\n<p>Dur\u00e9e de conservation : 24 mois<\/p>\n<p>M\u00e9thode de conservation : r\u00e9frig\u00e9r\u00e9 (moins 18 degr\u00e9s Celsius)<\/p>\n<p>Licence d&#039;hygi\u00e8ne : SGS, IFS, certification alimentaire Halal, BRCGS et IAWS INTERPORC.<\/p>\n<p><strong>SP\u00c9CIFICATION DU PRODUIT<\/strong><\/p>\n<ul>\n<li>Qualit\u00e9 : Grade A.<\/li>\n<li>100% frais et congel\u00e9.<\/li>\n<li>Bien habill\u00e9 et nettoy\u00e9.<\/li>\n<li>Pas de cheveux<\/li>\n<li>Pas de trous<\/li>\n<li>Pas de graisse\/contamination.<\/li>\n<li>Glace : &lt;0,3%<\/li>\n<li>Os cass\u00e9s de moins de 1%.<\/li>\n<li>D\u00e9tection de salmonelles : 0%.<\/li>\n<\/ul>","protected":false},"excerpt":{"rendered":"<p>Frozen Pork Back Bacon Green and other distinguished pork cuts \u2013 always supplied from Fresh produce at C\u00c0RNIQUES DE JUI\u00c0, S.A. Your order will be carefully packed in a box insulated with biodegradable foam, along with ice packs to maintain proper temperature.<\/p>\n<p>Qualit\u00e9 sup\u00e9rieure de qualit\u00e9 A, certifi\u00e9 sant\u00e9 100%, livraison rapide et prix r\u00e9duits. Contactez-nous pour plus de d\u00e9tails sur le produit.<\/p>","protected":false},"featured_media":3081,"comment_status":"open","ping_status":"closed","template":"","meta":[],"product_brand":[],"product_cat":[57],"product_tag":[],"class_list":{"0":"post-2594","1":"product","2":"type-product","3":"status-publish","4":"has-post-thumbnail","6":"product_cat-loin-belly-products","8":"first","9":"instock","10":"shipping-taxable","11":"product-type-simple"},"_links":{"self":[{"href":"https:\/\/caso-centro.com\/fr\/wp-json\/wp\/v2\/product\/2594","targetHints":{"allow":["GET"]}}],"collection":[{"href":"https:\/\/caso-centro.com\/fr\/wp-json\/wp\/v2\/product"}],"about":[{"href":"https:\/\/caso-centro.com\/fr\/wp-json\/wp\/v2\/types\/product"}],"replies":[{"embeddable":true,"href":"https:\/\/caso-centro.com\/fr\/wp-json\/wp\/v2\/comments?post=2594"}],"wp:featuredmedia":[{"embeddable":true,"href":"https:\/\/caso-centro.com\/fr\/wp-json\/wp\/v2\/media\/3081"}],"wp:attachment":[{"href":"https:\/\/caso-centro.com\/fr\/wp-json\/wp\/v2\/media?parent=2594"}],"wp:term":[{"taxonomy":"product_brand","embeddable":true,"href":"https:\/\/caso-centro.com\/fr\/wp-json\/wp\/v2\/product_brand?post=2594"},{"taxonomy":"product_cat","embeddable":true,"href":"https:\/\/caso-centro.com\/fr\/wp-json\/wp\/v2\/product_cat?post=2594"},{"taxonomy":"product_tag","embeddable":true,"href":"https:\/\/caso-centro.com\/fr\/wp-json\/wp\/v2\/product_tag?post=2594"}],"curies":[{"name":"wp","href":"https:\/\/api.w.org\/{rel}","templated":true}]}}