{"id":2602,"date":"2024-05-17T19:18:22","date_gmt":"2024-05-17T19:18:22","guid":{"rendered":"https:\/\/caso-centro.com\/?post_type=product&#038;p=2602"},"modified":"2026-04-19T23:25:52","modified_gmt":"2026-04-19T23:25:52","slug":"frozen-pork-back-rind","status":"publish","type":"product","link":"https:\/\/caso-centro.com\/es_ar\/producto\/corteza-de-cerdo-congelada\/","title":{"rendered":"Corteza de cerdo congelada"},"content":{"rendered":"<h1><strong>Corteza de cerdo congelada<\/strong><\/h1>\n<p>\u00bfEst\u00e1s interesado en corteza de cerdo congelada? En <strong>Caso \u2013 Centro De Abate De Su\u00ednos Do Oeste, SA<\/strong>Nos especializamos en la comercializaci\u00f3n de productos de lomo y panceta de cerdo de alta calidad, as\u00ed como otros cortes de carne de cerdo de alta calidad. Como comercializadores internacionales de productos porcinos, suministramos todos los cortes de calidad a Asia, Europa, \u00c1frica, Australia, Norteam\u00e9rica y Sudam\u00e9rica.<\/p>\n<p><strong>Caso \u2013 Centro De Abate De Su\u00ednos Do Oeste, SA<\/strong> Ofrecemos todos los cortes de carne de cerdo de alta calidad. Nuestro lomo de cerdo de primera calidad est\u00e1 disponible todo el a\u00f1o. Lo obtenemos con sumo cuidado en nuestra...\u00a0<strong>mataderos de cerdo\u00a0<\/strong>y<strong>\u00a0matadero<\/strong>\u00a0donde contamos con una gran cantidad de empleados talentosos y experimentados que trabajan para servirle corteza de cerdo de la mejor calidad<\/p>\n<p><a href=\"https:\/\/es.wikipedia.org\/wiki\/Carne_de_cerdo\" target=\"_blank\" rel=\"noopener\">Carne de cerdo<\/a>\u00a0Es muy sabrosa y est\u00e1 aprobada por todos los comit\u00e9s de alimentos para el consumo humano. Se utiliza en diversas cocinas de todo el mundo. Cerdo es el nombre culinario de la carne del cerdo dom\u00e9stico. Es la carne m\u00e1s consumida en todo el mundo, con evidencia de cr\u00eda de cerdos que se remonta al 5000 a. C. El cerdo se consume tanto fresco como en conserva; el curado prolonga su vida \u00fatil. El jam\u00f3n, el cerdo ahumado, el jam\u00f3n, el tocino y las salchichas son ejemplos de carne de cerdo en conserva.<\/p>\n<p><strong>DESCRIPCI\u00d3N DEL PRODUCTO, EMBALAJE Y EXPORTACI\u00d3N<\/strong><br \/>\nCategor\u00eda de producto: Carne de cerdo cruda<br \/>\nTipo: Corteza de cerdo congelada<br \/>\nPa\u00eds natal: <a href=\"https:\/\/es.wikipedia.org\/wiki\/Espa%C3%B1a\" target=\"_blank\" rel=\"noopener\">Portugal<\/a><br \/>\nMarca\/N\u00famero de f\u00e1brica: 06-06<br \/>\nBolsa: 30 x 60 cm 58mic envasado al vac\u00edo<br \/>\nEstuche 465x 265 x 210,51 cm + 3 separadores<br \/>\n4 unidades por caja<br \/>\nPeso caja 18,14 kg<br \/>\nPalets: 98 cajas\/palet<br \/>\nVida \u00fatil: 24 meses<br \/>\nM\u00e9todo de almacenamiento: refrigerado (menos 18 grados Celsius)<br \/>\nLicencia de higiene: SGS, IFS, certificaci\u00f3n de alimentos Halal, BRCGS y IAWS INTERPORC.<\/p>\n<p><strong>ESPECIFICACI\u00d3N DEL PRODUCTO<\/strong><\/p>\n<ul>\n<li>Calidad: Grado A.<\/li>\n<li>100% fresco y congelado.<\/li>\n<li>Bien vestido y limpio.<\/li>\n<li>Sin pelo<\/li>\n<li>Sin agujeros<\/li>\n<li>Sin grasa\/contaminaci\u00f3n.<\/li>\n<li>Hielo: &lt;0,3%<\/li>\n<li>Huesos rotos menores a 1%.<\/li>\n<li>Detecci\u00f3n de salmonella: 0%.<\/li>\n<\/ul>","protected":false},"excerpt":{"rendered":"<p>Corteza de cerdo congelada y otros cortes de cerdo distinguidos, siempre suministrados por Productos frescos en <strong>Caso \u2013 Centro De Abate De Su\u00ednos Do Oeste, SA<\/strong>Su pedido ser\u00e1 embalado cuidadosamente en una caja aislada con espuma biodegradable, junto con bolsas de hielo para mantener la temperatura adecuada.<\/p>\n<p>Grado A de primera calidad, certificado de salud 100%, entrega r\u00e1pida y precios con descuento. Cont\u00e1ctenos para obtener detalles completos del producto.<\/p>","protected":false},"featured_media":2603,"comment_status":"open","ping_status":"closed","template":"","meta":[],"product_brand":[],"product_cat":[57],"product_tag":[],"class_list":{"0":"post-2602","1":"product","2":"type-product","3":"status-publish","4":"has-post-thumbnail","6":"product_cat-loin-belly-products","8":"first","9":"instock","10":"shipping-taxable","11":"product-type-simple"},"_links":{"self":[{"href":"https:\/\/caso-centro.com\/es_ar\/wp-json\/wp\/v2\/product\/2602","targetHints":{"allow":["GET"]}}],"collection":[{"href":"https:\/\/caso-centro.com\/es_ar\/wp-json\/wp\/v2\/product"}],"about":[{"href":"https:\/\/caso-centro.com\/es_ar\/wp-json\/wp\/v2\/types\/product"}],"replies":[{"embeddable":true,"href":"https:\/\/caso-centro.com\/es_ar\/wp-json\/wp\/v2\/comments?post=2602"}],"wp:featuredmedia":[{"embeddable":true,"href":"https:\/\/caso-centro.com\/es_ar\/wp-json\/wp\/v2\/media\/2603"}],"wp:attachment":[{"href":"https:\/\/caso-centro.com\/es_ar\/wp-json\/wp\/v2\/media?parent=2602"}],"wp:term":[{"taxonomy":"product_brand","embeddable":true,"href":"https:\/\/caso-centro.com\/es_ar\/wp-json\/wp\/v2\/product_brand?post=2602"},{"taxonomy":"product_cat","embeddable":true,"href":"https:\/\/caso-centro.com\/es_ar\/wp-json\/wp\/v2\/product_cat?post=2602"},{"taxonomy":"product_tag","embeddable":true,"href":"https:\/\/caso-centro.com\/es_ar\/wp-json\/wp\/v2\/product_tag?post=2602"}],"curies":[{"name":"wp","href":"https:\/\/api.w.org\/{rel}","templated":true}]}}