{"id":2586,"date":"2024-05-17T18:52:50","date_gmt":"2024-05-17T18:52:50","guid":{"rendered":"https:\/\/caso-centro.com\/?post_type=product&#038;p=2586"},"modified":"2024-05-21T00:12:11","modified_gmt":"2024-05-21T00:12:11","slug":"frozen-pork-a-grade-belly-boneless-rindless-without-softbone-20-50","status":"publish","type":"product","link":"https:\/\/caso-centro.com\/es_ar\/producto\/frozen-pork-a-grade-belly-boneless-rindless-without-softbone-20-50\/","title":{"rendered":"Panceta de cerdo congelada de grado A, sin hueso, sin corteza, sin hueso blando 20\/50"},"content":{"rendered":"<h1><strong>Panceta de cerdo congelada de grado A, sin hueso, sin corteza, sin hueso blando 20\/50<\/strong><\/h1>\n<p>Are you interested in Frozen Pork A-Grade Belly, Boneless, Rindless, Without Softbone 20\/50 ? At <strong>Caso \u2013 Centro De Abate De Su\u00ednos Do Oeste, SA<\/strong>Nos especializamos en la comercializaci\u00f3n de productos de lomo y panceta de cerdo de alta calidad, as\u00ed como otros cortes de carne de cerdo de alta calidad. Como comercializadores internacionales de productos porcinos, suministramos todos los cortes de calidad a Asia, Europa, \u00c1frica, Australia, Norteam\u00e9rica y Sudam\u00e9rica.<\/p>\n<p><strong>Caso \u2013 Centro De Abate De Su\u00ednos Do Oeste, SA<\/strong> offers all cuts of high-quality Pork meat. Our grade A pork belly are available all year round. We source our Quality pork belly with great care at our\u00a0<strong>mataderos de cerdo\u00a0<\/strong>y<strong>\u00a0matadero<\/strong>\u00a0where we\u2019ve got a wealth of talented and experienced employees working to serve you the best quality pork belly<\/p>\n<p>Pork meat\u00a0is very tasty and approved by all food committees for human consumption. It\u2019s used in a variety of cuisines all around the world. Pork is the culinary name for the meat of the domestic pig. It is the most commonly consumed meat worldwide, with evidence of pig husbandry dating back to 5000 BC. Pork is eaten both freshly cooked and preserved; Curing extends the shelf life of pork products. Ham, smoked pork, gammon, bacon, and sausage are examples of preserved pork.<\/p>\n<p><strong>DESCRIPCI\u00d3N DEL PRODUCTO, EMBALAJE Y EXPORTACI\u00d3N<\/strong><br \/>\nCategor\u00eda de producto: Carne de cerdo cruda<br \/>\nType: Frozen Pork A-Grade Belly, Boneless, Rindless, Without Softbone 20\/50<br \/>\nPa\u00eds natal: <a href=\"https:\/\/es.wikipedia.org\/wiki\/Espa%C3%B1a\" target=\"_blank\" rel=\"noopener\">Portugal<\/a><br \/>\nMarca\/N\u00famero de f\u00e1brica: 06-06<br \/>\nBolsa: 30 x 60 cm 58mic envasado al vac\u00edo<br \/>\nEstuche 465x 265 x 210,51 cm + 3 separadores<br \/>\n4 unidades por caja<br \/>\nPeso caja 18,14 kg<br \/>\nPalets: 98 cajas\/palet<br \/>\nVida \u00fatil: 24 meses<br \/>\nM\u00e9todo de almacenamiento: refrigerado (menos 18 grados Celsius)<br \/>\nLicencia de higiene: SGS, IFS, certificaci\u00f3n de alimentos Halal, BRCGS y IAWS INTERPORC.<\/p>\n<p><strong>ESPECIFICACI\u00d3N DEL PRODUCTO<\/strong><\/p>\n<ul>\n<li>Calidad: Grado A.<\/li>\n<li>100% fresco y congelado.<\/li>\n<li>Bien vestido y limpio.<\/li>\n<li>Sin pelo<\/li>\n<li>Sin agujeros<\/li>\n<li>Sin grasa\/contaminaci\u00f3n.<\/li>\n<li>Hielo: &lt;0,3%<\/li>\n<li>Huesos rotos menores a 1%.<\/li>\n<li>Detecci\u00f3n de salmonella: 0%.<\/li>\n<\/ul>","protected":false},"excerpt":{"rendered":"<p>Frozen Pork A-Grade Belly, Boneless, Rindless, Without Softbone 20\/50 and other distinguished pork cuts \u2013 always supplied from Fresh produce at <strong>Caso \u2013 Centro De Abate De Su\u00ednos Do Oeste, SA<\/strong>Su pedido ser\u00e1 embalado cuidadosamente en una caja aislada con espuma biodegradable, junto con bolsas de hielo para mantener la temperatura adecuada.<\/p>\n<p>Grado A de primera calidad, certificado de salud 100%, entrega r\u00e1pida y precios con descuento. Cont\u00e1ctenos para obtener detalles completos del producto.<\/p>","protected":false},"featured_media":2587,"comment_status":"open","ping_status":"closed","template":"","meta":[],"product_brand":[],"product_cat":[57],"product_tag":[],"class_list":{"0":"post-2586","1":"product","2":"type-product","3":"status-publish","4":"has-post-thumbnail","6":"product_cat-loin-belly-products","8":"first","9":"instock","10":"shipping-taxable","11":"product-type-simple"},"_links":{"self":[{"href":"https:\/\/caso-centro.com\/es_ar\/wp-json\/wp\/v2\/product\/2586","targetHints":{"allow":["GET"]}}],"collection":[{"href":"https:\/\/caso-centro.com\/es_ar\/wp-json\/wp\/v2\/product"}],"about":[{"href":"https:\/\/caso-centro.com\/es_ar\/wp-json\/wp\/v2\/types\/product"}],"replies":[{"embeddable":true,"href":"https:\/\/caso-centro.com\/es_ar\/wp-json\/wp\/v2\/comments?post=2586"}],"wp:featuredmedia":[{"embeddable":true,"href":"https:\/\/caso-centro.com\/es_ar\/wp-json\/wp\/v2\/media\/2587"}],"wp:attachment":[{"href":"https:\/\/caso-centro.com\/es_ar\/wp-json\/wp\/v2\/media?parent=2586"}],"wp:term":[{"taxonomy":"product_brand","embeddable":true,"href":"https:\/\/caso-centro.com\/es_ar\/wp-json\/wp\/v2\/product_brand?post=2586"},{"taxonomy":"product_cat","embeddable":true,"href":"https:\/\/caso-centro.com\/es_ar\/wp-json\/wp\/v2\/product_cat?post=2586"},{"taxonomy":"product_tag","embeddable":true,"href":"https:\/\/caso-centro.com\/es_ar\/wp-json\/wp\/v2\/product_tag?post=2586"}],"curies":[{"name":"wp","href":"https:\/\/api.w.org\/{rel}","templated":true}]}}