{"id":2808,"date":"2024-05-18T13:15:37","date_gmt":"2024-05-18T13:15:37","guid":{"rendered":"https:\/\/caso-centro.com\/?post_type=product&#038;p=2808"},"modified":"2026-04-16T17:38:03","modified_gmt":"2026-04-16T17:38:03","slug":"quality-frozen-pork-lacones","status":"publish","type":"product","link":"https:\/\/caso-centro.com\/es\/producto\/quality-frozen-pork-lacones\/","title":{"rendered":"Lacones de cerdo congelados de calidad"},"content":{"rendered":"<h1><strong>Lacones de cerdo congelados de calidad<\/strong><\/h1>\n<p><a href=\"https:\/\/caso-centro.com\/es\/producto\/quality-frozen-pork-lacones\/\">lacone<\/a>, Are you interested in Quality Frozen Pork Lacones? At <strong>Caso \u2013 Centro De Abate De Su\u00ednos Do Oeste, SA<\/strong>. we are specialized in the trade of high-quality Pork SHOULDER PRODUCTS and other quality\u00a0<a href=\"https:\/\/es.wikipedia.org\/wiki\/Carne_de_cerdo\" target=\"_blank\" rel=\"noopener\">Carne de cerdo<\/a> Cortes. Como comercializadores internacionales de productos porcinos, suministramos cortes de cerdo de calidad a Asia, Europa, \u00c1frica, Australia, Norteam\u00e9rica y Sudam\u00e9rica.<\/p>\n<p><strong>Caso \u2013 Centro De Abate De Su\u00ednos Do Oeste, SA<\/strong>. ofrece todos los cortes de alta calidad <a href=\"https:\/\/es.wikipedia.org\/wiki\/Carne_de_cerdo\" target=\"_blank\" rel=\"noopener\">Carne de cerdo<\/a>. Our grade A pork lacones are available all year round. We source our Quality pork lacones with great care at our\u00a0<a href=\"https:\/\/es.wikipedia.org\/wiki\/Matadero\" target=\"_blank\" rel=\"noopener\"><strong>mataderos de cerdo\u00a0<\/strong>y<strong>\u00a0matadero<\/strong><\/a>\u00a0where we\u2019ve got a wealth of talented and experienced employees working to serve you the best quality pork lacones<\/p>\n<p>Pork is the culinary name for the meat of the domestic pig. It is the most commonly consumed meat worldwide, with evidence of pig husbandry dating back to 5000 BC. Pork is eaten both freshly cooked and preserved; curing extends the shelf life of pork products. Ham, smoked pork, gammon, bacon, and sausage are examples of preserved pork.<\/p>\n<p><strong>DESCRIPCI\u00d3N DEL PRODUCTO, EMBALAJE Y EXPORTACI\u00d3N<\/strong><br \/>\nCategor\u00eda de producto: Carne de cerdo cruda<br \/>\nType: Quality Frozen Pork Lacones<br \/>\nPa\u00eds natal: <a href=\"https:\/\/es.wikipedia.org\/wiki\/Espa%C3%B1a\" target=\"_blank\" rel=\"noopener\">Portugal<\/a><br \/>\nMarca\/N\u00famero de f\u00e1brica: 06-06<br \/>\nBolsa: 30 x 60 cm 58mic envasado al vac\u00edo<br \/>\nEstuche 465x 265 x 210,51 cm + 3 separadores<br \/>\n4 unidades por caja<br \/>\nPeso caja 18,14 kg<br \/>\nPalets: 98 cajas\/palet<br \/>\nVida \u00fatil: 24 meses<br \/>\nM\u00e9todo de almacenamiento: refrigerado (menos 18 grados Celsius)<br \/>\nLicencia de higiene:\u00a0<a href=\"https:\/\/www.sgs.es\/\" target=\"_blank\" rel=\"noopener\">SGS<\/a>,\u00a0<a href=\"https:\/\/www.ifs-certification.com\/index.php\/es\/\" target=\"_blank\" rel=\"noopener\">IFS<\/a>,\u00a0<a href=\"https:\/\/www.hfsaa.org\/\" target=\"_blank\" rel=\"noopener\">Certificaci\u00f3n de alimentos halal<\/a>,\u00a0<a href=\"https:\/\/www.brcgs.com\/\" target=\"_blank\" rel=\"noopener\">BRCGS<\/a>, y\u00a0<a href=\"https:\/\/interporc.com\/\" target=\"_blank\" rel=\"noopener\">IAWS INTERPORC<\/a>.<\/p>\n<p><strong>ESPECIFICACI\u00d3N DEL PRODUCTO<\/strong><\/p>\n<ul>\n<li>Calidad: Grado A.<\/li>\n<li>100% fresco y congelado.<\/li>\n<li>Bien vestido y limpio.<\/li>\n<li>Sin pelo<\/li>\n<li>Sin agujeros<\/li>\n<li>Sin grasa\/contaminaci\u00f3n.<\/li>\n<li>Hielo: &lt;0,3%<\/li>\n<li>Huesos rotos menores a 1%.<\/li>\n<li>Detecci\u00f3n de salmonella: 0%.<\/li>\n<\/ul>","protected":false},"excerpt":{"rendered":"<p>Quality Frozen Pork Lacones and other distinguished pork cuts \u2013 always supplied from Fresh produce at <strong>Caso \u2013 Centro De Abate De Su\u00ednos Do Oeste, SA<\/strong>Su pedido ser\u00e1 embalado cuidadosamente en una caja aislada con espuma biodegradable, junto con bolsas de hielo para mantener la temperatura adecuada.<\/p>\n<p>Grado A de primera calidad, certificado de salud 100%, entrega r\u00e1pida y precios con descuento. Cont\u00e1ctenos para obtener detalles completos del producto.<\/p>","protected":false},"featured_media":2809,"comment_status":"open","ping_status":"closed","template":"","meta":[],"product_brand":[],"product_cat":[56],"product_tag":[109,104,105,106,107,111,110,108],"class_list":{"0":"post-2808","1":"product","2":"type-product","3":"status-publish","4":"has-post-thumbnail","6":"product_cat-shoulder-products","7":"product_tag-lacon-pork","8":"product_tag-lacone","9":"product_tag-lancones","10":"product_tag-pork-front-leg","11":"product_tag-pork-lacone","12":"product_tag-pork-lacone-foot","13":"product_tag-pork-lacone-recipe","14":"product_tag-pork-lacones","16":"first","17":"instock","18":"shipping-taxable","19":"product-type-simple"},"_links":{"self":[{"href":"https:\/\/caso-centro.com\/es\/wp-json\/wp\/v2\/product\/2808","targetHints":{"allow":["GET"]}}],"collection":[{"href":"https:\/\/caso-centro.com\/es\/wp-json\/wp\/v2\/product"}],"about":[{"href":"https:\/\/caso-centro.com\/es\/wp-json\/wp\/v2\/types\/product"}],"replies":[{"embeddable":true,"href":"https:\/\/caso-centro.com\/es\/wp-json\/wp\/v2\/comments?post=2808"}],"wp:featuredmedia":[{"embeddable":true,"href":"https:\/\/caso-centro.com\/es\/wp-json\/wp\/v2\/media\/2809"}],"wp:attachment":[{"href":"https:\/\/caso-centro.com\/es\/wp-json\/wp\/v2\/media?parent=2808"}],"wp:term":[{"taxonomy":"product_brand","embeddable":true,"href":"https:\/\/caso-centro.com\/es\/wp-json\/wp\/v2\/product_brand?post=2808"},{"taxonomy":"product_cat","embeddable":true,"href":"https:\/\/caso-centro.com\/es\/wp-json\/wp\/v2\/product_cat?post=2808"},{"taxonomy":"product_tag","embeddable":true,"href":"https:\/\/caso-centro.com\/es\/wp-json\/wp\/v2\/product_tag?post=2808"}],"curies":[{"name":"wp","href":"https:\/\/api.w.org\/{rel}","templated":true}]}}