{"id":2697,"date":"2024-05-18T09:02:34","date_gmt":"2024-05-18T09:02:34","guid":{"rendered":"https:\/\/caso-centro.com\/?post_type=product&#038;p=2697"},"modified":"2025-12-20T14:48:24","modified_gmt":"2025-12-20T14:48:24","slug":"frozen-pork-middle-select-deboned-without-softbone-rindless","status":"publish","type":"product","link":"https:\/\/caso-centro.com\/es\/producto\/cerdo-congelado-selecto-deshuesado-sin-hueso-blando-y-sin-corteza\/","title":{"rendered":"Cerdo congelado de selecci\u00f3n media, deshuesado sin hueso blando, sin corteza"},"content":{"rendered":"<h1><strong>Cerdo congelado de selecci\u00f3n media, deshuesado sin hueso blando, sin corteza<\/strong><\/h1>\n<p>\u00bfEst\u00e1 interesado en Carne de Cerdo Congelada Selecta Media, Deshuesada Sin Hueso Blando, Sin Corteza? <strong>Caso \u2013 Centro De Abate De Su\u00ednos Do Oeste, SA<\/strong>\u00a0Nos especializamos en el comercio de productos de lomo y panceta de cerdo de alta calidad y otros productos de calidad.\u00a0<a href=\"https:\/\/es.wikipedia.org\/wiki\/Carne_de_cerdo\" target=\"_blank\" rel=\"noopener\">Carne de cerdo<\/a>\u00a0Cortes. Como comercializadores internacionales de productos porcinos, suministramos cortes de cerdo de calidad a Asia, Europa, \u00c1frica, Australia, Norteam\u00e9rica y Sudam\u00e9rica.<\/p>\n<p><strong>Caso \u2013 Centro De Abate De Su\u00ednos Do Oeste, SA<\/strong> ofrece todos los cortes de alta calidad <a href=\"https:\/\/es.wikipedia.org\/wiki\/Carne_de_cerdo\" target=\"_blank\" rel=\"noopener\">Carne de cerdo<\/a>Nuestra carne de cerdo deshuesada sin corteza de grado A est\u00e1 disponible todo el a\u00f1o. La obtenemos con sumo cuidado en nuestra...\u00a0<a href=\"https:\/\/es.wikipedia.org\/wiki\/Matadero\" target=\"_blank\" rel=\"noopener\"><strong>mataderos de cerdo\u00a0<\/strong>y<strong>\u00a0matadero<\/strong><\/a>\u00a0donde contamos con una gran cantidad de empleados talentosos y experimentados que trabajan para servirle la mejor calidad de carne de cerdo deshuesada sin corteza media.<\/p>\n<p><a href=\"https:\/\/es.wikipedia.org\/wiki\/Carne_de_cerdo\" target=\"_blank\" rel=\"noopener\">Carne de cerdo<\/a>\u00a0Es muy sabrosa y est\u00e1 aprobada por todos los comit\u00e9s de alimentos para el consumo humano. Se utiliza en diversas cocinas de todo el mundo. Cerdo es el nombre culinario de la carne del cerdo dom\u00e9stico. Es la carne m\u00e1s consumida en todo el mundo, con evidencia de cr\u00eda de cerdos que se remonta al 5000 a. C. El cerdo se consume tanto fresco como en conserva; el curado prolonga su vida \u00fatil. El jam\u00f3n, el cerdo ahumado, el jam\u00f3n, el tocino y las salchichas son ejemplos de carne de cerdo en conserva.<\/p>\n<p><strong>DESCRIPCI\u00d3N DEL PRODUCTO, EMBALAJE Y EXPORTACI\u00d3N<\/strong><br \/>\nCategor\u00eda de producto: Carne de cerdo cruda<br \/>\nTipo: Cerdo congelado de selecci\u00f3n media, deshuesado sin hueso blando, sin corteza<br \/>\nPa\u00eds natal: <a href=\"https:\/\/es.wikipedia.org\/wiki\/Espa%C3%B1a\" target=\"_blank\" rel=\"noopener\">Portugal<\/a><br \/>\nMarca\/N\u00famero de f\u00e1brica: 06-06<br \/>\nBolsa: 30 x 60 cm 58mic envasado al vac\u00edo<br \/>\nEstuche 465x 265 x 210,51 cm + 3 separadores<br \/>\n4 unidades por caja<br \/>\nPeso caja 18,14 kg<br \/>\nPalets: 98 cajas\/palet<br \/>\nVida \u00fatil: 24 meses<br \/>\nM\u00e9todo de almacenamiento: refrigerado (menos 18 grados Celsius)<br \/>\nLicencia de higiene:\u00a0<a href=\"https:\/\/www.sgs.es\/\" target=\"_blank\" rel=\"noopener\">SGS<\/a>,\u00a0<a href=\"https:\/\/www.ifs-certification.com\/index.php\/es\/\" target=\"_blank\" rel=\"noopener\">IFS<\/a>,\u00a0<a href=\"https:\/\/www.hfsaa.org\/\" target=\"_blank\" rel=\"noopener\">Certificaci\u00f3n de alimentos halal<\/a>,\u00a0<a href=\"https:\/\/www.brcgs.com\/\" target=\"_blank\" rel=\"noopener\">BRCGS<\/a>, y\u00a0<a href=\"https:\/\/interporc.com\/\" target=\"_blank\" rel=\"noopener\">IAWS INTERPORC<\/a>.<\/p>\n<p><strong>ESPECIFICACI\u00d3N DEL PRODUCTO<\/strong><\/p>\n<ul>\n<li>Calidad: Grado A.<\/li>\n<li>100% fresco y congelado.<\/li>\n<li>Bien vestido y limpio.<\/li>\n<li>Sin pelo<\/li>\n<li>Sin agujeros<\/li>\n<li>Sin grasa\/contaminaci\u00f3n.<\/li>\n<li>Hielo: &lt;0,3%<\/li>\n<li>Huesos rotos menores a 1%.<\/li>\n<li>Detecci\u00f3n de salmonella: 0%.<\/li>\n<\/ul>","protected":false},"excerpt":{"rendered":"<p>Cortes de cerdo congelados de selecci\u00f3n media, deshuesados sin hueso blando, sin corteza y otros cortes de cerdo distinguidos, siempre suministrados por Productos frescos en <strong>Caso \u2013 Centro De Abate De Su\u00ednos Do Oeste, SA<\/strong><\/p>\n<p>Grado A de primera calidad, certificado de salud 100%, entrega r\u00e1pida y precios con descuento. Cont\u00e1ctenos para obtener detalles completos del producto.<\/p>","protected":false},"featured_media":2698,"comment_status":"open","ping_status":"closed","template":"","meta":[],"product_brand":[],"product_cat":[57],"product_tag":[],"class_list":{"0":"post-2697","1":"product","2":"type-product","3":"status-publish","4":"has-post-thumbnail","6":"product_cat-loin-belly-products","8":"first","9":"instock","10":"shipping-taxable","11":"product-type-simple"},"_links":{"self":[{"href":"https:\/\/caso-centro.com\/es\/wp-json\/wp\/v2\/product\/2697","targetHints":{"allow":["GET"]}}],"collection":[{"href":"https:\/\/caso-centro.com\/es\/wp-json\/wp\/v2\/product"}],"about":[{"href":"https:\/\/caso-centro.com\/es\/wp-json\/wp\/v2\/types\/product"}],"replies":[{"embeddable":true,"href":"https:\/\/caso-centro.com\/es\/wp-json\/wp\/v2\/comments?post=2697"}],"wp:featuredmedia":[{"embeddable":true,"href":"https:\/\/caso-centro.com\/es\/wp-json\/wp\/v2\/media\/2698"}],"wp:attachment":[{"href":"https:\/\/caso-centro.com\/es\/wp-json\/wp\/v2\/media?parent=2697"}],"wp:term":[{"taxonomy":"product_brand","embeddable":true,"href":"https:\/\/caso-centro.com\/es\/wp-json\/wp\/v2\/product_brand?post=2697"},{"taxonomy":"product_cat","embeddable":true,"href":"https:\/\/caso-centro.com\/es\/wp-json\/wp\/v2\/product_cat?post=2697"},{"taxonomy":"product_tag","embeddable":true,"href":"https:\/\/caso-centro.com\/es\/wp-json\/wp\/v2\/product_tag?post=2697"}],"curies":[{"name":"wp","href":"https:\/\/api.w.org\/{rel}","templated":true}]}}