{"id":2594,"date":"2024-05-17T18:59:35","date_gmt":"2024-05-17T18:59:35","guid":{"rendered":"https:\/\/caso-centro.com\/?post_type=product&#038;p=2594"},"modified":"2026-03-12T19:32:09","modified_gmt":"2026-03-12T19:32:09","slug":"frozen-pork-back-bacon-green","status":"publish","type":"product","link":"https:\/\/caso-centro.com\/es\/producto\/tocino-verde-de-lomo-de-cerdo-congelado\/","title":{"rendered":"Tocino de cerdo congelado verde"},"content":{"rendered":"<h1><strong>Tocino de cerdo congelado verde<\/strong><\/h1>\n<p>\u00bfLe interesa el Bacon Verde de Lomo de Cerdo Congelado? En C\u00c0RNIQUES DE JUI\u00c0, SA. nos especializamos en la comercializaci\u00f3n de productos de lomo y panceta de cerdo de alta calidad, as\u00ed como otros cortes de carne de cerdo de alta calidad. Como comercializadores internacionales de productos porcinos, suministramos todos los cortes de calidad a Asia, Europa, \u00c1frica, Australia, Norteam\u00e9rica y Sudam\u00e9rica.<\/p>\n<p>C\u00c0RNIQUES DE JUI\u00c0, SA ofrece todos los cortes de carne de cerdo de alta calidad. Nuestra panceta de cerdo de primera calidad est\u00e1 disponible todo el a\u00f1o. Nos abastecemos de panceta de cerdo de alta calidad con sumo cuidado en nuestras instalaciones.\u00a0<strong>mataderos de cerdo\u00a0<\/strong>y<strong>\u00a0matadero<\/strong>\u00a0donde contamos con una gran cantidad de empleados talentosos y experimentados que trabajan para servirle el tocino de cerdo de mejor calidad<\/p>\n<p>La carne de cerdo es muy sabrosa y est\u00e1 aprobada por todos los comit\u00e9s de alimentaci\u00f3n para el consumo humano. Se utiliza en diversas cocinas de todo el mundo. Cerdo es el nombre culinario de la carne del cerdo dom\u00e9stico. Es la carne m\u00e1s consumida en todo el mundo, con evidencia de su cr\u00eda desde el a\u00f1o 5000 a. C. El cerdo se consume tanto fresco como en conserva; el curado prolonga su vida \u00fatil. El jam\u00f3n, el cerdo ahumado, el jam\u00f3n, el tocino y las salchichas son ejemplos de carne de cerdo en conserva.<\/p>\n<p><strong>DESCRIPCI\u00d3N DEL PRODUCTO, EMBALAJE Y EXPORTACI\u00d3N<\/strong><\/p>\n<p>Categor\u00eda de producto: Carne de cerdo cruda<\/p>\n<p>Tipo: Tocino de cerdo congelado verde<\/p>\n<p>Pa\u00eds natal: <a href=\"https:\/\/es.wikipedia.org\/wiki\/Espa%C3%B1a\" target=\"_blank\" rel=\"noopener\">Portugal<\/a><\/p>\n<p>Marca\/N\u00famero de f\u00e1brica: 06-06<\/p>\n<p>Bolsa: 30 x 60 cm 58mic envasado al vac\u00edo<\/p>\n<p>Estuche 465x 265 x 210,51 cm + 3 separadores<\/p>\n<p>4 unidades por caja<\/p>\n<p>Peso caja 18,14 kg<\/p>\n<p>Palets: 98 cajas\/palet<\/p>\n<p>Vida \u00fatil: 24 meses<\/p>\n<p>M\u00e9todo de almacenamiento: refrigerado (menos 18 grados Celsius)<\/p>\n<p>Licencia de higiene: SGS, IFS, certificaci\u00f3n de alimentos Halal, BRCGS y IAWS INTERPORC.<\/p>\n<p><strong>ESPECIFICACI\u00d3N DEL PRODUCTO<\/strong><\/p>\n<ul>\n<li>Calidad: Grado A.<\/li>\n<li>100% fresco y congelado.<\/li>\n<li>Bien vestido y limpio.<\/li>\n<li>Sin pelo<\/li>\n<li>Sin agujeros<\/li>\n<li>Sin grasa\/contaminaci\u00f3n.<\/li>\n<li>Hielo: &lt;0,3%<\/li>\n<li>Huesos rotos menores a 1%.<\/li>\n<li>Detecci\u00f3n de salmonella: 0%.<\/li>\n<\/ul>","protected":false},"excerpt":{"rendered":"<p>Bacon Verde de Lomo de Cerdo Congelado y otros cortes de cerdo distinguidos, siempre suministrados con productos frescos en C\u00c0RNIQUES DE JUI\u00c0, SA Su pedido ser\u00e1 cuidadosamente embalado en una caja aislada con espuma biodegradable, junto con bolsas de hielo para mantener la temperatura adecuada.<\/p>\n<p>Grado A de primera calidad, certificado de salud 100%, entrega r\u00e1pida y precios con descuento. Cont\u00e1ctenos para obtener detalles completos del producto.<\/p>","protected":false},"featured_media":3081,"comment_status":"open","ping_status":"closed","template":"","meta":[],"product_brand":[],"product_cat":[57],"product_tag":[],"class_list":{"0":"post-2594","1":"product","2":"type-product","3":"status-publish","4":"has-post-thumbnail","6":"product_cat-loin-belly-products","8":"first","9":"instock","10":"shipping-taxable","11":"product-type-simple"},"_links":{"self":[{"href":"https:\/\/caso-centro.com\/es\/wp-json\/wp\/v2\/product\/2594","targetHints":{"allow":["GET"]}}],"collection":[{"href":"https:\/\/caso-centro.com\/es\/wp-json\/wp\/v2\/product"}],"about":[{"href":"https:\/\/caso-centro.com\/es\/wp-json\/wp\/v2\/types\/product"}],"replies":[{"embeddable":true,"href":"https:\/\/caso-centro.com\/es\/wp-json\/wp\/v2\/comments?post=2594"}],"wp:featuredmedia":[{"embeddable":true,"href":"https:\/\/caso-centro.com\/es\/wp-json\/wp\/v2\/media\/3081"}],"wp:attachment":[{"href":"https:\/\/caso-centro.com\/es\/wp-json\/wp\/v2\/media?parent=2594"}],"wp:term":[{"taxonomy":"product_brand","embeddable":true,"href":"https:\/\/caso-centro.com\/es\/wp-json\/wp\/v2\/product_brand?post=2594"},{"taxonomy":"product_cat","embeddable":true,"href":"https:\/\/caso-centro.com\/es\/wp-json\/wp\/v2\/product_cat?post=2594"},{"taxonomy":"product_tag","embeddable":true,"href":"https:\/\/caso-centro.com\/es\/wp-json\/wp\/v2\/product_tag?post=2594"}],"curies":[{"name":"wp","href":"https:\/\/api.w.org\/{rel}","templated":true}]}}