{"id":2745,"date":"2024-05-18T11:02:49","date_gmt":"2024-05-18T11:02:49","guid":{"rendered":"https:\/\/caso-centro.com\/?post_type=product&#038;p=2745"},"modified":"2026-05-03T22:34:34","modified_gmt":"2026-05-03T22:34:34","slug":"frozen-pork-shoulder-1d-deboned","status":"publish","type":"product","link":"https:\/\/caso-centro.com\/de\/produkt\/frozen-pork-shoulder-1d-deboned\/","title":{"rendered":"Frozen Pork Shoulder 1D Deboned"},"content":{"rendered":"<h1><strong>Frozen Pork Shoulder 1D Deboned<\/strong><\/h1>\n<p>Are you interested in Frozen\u00a0<a href=\"https:\/\/carniques-juia.es\/producto\/frozen-pork-shoulder-2d-deboned-rindless\/\" target=\"_blank\" rel=\"noopener\">Pork Shoulder<\/a> 1D Deboned? At <strong>Caso \u2013 Centro De Abate De Su\u00ednos Do Oeste, SA<\/strong> we are specialized in the trade of high-quality Pork\u00a0SHOULDER PRODUCTS\u00a0and other quality\u00a0Pork meat\u00a0cuts. As an international trader of pork products, we supply all quality pork cuts to Asia, Europe, Africa, Australia, North America, and South America.<\/p>\n<p><strong>Caso \u2013 Centro De Abate De Su\u00ednos Do Oeste, SA<\/strong> bietet alle Schnitte von hoher Qualit\u00e4t <a href=\"https:\/\/es.wikipedia.org\/wiki\/Carne_de_cerdo\" target=\"_blank\" rel=\"noopener\">Schweinefleisch<\/a>. Our grade A 1D pork shoulder is available all year round. We source our Quality 1D pork shoulder with great care at our\u00a0<a href=\"https:\/\/es.wikipedia.org\/wiki\/Matadero\" target=\"_blank\" rel=\"noopener\"><strong>Schweineschlachth\u00f6fe\u00a0<\/strong>Und<strong>\u00a0Schlachth\u00f6fe<\/strong><\/a>\u00a0where we\u2019ve got a wealth of talented and experienced employees working to serve you the best quality 1D pork shoulder.<\/p>\n<p><a href=\"https:\/\/es.wikipedia.org\/wiki\/Carne_de_cerdo\" target=\"_blank\" rel=\"noopener\">Schweinefleisch<\/a>\u00a0ist sehr schmackhaft und von allen Lebensmittelkommissionen f\u00fcr den menschlichen Verzehr zugelassen. Es wird in einer Vielzahl von K\u00fcchen weltweit verwendet. \u201ePork\u201c ist die kulinarische Bezeichnung f\u00fcr das Fleisch des Hausschweins. Es ist das weltweit am h\u00e4ufigsten konsumierte Fleisch; Belege f\u00fcr die Schweinehaltung reichen bis ins Jahr 5000 v. Chr. zur\u00fcck. Schweinefleisch wird sowohl frisch gekocht als auch konserviert verzehrt; P\u00f6keln verl\u00e4ngert die Haltbarkeit von Schweinefleischprodukten. Beispiele f\u00fcr konserviertes Schweinefleisch sind Schinken, ger\u00e4uchertes Schweinefleisch, Schinken, Speck und Wurst.<\/p>\n<p><strong>PRODUKTBESCHREIBUNG, VERPACKUNG &amp; EXPORT<\/strong><br \/>\nProduktkategorie: Rohes Schweinefleisch<br \/>\nType: Frozen Pork Shoulder 1D Deboned<br \/>\nUrsprungsland: <a href=\"https:\/\/es.wikipedia.org\/wiki\/Espa%C3%B1a\" target=\"_blank\" rel=\"noopener\">Portugal<\/a><br \/>\nMarke\/Fabriknummer: 06-06<br \/>\nBeutel: 30 x 60 cm 58mic vakuumverpackt<br \/>\nKoffer 465 x 265 x 210,51 cm + 3 Trennw\u00e4nde<br \/>\n4 Einheiten pro Karton<br \/>\nGewicht 18,14 kg Koffer<br \/>\nPaletten: 98 Kartons\/Palette<br \/>\nHaltbarkeit: 24 Monate<br \/>\nAufbewahrung: gek\u00fchlt (minus 18 Grad Celsius)<br \/>\nHygienelizenz:\u00a0<a href=\"https:\/\/www.sgs.es\/\" target=\"_blank\" rel=\"noopener\">SGS<\/a>,\u00a0<a href=\"https:\/\/www.ifs-certification.com\/index.php\/es\/\" target=\"_blank\" rel=\"noopener\">IFS<\/a>,\u00a0<a href=\"https:\/\/www.hfsaa.org\/\" target=\"_blank\" rel=\"noopener\">Halal-Lebensmittelzertifizierung<\/a>,\u00a0<a href=\"https:\/\/www.brcgs.com\/\" target=\"_blank\" rel=\"noopener\">BRCGS<\/a>, Und\u00a0<a href=\"https:\/\/interporc.com\/\" target=\"_blank\" rel=\"noopener\">IAWS INTERPORC<\/a>.<\/p>\n<p><strong>PRODUKTSPEZIFIKATION<\/strong><\/p>\n<ul>\n<li>Qualit\u00e4t: Klasse A.<\/li>\n<li>100% frisch und gefroren.<\/li>\n<li>Gut gekleidet und sauber.<\/li>\n<li>Keine Haare<\/li>\n<li>Keine L\u00f6cher<\/li>\n<li>Kein Fett\/keine Verschmutzung.<\/li>\n<li>Eis: &lt;0,3%<\/li>\n<li>Knochenbr\u00fcche unter 1%.<\/li>\n<li>Nachweis von Salmonellen: 0%.<\/li>\n<\/ul>","protected":false},"excerpt":{"rendered":"<p>Frozen Pork Shoulder 1D Deboned and other distinguished pork cuts \u2013 always supplied from Fresh produce at <strong>Caso \u2013 Centro De Abate De Su\u00ednos Do Oeste, SA<\/strong>. Ihre Bestellung wird sorgf\u00e4ltig in einem mit biologisch abbaubarem Schaumstoff isolierten Karton verpackt, zusammen mit K\u00fchlakkus, um die richtige Temperatur zu halten.<\/p>\n<p>Erstklassige Qualit\u00e4t, gesundheitszertifiziert nach 100%, schnelle Lieferung und Rabattpreise. Kontaktieren Sie uns f\u00fcr vollst\u00e4ndige Produktdetails.<\/p>","protected":false},"featured_media":2746,"comment_status":"open","ping_status":"closed","template":"","meta":[],"product_brand":[],"product_cat":[56],"product_tag":[],"class_list":{"0":"post-2745","1":"product","2":"type-product","3":"status-publish","4":"has-post-thumbnail","6":"product_cat-shoulder-products","8":"first","9":"instock","10":"shipping-taxable","11":"product-type-simple"},"_links":{"self":[{"href":"https:\/\/caso-centro.com\/de\/wp-json\/wp\/v2\/product\/2745","targetHints":{"allow":["GET"]}}],"collection":[{"href":"https:\/\/caso-centro.com\/de\/wp-json\/wp\/v2\/product"}],"about":[{"href":"https:\/\/caso-centro.com\/de\/wp-json\/wp\/v2\/types\/product"}],"replies":[{"embeddable":true,"href":"https:\/\/caso-centro.com\/de\/wp-json\/wp\/v2\/comments?post=2745"}],"wp:featuredmedia":[{"embeddable":true,"href":"https:\/\/caso-centro.com\/de\/wp-json\/wp\/v2\/media\/2746"}],"wp:attachment":[{"href":"https:\/\/caso-centro.com\/de\/wp-json\/wp\/v2\/media?parent=2745"}],"wp:term":[{"taxonomy":"product_brand","embeddable":true,"href":"https:\/\/caso-centro.com\/de\/wp-json\/wp\/v2\/product_brand?post=2745"},{"taxonomy":"product_cat","embeddable":true,"href":"https:\/\/caso-centro.com\/de\/wp-json\/wp\/v2\/product_cat?post=2745"},{"taxonomy":"product_tag","embeddable":true,"href":"https:\/\/caso-centro.com\/de\/wp-json\/wp\/v2\/product_tag?post=2745"}],"curies":[{"name":"wp","href":"https:\/\/api.w.org\/{rel}","templated":true}]}}