{"id":2663,"date":"2024-05-18T08:20:07","date_gmt":"2024-05-18T08:20:07","guid":{"rendered":"https:\/\/caso-centro.com\/?post_type=product&#038;p=2663"},"modified":"2026-05-04T11:56:19","modified_gmt":"2026-05-04T11:56:19","slug":"frozen-pork-jowl-rindless-with-neck-fat","status":"publish","type":"product","link":"https:\/\/caso-centro.com\/de\/produkt\/frozen-pork-jowl-rindless-with-neck-fat\/","title":{"rendered":"Gefrorene Schweinebacke, ohne Schwarte, mit Nackenspeck"},"content":{"rendered":"<h1><strong>Gefrorene Schweinebacke, ohne Schwarte, mit Nackenspeck<\/strong><\/h1>\n<p>Are you interested in Frozen Pork Jowl, Rindless, With Neck Fat ? At <strong>Caso \u2013 Centro De Abate De Su\u00ednos Do Oeste, SA<\/strong>. we are specialized in the trade of high-quality Pork SHOULDER PRODUCTS and other quality\u00a0<a href=\"https:\/\/es.wikipedia.org\/wiki\/Carne_de_cerdo\" target=\"_blank\" rel=\"noopener\">Schweinefleisch<\/a> cuts. As an international trader of pork products, we supply all quality pork cuts to Asia, Europe, Africa, Australia, North America, and South America. pork jowl, pork jowl meat, pork jowls, pork jowl near me, where to buy pork jowl, pork jowl korean, italian pork jowl,<\/p>\n<p><strong>Caso \u2013 Centro De Abate De Su\u00ednos Do Oeste, SA<\/strong>. bietet alle Schnitte von hoher Qualit\u00e4t <a href=\"https:\/\/es.wikipedia.org\/wiki\/Carne_de_cerdo\" target=\"_blank\" rel=\"noopener\">Schweinefleisch<\/a>. Our grade A pork jowl with neck fat are available all year round. We source our Quality pork jowl with neck fat with great care at our\u00a0<a href=\"https:\/\/es.wikipedia.org\/wiki\/Matadero\" target=\"_blank\" rel=\"noopener\"><strong>Schweineschlachth\u00f6fe\u00a0<\/strong>Und<strong>\u00a0Schlachth\u00f6fe<\/strong><\/a>\u00a0where we\u2019ve got a wealth of talented and experienced employees working to serve you the best quality pork jowl with neck fat<\/p>\n<p><a href=\"https:\/\/es.wikipedia.org\/wiki\/Carne_de_cerdo\" target=\"_blank\" rel=\"noopener\">Schweinefleisch<\/a>\u00a0ist sehr schmackhaft und von allen Lebensmittelkommissionen f\u00fcr den menschlichen Verzehr zugelassen. Es wird in einer Vielzahl von K\u00fcchen weltweit verwendet. \u201ePork\u201c ist die kulinarische Bezeichnung f\u00fcr das Fleisch des Hausschweins. Es ist das weltweit am h\u00e4ufigsten konsumierte Fleisch; Belege f\u00fcr die Schweinehaltung reichen bis ins Jahr 5000 v. Chr. zur\u00fcck. Schweinefleisch wird sowohl frisch gekocht als auch konserviert verzehrt; P\u00f6keln verl\u00e4ngert die Haltbarkeit von Schweinefleischprodukten. Beispiele f\u00fcr konserviertes Schweinefleisch sind Schinken, ger\u00e4uchertes Schweinefleisch, Schinken, Speck und Wurst.<\/p>\n<p><strong>PRODUKTBESCHREIBUNG, VERPACKUNG &amp; EXPORT<\/strong><br \/>\nProduktkategorie: Rohes Schweinefleisch<br \/>\nType: Frozen Pork Jowl, Rindless, With Neck Fat<br \/>\nUrsprungsland: <a href=\"https:\/\/es.wikipedia.org\/wiki\/Espa%C3%B1a\" target=\"_blank\" rel=\"noopener\">Portugal<\/a><br \/>\nMarke\/Fabriknummer: 06-06<br \/>\nBeutel: 30 x 60 cm 58mic vakuumverpackt<br \/>\nKoffer 465 x 265 x 210,51 cm + 3 Trennw\u00e4nde<br \/>\n4 Einheiten pro Karton<br \/>\nGewicht 18,14 kg Koffer<br \/>\nPaletten: 98 Kartons\/Palette<br \/>\nHaltbarkeit: 24 Monate<br \/>\nAufbewahrung: gek\u00fchlt (minus 18 Grad Celsius)<br \/>\nHygienelizenz:\u00a0<a href=\"https:\/\/www.sgs.es\/\" target=\"_blank\" rel=\"noopener\">SGS<\/a>,\u00a0<a href=\"https:\/\/www.ifs-certification.com\/index.php\/es\/\" target=\"_blank\" rel=\"noopener\">IFS<\/a>,\u00a0<a href=\"https:\/\/www.hfsaa.org\/\" target=\"_blank\" rel=\"noopener\">Halal-Lebensmittelzertifizierung<\/a>,\u00a0<a href=\"https:\/\/www.brcgs.com\/\" target=\"_blank\" rel=\"noopener\">BRCGS<\/a>, Und\u00a0<a href=\"https:\/\/interporc.com\/\" target=\"_blank\" rel=\"noopener\">IAWS INTERPORC<\/a>.<\/p>\n<p><strong>PRODUKTSPEZIFIKATION<\/strong><\/p>\n<ul>\n<li>Qualit\u00e4t: Klasse A.<\/li>\n<li>100% frisch und gefroren.<\/li>\n<li>Gut gekleidet und sauber.<\/li>\n<li>Keine Haare<\/li>\n<li>Keine L\u00f6cher<\/li>\n<li>Kein Fett\/keine Verschmutzung.<\/li>\n<li>Eis: &lt;0,3%<\/li>\n<li>Knochenbr\u00fcche unter 1%.<\/li>\n<li>Nachweis von Salmonellen: 0%.<\/li>\n<\/ul>\n<p><a href=\"https:\/\/caso-centro.com\/de\/produkt\/schweineschwanz-2\/\">Hochwertiger gefrorener Schweineschwanz <\/a><a href=\"https:\/\/caso-centro.com\/de\/produkt\/pork-small-intestines\/\">Hochwertiger gefrorener Schweined\u00fcnndarm <\/a><a href=\"https:\/\/caso-centro.com\/de\/produkt\/schweinelende\/\">Hochwertige gefrorene Schweinelende <\/a><a href=\"https:\/\/caso-centro.com\/de\/produkt\/schweineleber\/\">Hochwertige gefrorene Schweineleber <\/a><a href=\"https:\/\/caso-centro.com\/de\/produkt\/schweineschmalz\/\">Hochwertiges gefrorenes Schweineschmalz<\/a><\/p>","protected":false},"excerpt":{"rendered":"<p>Frozen Pork Jowl, Rindless, With Neck Fat and other distinguished pork cuts \u2013 always supplied from Fresh produce at <strong>Caso \u2013 Centro De Abate De Su\u00ednos Do Oeste, SA<\/strong>. Ihre Bestellung wird sorgf\u00e4ltig in einem mit biologisch abbaubarem Schaumstoff isolierten Karton verpackt, zusammen mit K\u00fchlakkus, um die richtige Temperatur zu halten.<\/p>\n<p>Erstklassige Qualit\u00e4t, gesundheitszertifiziert nach 100%, schnelle Lieferung und Rabattpreise. Kontaktieren Sie uns f\u00fcr vollst\u00e4ndige Produktdetails.<\/p>","protected":false},"featured_media":2664,"comment_status":"open","ping_status":"closed","template":"","meta":[],"product_brand":[],"product_cat":[56],"product_tag":[184],"class_list":{"0":"post-2663","1":"product","2":"type-product","3":"status-publish","4":"has-post-thumbnail","6":"product_cat-shoulder-products","7":"product_tag-pork-jowl","9":"first","10":"instock","11":"shipping-taxable","12":"product-type-simple"},"_links":{"self":[{"href":"https:\/\/caso-centro.com\/de\/wp-json\/wp\/v2\/product\/2663","targetHints":{"allow":["GET"]}}],"collection":[{"href":"https:\/\/caso-centro.com\/de\/wp-json\/wp\/v2\/product"}],"about":[{"href":"https:\/\/caso-centro.com\/de\/wp-json\/wp\/v2\/types\/product"}],"replies":[{"embeddable":true,"href":"https:\/\/caso-centro.com\/de\/wp-json\/wp\/v2\/comments?post=2663"}],"wp:featuredmedia":[{"embeddable":true,"href":"https:\/\/caso-centro.com\/de\/wp-json\/wp\/v2\/media\/2664"}],"wp:attachment":[{"href":"https:\/\/caso-centro.com\/de\/wp-json\/wp\/v2\/media?parent=2663"}],"wp:term":[{"taxonomy":"product_brand","embeddable":true,"href":"https:\/\/caso-centro.com\/de\/wp-json\/wp\/v2\/product_brand?post=2663"},{"taxonomy":"product_cat","embeddable":true,"href":"https:\/\/caso-centro.com\/de\/wp-json\/wp\/v2\/product_cat?post=2663"},{"taxonomy":"product_tag","embeddable":true,"href":"https:\/\/caso-centro.com\/de\/wp-json\/wp\/v2\/product_tag?post=2663"}],"curies":[{"name":"wp","href":"https:\/\/api.w.org\/{rel}","templated":true}]}}