{"id":2636,"date":"2024-05-17T22:46:51","date_gmt":"2024-05-17T22:46:51","guid":{"rendered":"https:\/\/caso-centro.com\/?post_type=product&#038;p=2636"},"modified":"2026-05-04T17:28:33","modified_gmt":"2026-05-04T17:28:33","slug":"frozen-pork-front-hocks-machine-cut","status":"publish","type":"product","link":"https:\/\/caso-centro.com\/de\/produkt\/frozen-pork-front-hocks-machine-cut\/","title":{"rendered":"Gefrorene Schweinshaxen, maschinengeschnitten"},"content":{"rendered":"<h1><strong>Gefrorene Schweinshaxen, maschinengeschnitten<\/strong><\/h1>\n<p>Are you interested in Frozen Pork Front Hocks Machine-Cut? At <strong>Caso \u2013 Centro De Abate De Su\u00ednos Do Oeste, SA<\/strong> we are specialized in the trade of high-quality Pork SHOULDER PRODUCTS and other quality\u00a0<a href=\"https:\/\/es.wikipedia.org\/wiki\/Carne_de_cerdo\" target=\"_blank\" rel=\"noopener\">Schweinefleisch<\/a>\u00a0Als internationaler H\u00e4ndler von Schweinefleischprodukten liefern wir alle Qualit\u00e4ts-Schweinefleischst\u00fccke nach Asien, Europa, Afrika, Australien, Nordamerika und S\u00fcdamerika.<\/p>\n<p><strong>Caso \u2013 Centro De Abate De Su\u00ednos Do Oeste, SA<\/strong>. bietet alle Schnitte von hoher Qualit\u00e4t <a href=\"https:\/\/es.wikipedia.org\/wiki\/Carne_de_cerdo\" target=\"_blank\" rel=\"noopener\">Schweinefleisch<\/a>. Our grade A pork front hocks are available all year round. We source our Quality pork front hocks with great care at our\u00a0<a href=\"https:\/\/es.wikipedia.org\/wiki\/Matadero\" target=\"_blank\" rel=\"noopener\"><strong>Schweineschlachth\u00f6fe\u00a0<\/strong>Und<strong>\u00a0Schlachth\u00f6fe<\/strong><\/a>\u00a0where we\u2019ve got a wealth of talented and experienced employees working to serve you the best quality pork front hocks<\/p>\n<p>Pork is the culinary name for the meat of the domestic pig. It is the most commonly consumed meat worldwide, with evidence of pig husbandry dating back to 5000 BC. Pork is eaten both freshly cooked and preserved; curing extends the shelf life of pork products. Ham, smoked pork, gammon, bacon, and sausage are examples of preserved pork.<\/p>\n<p><strong>PRODUKTBESCHREIBUNG, VERPACKUNG &amp; EXPORT<\/strong><br \/>\nProduktkategorie: Rohes Schweinefleisch<br \/>\nType: Frozen Pork Front Hocks, Machine Cut<br \/>\nUrsprungsland: <a href=\"https:\/\/es.wikipedia.org\/wiki\/Espa%C3%B1a\" target=\"_blank\" rel=\"noopener\">Portugal<\/a><br \/>\nMarke\/Fabriknummer: 06-06<br \/>\nBeutel: 30 x 60 cm 58mic vakuumverpackt<br \/>\nKoffer 465 x 265 x 210,51 cm + 3 Trennw\u00e4nde<br \/>\n4 Einheiten pro Karton<br \/>\nGewicht 18,14 kg Koffer<br \/>\nPaletten: 98 Kartons\/Palette<br \/>\nHaltbarkeit: 24 Monate<br \/>\nAufbewahrung: gek\u00fchlt (minus 18 Grad Celsius)<br \/>\nHygienelizenz:\u00a0<a href=\"https:\/\/www.sgs.es\/\" target=\"_blank\" rel=\"noopener\">SGS<\/a>,\u00a0<a href=\"https:\/\/www.ifs-certification.com\/index.php\/es\/\" target=\"_blank\" rel=\"noopener\">IFS<\/a>,\u00a0<a href=\"https:\/\/www.hfsaa.org\/\" target=\"_blank\" rel=\"noopener\">Halal-Lebensmittelzertifizierung<\/a>,\u00a0<a href=\"https:\/\/www.brcgs.com\/\" target=\"_blank\" rel=\"noopener\">BRCGS<\/a>, Und\u00a0<a href=\"https:\/\/interporc.com\/\" target=\"_blank\" rel=\"noopener\">IAWS INTERPORC<\/a>.<\/p>\n<p><strong>PRODUKTSPEZIFIKATION<\/strong><\/p>\n<ul>\n<li>Qualit\u00e4t: Klasse A.<\/li>\n<li>100% frisch und gefroren.<\/li>\n<li>Gut gekleidet und sauber.<\/li>\n<li>Keine Haare<\/li>\n<li>Keine L\u00f6cher<\/li>\n<li>Kein Fett\/keine Verschmutzung.<\/li>\n<li>Eis: &lt;0,3%<\/li>\n<li>Knochenbr\u00fcche unter 1%.<\/li>\n<li>Nachweis von Salmonellen: 0%.<\/li>\n<\/ul>\n<p><a href=\"https:\/\/caso-centro.com\/de\/produkt\/schweineschwanz-2\/\">Hochwertiger gefrorener Schweineschwanz <\/a><a href=\"https:\/\/caso-centro.com\/de\/produkt\/pork-small-intestines\/\">Hochwertiger gefrorener Schweined\u00fcnndarm <\/a><a href=\"https:\/\/caso-centro.com\/de\/produkt\/schweinelende\/\">Hochwertige gefrorene Schweinelende <\/a><a href=\"https:\/\/caso-centro.com\/de\/produkt\/schweineleber\/\">Hochwertige gefrorene Schweineleber <\/a><a href=\"https:\/\/caso-centro.com\/de\/produkt\/schweineschmalz\/\">Hochwertiges gefrorenes Schweineschmalz<\/a><\/p>","protected":false},"excerpt":{"rendered":"<p>Frozen Pork Front Hocks, Machine Cut, and other distinguished pork cuts \u2013 always supplied from Fresh produce at <strong>Caso \u2013 Centro De Abate De Su\u00ednos Do Oeste, SA<\/strong> Your order will be carefully packed in a box insulated with biodegradable foam, along with ice packs to maintain proper temperature.<\/p>\n<p>Erstklassige Qualit\u00e4t, gesundheitszertifiziert nach 100%, schnelle Lieferung und Rabattpreise. Kontaktieren Sie uns f\u00fcr vollst\u00e4ndige Produktdetails.<\/p>","protected":false},"featured_media":2637,"comment_status":"open","ping_status":"closed","template":"","meta":[],"product_brand":[],"product_cat":[56],"product_tag":[188,189,187],"class_list":{"0":"post-2636","1":"product","2":"type-product","3":"status-publish","4":"has-post-thumbnail","6":"product_cat-shoulder-products","7":"product_tag-front-hock-pork","8":"product_tag-frozen-pork-front-hock","9":"product_tag-pork-front-hock","11":"first","12":"instock","13":"shipping-taxable","14":"product-type-simple"},"_links":{"self":[{"href":"https:\/\/caso-centro.com\/de\/wp-json\/wp\/v2\/product\/2636","targetHints":{"allow":["GET"]}}],"collection":[{"href":"https:\/\/caso-centro.com\/de\/wp-json\/wp\/v2\/product"}],"about":[{"href":"https:\/\/caso-centro.com\/de\/wp-json\/wp\/v2\/types\/product"}],"replies":[{"embeddable":true,"href":"https:\/\/caso-centro.com\/de\/wp-json\/wp\/v2\/comments?post=2636"}],"wp:featuredmedia":[{"embeddable":true,"href":"https:\/\/caso-centro.com\/de\/wp-json\/wp\/v2\/media\/2637"}],"wp:attachment":[{"href":"https:\/\/caso-centro.com\/de\/wp-json\/wp\/v2\/media?parent=2636"}],"wp:term":[{"taxonomy":"product_brand","embeddable":true,"href":"https:\/\/caso-centro.com\/de\/wp-json\/wp\/v2\/product_brand?post=2636"},{"taxonomy":"product_cat","embeddable":true,"href":"https:\/\/caso-centro.com\/de\/wp-json\/wp\/v2\/product_cat?post=2636"},{"taxonomy":"product_tag","embeddable":true,"href":"https:\/\/caso-centro.com\/de\/wp-json\/wp\/v2\/product_tag?post=2636"}],"curies":[{"name":"wp","href":"https:\/\/api.w.org\/{rel}","templated":true}]}}