{"id":2634,"date":"2024-05-17T22:44:32","date_gmt":"2024-05-17T22:44:32","guid":{"rendered":"https:\/\/caso-centro.com\/?post_type=product&#038;p=2634"},"modified":"2026-05-06T05:22:46","modified_gmt":"2026-05-06T05:22:46","slug":"spanish-for-pork-chop","status":"publish","type":"product","link":"https:\/\/caso-centro.com\/de\/produkt\/spanisch-fur-schweinekotelett\/","title":{"rendered":"Gefrorenes Schweinevorderteil ohne Backe"},"content":{"rendered":"<h1><strong>Gefrorenes Schweinevorderteil ohne Backe<\/strong><\/h1>\n<p>spanish for pork chop, , Are you interested in Frozen Pork Fore-End Without Jowl? At <strong>Caso \u2013 Centro De Abate De Su\u00ednos Do Oeste, SA<\/strong> we are specialized in the trade of high-quality Pork SHOULDER PRODUCTS and other quality\u00a0<a href=\"https:\/\/es.wikipedia.org\/wiki\/Carne_de_cerdo\" target=\"_blank\" rel=\"noopener\">Schweinefleisch<\/a>\u00a0Als internationaler H\u00e4ndler von Schweinefleischprodukten liefern wir alle Qualit\u00e4ts-Schweinefleischst\u00fccke nach Asien, Europa, Afrika, Australien, Nordamerika und S\u00fcdamerika.<\/p>\n<p><strong>Caso \u2013 Centro De Abate De Su\u00ednos Do Oeste, SA<\/strong> bietet alle Schnitte von hoher Qualit\u00e4t <a href=\"https:\/\/es.wikipedia.org\/wiki\/Carne_de_cerdo\" target=\"_blank\" rel=\"noopener\">Schweinefleisch<\/a>. Our grade A pork fore-end without jowl are available all year round. We source our Quality pork fore-end without jowl with great care at our\u00a0<a href=\"https:\/\/es.wikipedia.org\/wiki\/Matadero\" target=\"_blank\" rel=\"noopener\"><strong>Schweineschlachth\u00f6fe\u00a0<\/strong>Und<strong>\u00a0Schlachth\u00f6fe<\/strong><\/a>\u00a0where we\u2019ve got a wealth of talented and experienced employees working to serve you the best quality pork fore-end without jowl<\/p>\n<p><a href=\"https:\/\/es.wikipedia.org\/wiki\/Carne_de_cerdo\" target=\"_blank\" rel=\"noopener\">Schweinefleisch<\/a>\u00a0is very tasty and approved by all food committees for human consumption. It\u2019s used in a variety of cuisines all around the world. They\u2019re usually fried crispy. They can also be cooked, braised, or roasted. The outside layers of skin get crunchy, while the inside layer of cartilage becomes gelatinous and chewy, thus frying them crispy is a natural choice. The ear\u2019s flavor can be described as sweet, rich pokiness.<\/p>\n<p><strong>PRODUKTBESCHREIBUNG, VERPACKUNG &amp; EXPORT<\/strong><br \/>\nProduktkategorie: Rohes Schweinefleisch<br \/>\nType: Frozen Pork Fore-End Without Jowl<br \/>\nUrsprungsland: <a href=\"https:\/\/es.wikipedia.org\/wiki\/Espa%C3%B1a\" target=\"_blank\" rel=\"noopener\">Portugal<\/a><br \/>\nMarke\/Fabriknummer: 06-06<br \/>\nBeutel: 30 x 60 cm 58mic vakuumverpackt<br \/>\nKoffer 465 x 265 x 210,51 cm + 3 Trennw\u00e4nde<br \/>\n4 Einheiten pro Karton<br \/>\nGewicht 18,14 kg Koffer<br \/>\nPaletten: 98 Kartons\/Palette<br \/>\nHaltbarkeit: 24 Monate<br \/>\nAufbewahrung: gek\u00fchlt (minus 18 Grad Celsius)<br \/>\nHygienelizenz:\u00a0<a href=\"https:\/\/www.sgs.es\/\" target=\"_blank\" rel=\"noopener\">SGS<\/a>,\u00a0<a href=\"https:\/\/www.ifs-certification.com\/index.php\/es\/\" target=\"_blank\" rel=\"noopener\">IFS<\/a>,\u00a0<a href=\"https:\/\/www.hfsaa.org\/\" target=\"_blank\" rel=\"noopener\">Halal-Lebensmittelzertifizierung<\/a>,\u00a0<a href=\"https:\/\/www.brcgs.com\/\" target=\"_blank\" rel=\"noopener\">BRCGS<\/a>, Und\u00a0<a href=\"https:\/\/interporc.com\/\" target=\"_blank\" rel=\"noopener\">IAWS INTERPORC<\/a>.<\/p>\n<p><strong>PRODUKTSPEZIFIKATION<\/strong><\/p>\n<ul>\n<li>Qualit\u00e4t: Klasse A.<\/li>\n<li>100% frisch und gefroren.<\/li>\n<li>Gut gekleidet und sauber.<\/li>\n<li>Keine Haare<\/li>\n<li>Keine L\u00f6cher<\/li>\n<li>Kein Fett\/keine Verschmutzung.<\/li>\n<li>Eis: &lt;0,3%<\/li>\n<li>Knochenbr\u00fcche unter 1%.<\/li>\n<li>Nachweis von Salmonellen: 0%.<\/li>\n<\/ul>\n<p><a href=\"https:\/\/caso-centro.com\/de\/produkt\/schweineschwanz-2\/\">Hochwertiger gefrorener Schweineschwanz <\/a><a href=\"https:\/\/caso-centro.com\/de\/produkt\/pork-small-intestines\/\">Hochwertiger gefrorener Schweined\u00fcnndarm <\/a><a href=\"https:\/\/caso-centro.com\/de\/produkt\/schweinelende\/\">Hochwertige gefrorene Schweinelende <\/a><a href=\"https:\/\/caso-centro.com\/de\/produkt\/schweineleber\/\">Hochwertige gefrorene Schweineleber <\/a><a href=\"https:\/\/caso-centro.com\/de\/produkt\/schweineschmalz\/\">Hochwertiges gefrorenes Schweineschmalz<\/a><\/p>","protected":false},"excerpt":{"rendered":"<p>Frozen Pork Fore-End Without Jowl and other distinguished pork cuts \u2013 always supplied from Fresh produce at <strong>Caso \u2013 Centro De Abate De Su\u00ednos Do Oeste, SA<\/strong>. Ihre Bestellung wird sorgf\u00e4ltig in einem mit biologisch abbaubarem Schaumstoff isolierten Karton verpackt, zusammen mit K\u00fchlakkus, um die richtige Temperatur zu halten.<\/p>\n<p>Erstklassige Qualit\u00e4t, gesundheitszertifiziert nach 100%, schnelle Lieferung und Rabattpreise. Kontaktieren Sie uns f\u00fcr vollst\u00e4ndige Produktdetails.<\/p>","protected":false},"featured_media":2635,"comment_status":"open","ping_status":"closed","template":"","meta":[],"product_brand":[],"product_cat":[56],"product_tag":[190],"class_list":{"0":"post-2634","1":"product","2":"type-product","3":"status-publish","4":"has-post-thumbnail","6":"product_cat-shoulder-products","7":"product_tag-spanish-for-pork-chop","9":"first","10":"instock","11":"shipping-taxable","12":"product-type-simple"},"_links":{"self":[{"href":"https:\/\/caso-centro.com\/de\/wp-json\/wp\/v2\/product\/2634","targetHints":{"allow":["GET"]}}],"collection":[{"href":"https:\/\/caso-centro.com\/de\/wp-json\/wp\/v2\/product"}],"about":[{"href":"https:\/\/caso-centro.com\/de\/wp-json\/wp\/v2\/types\/product"}],"replies":[{"embeddable":true,"href":"https:\/\/caso-centro.com\/de\/wp-json\/wp\/v2\/comments?post=2634"}],"wp:featuredmedia":[{"embeddable":true,"href":"https:\/\/caso-centro.com\/de\/wp-json\/wp\/v2\/media\/2635"}],"wp:attachment":[{"href":"https:\/\/caso-centro.com\/de\/wp-json\/wp\/v2\/media?parent=2634"}],"wp:term":[{"taxonomy":"product_brand","embeddable":true,"href":"https:\/\/caso-centro.com\/de\/wp-json\/wp\/v2\/product_brand?post=2634"},{"taxonomy":"product_cat","embeddable":true,"href":"https:\/\/caso-centro.com\/de\/wp-json\/wp\/v2\/product_cat?post=2634"},{"taxonomy":"product_tag","embeddable":true,"href":"https:\/\/caso-centro.com\/de\/wp-json\/wp\/v2\/product_tag?post=2634"}],"curies":[{"name":"wp","href":"https:\/\/api.w.org\/{rel}","templated":true}]}}