{"id":2594,"date":"2024-05-17T18:59:35","date_gmt":"2024-05-17T18:59:35","guid":{"rendered":"https:\/\/caso-centro.com\/?post_type=product&#038;p=2594"},"modified":"2026-05-04T04:41:25","modified_gmt":"2026-05-04T04:41:25","slug":"frozen-pork-back-bacon-green","status":"publish","type":"product","link":"https:\/\/caso-centro.com\/de\/produkt\/frozen-pork-back-bacon-green\/","title":{"rendered":"Gefrorener Schweiner\u00fcckenspeck gr\u00fcn"},"content":{"rendered":"<h1><strong>Gefrorener Schweiner\u00fcckenspeck gr\u00fcn<\/strong><\/h1>\n<p>Are you interested in Frozen Pork Back Bacon Green ? At\u00a0C\u00c0RNIQUES DE JUI\u00c0, S.A.. we are specialized in the trade of high-quality Pork\u00a0LOIN &amp; BELLY PRODUCTS\u00a0and other quality\u00a0Pork meat\u00a0cuts. As an international trader of pork products, we supply all quality pork cuts to Asia, Europe, Africa, Australia, North America, and South America.<\/p>\n<p>C\u00c0RNIQUES DE JUI\u00c0, S.A. offers all cuts of high-quality\u00a0Pork meat. Our grade A pork back bacon are available all year round. We source our Quality pork back bacon with great care at our\u00a0<strong>Schweineschlachth\u00f6fe\u00a0<\/strong>Und<strong>\u00a0Schlachth\u00f6fe<\/strong>\u00a0where we\u2019ve got a wealth of talented and experienced employees working to serve you the best quality pork back bacon<\/p>\n<p>Pork meat\u00a0is very tasty and approved by all food committees for human consumption. It\u2019s used in a variety of cuisines all around the world. Pork is the culinary name for the meat of the domestic pig. It is the most commonly consumed meat worldwide, with evidence of pig husbandry dating back to 5000 BC. Pork is eaten both freshly cooked and preserved; Curing extends the shelf life of pork products. Ham, smoked pork, gammon, bacon, and sausage are examples of preserved pork.<\/p>\n<p><strong>PRODUKTBESCHREIBUNG, VERPACKUNG &amp; EXPORT<\/strong><\/p>\n<p>Produktkategorie: Rohes Schweinefleisch<\/p>\n<p>Type: Frozen Pork Back Bacon Green<\/p>\n<p>Ursprungsland: <a href=\"https:\/\/es.wikipedia.org\/wiki\/Espa%C3%B1a\" target=\"_blank\" rel=\"noopener\">Portugal<\/a><\/p>\n<p>Marke\/Fabriknummer: 06-06<\/p>\n<p>Beutel: 30 x 60 cm 58mic vakuumverpackt<\/p>\n<p>Koffer 465 x 265 x 210,51 cm + 3 Trennw\u00e4nde<\/p>\n<p>4 Einheiten pro Karton<\/p>\n<p>Gewicht 18,14 kg Koffer<\/p>\n<p>Paletten: 98 Kartons\/Palette<\/p>\n<p>Haltbarkeit: 24 Monate<\/p>\n<p>Aufbewahrung: gek\u00fchlt (minus 18 Grad Celsius)<\/p>\n<p>Hygiene license:\u00a0SGS,\u00a0IFS,\u00a0Halal food certification,\u00a0BRCGS, and\u00a0IAWS INTERPORC.<\/p>\n<p><strong>PRODUKTSPEZIFIKATION<\/strong><\/p>\n<ul>\n<li>Qualit\u00e4t: Klasse A.<\/li>\n<li>100% frisch und gefroren.<\/li>\n<li>Gut gekleidet und sauber.<\/li>\n<li>Keine Haare<\/li>\n<li>Keine L\u00f6cher<\/li>\n<li>Kein Fett\/keine Verschmutzung.<\/li>\n<li>Eis: &lt;0,3%<\/li>\n<li>Knochenbr\u00fcche unter 1%.<\/li>\n<li>Nachweis von Salmonellen: 0%.<\/li>\n<\/ul>","protected":false},"excerpt":{"rendered":"<p>Frozen Pork Back Bacon Green and other distinguished pork cuts \u2013 always supplied from Fresh produce at C\u00c0RNIQUES DE JUI\u00c0, S.A. Your order will be carefully packed in a box insulated with biodegradable foam, along with ice packs to maintain proper temperature.<\/p>\n<p>Erstklassige Qualit\u00e4t, gesundheitszertifiziert nach 100%, schnelle Lieferung und Rabattpreise. Kontaktieren Sie uns f\u00fcr vollst\u00e4ndige Produktdetails.<\/p>","protected":false},"featured_media":3081,"comment_status":"open","ping_status":"closed","template":"","meta":[],"product_brand":[],"product_cat":[57],"product_tag":[],"class_list":{"0":"post-2594","1":"product","2":"type-product","3":"status-publish","4":"has-post-thumbnail","6":"product_cat-loin-belly-products","8":"first","9":"instock","10":"shipping-taxable","11":"product-type-simple"},"_links":{"self":[{"href":"https:\/\/caso-centro.com\/de\/wp-json\/wp\/v2\/product\/2594","targetHints":{"allow":["GET"]}}],"collection":[{"href":"https:\/\/caso-centro.com\/de\/wp-json\/wp\/v2\/product"}],"about":[{"href":"https:\/\/caso-centro.com\/de\/wp-json\/wp\/v2\/types\/product"}],"replies":[{"embeddable":true,"href":"https:\/\/caso-centro.com\/de\/wp-json\/wp\/v2\/comments?post=2594"}],"wp:featuredmedia":[{"embeddable":true,"href":"https:\/\/caso-centro.com\/de\/wp-json\/wp\/v2\/media\/3081"}],"wp:attachment":[{"href":"https:\/\/caso-centro.com\/de\/wp-json\/wp\/v2\/media?parent=2594"}],"wp:term":[{"taxonomy":"product_brand","embeddable":true,"href":"https:\/\/caso-centro.com\/de\/wp-json\/wp\/v2\/product_brand?post=2594"},{"taxonomy":"product_cat","embeddable":true,"href":"https:\/\/caso-centro.com\/de\/wp-json\/wp\/v2\/product_cat?post=2594"},{"taxonomy":"product_tag","embeddable":true,"href":"https:\/\/caso-centro.com\/de\/wp-json\/wp\/v2\/product_tag?post=2594"}],"curies":[{"name":"wp","href":"https:\/\/api.w.org\/{rel}","templated":true}]}}